{"id":37180,"date":"2023-11-01T14:36:00","date_gmt":"2023-11-01T12:36:00","guid":{"rendered":"https:\/\/expat-assurance.com\/?page_id=37180"},"modified":"2024-04-19T17:53:29","modified_gmt":"2024-04-19T14:53:29","slug":"politique-cookies","status":"publish","type":"page","link":"https:\/\/expat-assurance.com\/fr\/politique-cookies\/","title":{"rendered":"Politique Relative Aux Cookies"},"content":{"rendered":"<p style=\"color: #31345c;\">Les cookies sont tr\u00e8s pratiques, pour vous comme pour nous. Dans cette politique, nous vous expliquons pourquoi nous utilisons des cookies, lesquels nous utilisons et surtout, comment ces cookies permettent de rendre votre navigation plus agr\u00e9able.<\/p>\n<h2>1. Qu\u2019est-ce qu\u2019un cookie ?<\/h2>\n<p class=\"p1\">Un cookie est un petit fichier texte enregistr\u00e9 et\/ou lu par votre navigateur, sur le disque dur de votre terminal, qui permet d\u2019obtenir des informations relatives \u00e0 votre navigation sur notre site internet.<\/p>\n<h3><span class=\"s2\">Cookies n\u00e9cessaires<\/span>\u00a0:<\/h3>\n<p class=\"p1\">Certains permettent ou facilitent votre navigation sur notre site, ce sont les cookies techniques tandis que d\u2019autres sont n\u00e9cessaires pour que le site soit fonctionnel, ce sont les cookies de fonctionnalit\u00e9. Les cookies n\u00e9cessaires ne peuvent pas \u00eatre d\u00e9sactiv\u00e9s car ils sont indispensables au fonctionnement du site.<\/p>\n<h3><span class=\"s2\">Cookies non n\u00e9cessaires\u00a0:<\/span><\/h3>\n<p class=\"p1\">Ils n\u2019influencent ni la qualit\u00e9 de votre navigation, ni les fonctionnalit\u00e9s \u00e9l\u00e9mentaires du site. Ce sont les cookies publicitaires ou de ciblage et ceux li\u00e9s aux performances du site. Nous ou nos partenaires les d\u00e9posons toujours avec votre consentement explicite.<\/p>\n<h3 class=\"p1\">Quelle est la dur\u00e9e de vie d\u2019un cookie\u00a0?<\/h3>\n<p class=\"p1\"><b>Certains cookies sont dits \u00ab\u00a0de session\u00a0\u00bb<\/b>, ils disparaissent d\u00e8s que vous quittez le site.\u00a0<b>D\u2019autres cookies sont dits \u00ab\u00a0persistants\u00a0\u00bb<\/b>, ils demeurent sur votre terminal jusqu\u2019\u00e0 leur expiration ou jusqu\u2019\u00e0 ce que vous les supprimiez \u00e0 l\u2019aide des fonctionnalit\u00e9s de votre navigateur.<\/p>\n<h2>2. A quoi servent les cookies ?<\/h2>\n<p class=\"p1\">Les cookies permettent\u00a0:<\/p>\n<ul class=\"ul1\">\n<li class=\"li1\"><b>Le bon fonctionnement du site et de nos services<\/b> en m\u00e9morisant vos pr\u00e9f\u00e9rences quant \u00e0 l\u2019utilisation des cookies ou en assurant la s\u00e9curit\u00e9 sur notre site par exemple.<\/li>\n<li class=\"li1\"><b>L\u2019am\u00e9lioration de la navigation et de l\u2019exp\u00e9rience<\/b>\u00a0en utilisant votre langue\u00a0par exemple, ou en vous proposant des contenus personnalis\u00e9s.<\/li>\n<li class=\"li1\"><b>L\u2019am\u00e9lioration des interactions avec vos r\u00e9seaux sociaux<\/b>, tels que LinkedIn ou Facebook.<b> <\/b><\/li>\n<li class=\"li1\"><b>L\u2019analyse de l\u2019utilisation du site et de sa fr\u00e9quentation<\/b> afin de nous aider \u00e0 comprendre les performances de notre site.<\/li>\n<\/ul>\n<h2>3. Quels sont les cookies que nous utilisons ?<\/h2>\n<p><strong>Cookies techniques et de fonctionnalit\u00e9 (n\u00e9cessaires)<\/strong><\/p>\n\n\n<figure class=\"wp-block-table\"><table><tbody><tr><td><strong><strong style=\"font-weight: 600; color: #000 !important;\">Nom<\/strong><\/strong><\/td><td><strong style=\"font-weight: 600; color: #000 !important;\">Description<\/strong><\/td><td><strong style=\"font-weight: 600; color: #000 !important;\">Domaines<\/strong><\/td><td><strong style=\"font-weight: 600; color: #000 !important;\">Dur\u00e9e de vie<\/strong><\/td><\/tr><tr><td>WPML<\/td><td>Enregistre la langue de l&#8217;utilisateur et peut le rediriger vers la version du site Web qui correspond \u00e0 la langue du navigateur.<\/td><td>.expat-assurance.com<\/td><td>1 jour, session, aucune expiration,<\/td><\/tr><tr><td>Elementor<\/td><td>Enregistre le nombre de pages vues et les sessions actives de l&#8217;utilisateur.<\/td><td>.expat-assurance.com<\/td><td>Session<\/td><\/tr><tr><td>Cloudflare<\/td><td>Prot\u00e8ge les sites Web contre le trafic malveillant, utilis\u00e9 pour identifier de mani\u00e8re unique l&#8217;utilisateur.<\/td><td>.expat-assurance.com<\/td><td>Session, 30 minutes, 1 minute, 1 jour<\/td><\/tr><tr><td>Real Cookie banner<\/td><td>Enregistre les pr\u00e9f\u00e9rences des cookies et le consentement des utilisateurs.<\/td><td>.expat-assurance.com<\/td><td>365 jours<\/td><\/tr><tr><td>Google Tag Manager<\/td><td>G\u00e8re des balises Google pour d\u00e9clencher des scripts tiers ou envoyer des donn\u00e9es \u00e0 un service tiers.<\/td><td>.google.com<\/td><td>Session<\/td><\/tr><tr><td>YouTube<\/td><td>Int\u00e9gration de contenu publi\u00e9 sur youtube.com dans les sites Web pour enrichir les sites Web avec des vid\u00e9os.<\/td><td>.youtube.com<\/td><td>Session, 1 jour, 6 mois, 9 mois, 1 an, 13 mois<\/td><\/tr><tr><td>Google maps<\/td><td>nt\u00e9gration de cartes directement dans les sites Web pour les am\u00e9liorer.<\/td><td>.google.com<\/td><td>6 mois, 1 an, 13 mois<\/td><\/tr><tr><td>Google fonts<\/td><td>Int\u00e9gration de polices dans les sites Web pour les am\u00e9liorer sans installer les polices sur votre appareil.<\/td><td>.google.com<\/td><td><\/td><\/tr><tr><td>Facebook<\/td><td>Int\u00e9gration de contenu publi\u00e9 sur facebook.com su les sites Web pour les am\u00e9liorer.<\/td><td>.facebook.com<\/td><td>Session, 1 jour, 2 ans, 3 mois, 7 jours, 1 an, 13 mois<\/td><\/tr><tr><td>Google reCAPTCHA<\/td><td>Solution pour emp\u00eacher le spam et d\u00e9tecter les robots<\/td><td>.google.com<\/td><td>Session, 1 jour, 6 mois, 1 an, 13 mois<\/td><\/tr><\/tbody><\/table><\/figure>\n\n\n\n<p><\/p>\n\n\n\n<p><strong>Cookies de personnalisation et de performance (non n\u00e9cessaires)<\/strong><\/p>\n\n\n\n<figure class=\"wp-block-table\"><table><tbody><tr><td><strong style=\"font-weight: 600; color: #000 !important;\">Nom<\/strong><\/td><td><strong style=\"font-weight: 600; color: #000 !important;\">Description<\/strong><\/td><td><strong style=\"font-weight: 600; color: #000 !important;\">Domaines<\/strong><\/td><td><strong style=\"font-weight: 600; color: #000 !important;\">Dur\u00e9e de vie<\/strong><\/td><\/tr><tr><td>Google Analytics<\/td><td>Cr\u00e9e des statistiques d\u00e9taill\u00e9es sur le comportement des utilisateurs sur le site<\/td><td>.expat-assurance.com<\/td><td>24 mois<\/td><\/tr><tr><td>HubSpot<\/td><td>Enregistre les sessions et ajuste les donn\u00e9es de session, suivi des visiteurs<\/td><td>hubspot.com<\/td><td>5 mois<\/td><\/tr><tr><td>Facebook<\/td><td>Int\u00e9gration des pages Facebook \/ des boutons de partage et de like dans les sites web pour am\u00e9liorer le site.<\/td><td>.facebook.com<\/td><td>1 an, 7 jours, 1 an, 13 mois<\/td><\/tr><\/tbody><\/table><\/figure>\n\n\n\n<h2 class=\"wp-block-heading\" id=\"h-4-comment-gerer-vos-cookies\">4. Comment g\u00e9rer vos cookies&nbsp;?&nbsp;<\/h2>\n\n\n\n<p>La plupart des navigateurs vous permettent de refuser les cookies. Les m\u00e9thodes pour ce faire varient d\u2019un navigateur \u00e0 l\u2019autre, et d\u2019une version \u00e0 l\u2019autre.&nbsp;<\/p>\n\n\n\n<ul>\n<li><a target=\"_blank\" href=\"https:\/\/support.google.com\/accounts\/answer\/61416?co=GENIE.Platform=Desktop&amp;hl=fr\" rel=\"noopener\">Google Chrome<\/a><\/li>\n\n\n\n<li><a target=\"_blank\" href=\"https:\/\/support.mozilla.org\/fr\/kb\/protection-renforcee-contre-pistage-firefox-ordinateur?redirectslug=activer-desactiver-cookies-preferences&amp;redirectlocale=fr\" rel=\"noopener\">Mozilla Firefox<\/a><\/li>\n\n\n\n<li><a target=\"_blank\" href=\"https:\/\/help.opera.com\/en\/latest\/web-preferences\/\" rel=\"noopener\">Opera<\/a><\/li>\n\n\n\n<li><a target=\"_blank\" href=\"https:\/\/support.microsoft.com\/fr-fr\/windows\/supprimer-et-g%25C3%25A9rer-les-cookies-168dab11-0753-043d-7c16-ede5947fc64d\" rel=\"noopener\">Internet explorer<\/a><\/li>\n\n\n\n<li><a target=\"_blank\" href=\"https:\/\/support.apple.com\/fr-fr\/guide\/safari\/ibrw850f6c51\/mac\" rel=\"noopener\">Safari<\/a><\/li>\n\n\n\n<li><a target=\"_blank\" href=\"https:\/\/support.microsoft.com\/fr-fr\/windows\/microsoft-edge-donn%25C3%25A9es-de-navigation-et-confidentialit%25C3%25A9-bb8174ba-9d73-dcf2-9b4a-c582b4e640dd\" rel=\"noopener\">Microsoft Edge<\/a><\/li>\n<\/ul>\n\n\n\n<p>Le param\u00e9trage de votre navigateur pour refuser ou restreindre l\u2019utilisation des cookies est susceptible de limiter ou restreindre l\u2019acc\u00e8s \u00e0 certains services, pages ou contenus, et \u00e0 certaines fonctionnalit\u00e9s de notre site.<\/p>\n\n\n<p><style>.singePostHubspotSection,.relatedPostsSection,.stickySection{display:none!important}<\/style>\n<\/p>","protected":false},"excerpt":{"rendered":"<p>Les cookies sont tr\u00e8s pratiques, pour vous comme pour nous. Dans cette politique, nous vous expliquons pourquoi nous utilisons des cookies, lesquels nous utilisons et surtout, comment ces cookies permettent de rendre votre navigation plus agr\u00e9able. 1. Qu\u2019est-ce qu\u2019un cookie ? Un cookie est un petit fichier texte enregistr\u00e9 et\/ou lu par votre navigateur, sur [&hellip;]<\/p>\n","protected":false},"author":5,"featured_media":0,"parent":0,"menu_order":0,"comment_status":"closed","ping_status":"closed","template":"","meta":{"footnotes":""},"acf":[],"yoast_head":"<!-- This site is optimized with the Yoast SEO Premium plugin v20.9 (Yoast SEO v24.5) - https:\/\/yoast.com\/wordpress\/plugins\/seo\/ -->\n<title>Politique Relative Aux Cookies - Expat Assurance<\/title>\n<meta name=\"robots\" content=\"index, follow, max-snippet:-1, max-image-preview:large, max-video-preview:-1\" \/>\n<link rel=\"canonical\" href=\"https:\/\/expat-assurance.com\/fr\/politique-cookies\/\" \/>\n<meta property=\"og:locale\" content=\"fr_FR\" \/>\n<meta property=\"og:type\" content=\"article\" \/>\n<meta property=\"og:title\" content=\"Politique Relative Aux Cookies\" \/>\n<meta property=\"og:description\" content=\"Les cookies sont tr\u00e8s pratiques, pour vous comme pour nous. Dans cette politique, nous vous expliquons pourquoi nous utilisons des cookies, lesquels nous utilisons et surtout, comment ces cookies permettent de rendre votre navigation plus agr\u00e9able. 1. Qu\u2019est-ce qu\u2019un cookie ? Un cookie est un petit fichier texte enregistr\u00e9 et\/ou lu par votre navigateur, sur [&hellip;]\" \/>\n<meta property=\"og:url\" content=\"https:\/\/expat-assurance.com\/fr\/politique-cookies\/\" \/>\n<meta property=\"og:site_name\" content=\"Expat Assurance\" \/>\n<meta property=\"article:publisher\" content=\"http:\/\/www.facebook.com\/expatassurance\/\" \/>\n<meta property=\"article:modified_time\" content=\"2024-04-19T14:53:29+00:00\" \/>\n<meta property=\"og:image\" content=\"https:\/\/expat-assurance.com\/wp-content\/uploads\/2019\/04\/Logo-EA-Sticker.jpg\" \/>\n\t<meta property=\"og:image:width\" content=\"1200\" \/>\n\t<meta property=\"og:image:height\" content=\"630\" \/>\n\t<meta property=\"og:image:type\" content=\"image\/jpeg\" \/>\n<meta name=\"twitter:card\" content=\"summary_large_image\" \/>\n<meta name=\"twitter:label1\" content=\"Est. reading time\" \/>\n\t<meta name=\"twitter:data1\" content=\"4 minutes\" \/>\n<script type=\"application\/ld+json\" class=\"yoast-schema-graph\">{\"@context\":\"https:\/\/schema.org\",\"@graph\":[{\"@type\":\"WebPage\",\"@id\":\"https:\/\/expat-assurance.com\/fr\/politique-cookies\/\",\"url\":\"https:\/\/expat-assurance.com\/fr\/politique-cookies\/\",\"name\":\"Politique Relative Aux Cookies - Expat Assurance\",\"isPartOf\":{\"@id\":\"https:\/\/expat-assurance.com\/fr\/#website\"},\"datePublished\":\"2023-11-01T12:36:00+00:00\",\"dateModified\":\"2024-04-19T14:53:29+00:00\",\"breadcrumb\":{\"@id\":\"https:\/\/expat-assurance.com\/fr\/politique-cookies\/#breadcrumb\"},\"inLanguage\":\"fr\",\"potentialAction\":[{\"@type\":\"ReadAction\",\"target\":[\"https:\/\/expat-assurance.com\/fr\/politique-cookies\/\"]}]},{\"@type\":\"BreadcrumbList\",\"@id\":\"https:\/\/expat-assurance.com\/fr\/politique-cookies\/#breadcrumb\",\"itemListElement\":[{\"@type\":\"ListItem\",\"position\":1,\"name\":\"Expat Assurance\",\"item\":\"https:\/\/expat-assurance.com\/fr\/\"},{\"@type\":\"ListItem\",\"position\":2,\"name\":\"Politique Relative Aux Cookies\"}]},{\"@type\":\"WebSite\",\"@id\":\"https:\/\/expat-assurance.com\/fr\/#website\",\"url\":\"https:\/\/expat-assurance.com\/fr\/\",\"name\":\"Expat Assurance\",\"description\":\"Expert de l&#039;assurance sant\u00e9 pour expatri\u00e9s sur le continent Am\u00e9ricain.\",\"publisher\":{\"@id\":\"https:\/\/expat-assurance.com\/fr\/#organization\"},\"potentialAction\":[{\"@type\":\"SearchAction\",\"target\":{\"@type\":\"EntryPoint\",\"urlTemplate\":\"https:\/\/expat-assurance.com\/fr\/?s={search_term_string}\"},\"query-input\":{\"@type\":\"PropertyValueSpecification\",\"valueRequired\":true,\"valueName\":\"search_term_string\"}}],\"inLanguage\":\"fr\"},{\"@type\":\"Organization\",\"@id\":\"https:\/\/expat-assurance.com\/fr\/#organization\",\"name\":\"Expat Assurance\",\"url\":\"https:\/\/expat-assurance.com\/fr\/\",\"logo\":{\"@type\":\"ImageObject\",\"inLanguage\":\"fr\",\"@id\":\"https:\/\/expat-assurance.com\/fr\/#\/schema\/logo\/image\/\",\"url\":\"https:\/\/expat-assurance.com\/wp-content\/uploads\/2020\/11\/expat-logo.svg\",\"contentUrl\":\"https:\/\/expat-assurance.com\/wp-content\/uploads\/2020\/11\/expat-logo.svg\",\"width\":1,\"height\":1,\"caption\":\"Expat Assurance\"},\"image\":{\"@id\":\"https:\/\/expat-assurance.com\/fr\/#\/schema\/logo\/image\/\"},\"sameAs\":[\"http:\/\/www.facebook.com\/expatassurance\/\"]}]}<\/script>\n<!-- \/ Yoast SEO Premium plugin. -->","yoast_head_json":{"title":"Politique Relative Aux Cookies - Expat Assurance","robots":{"index":"index","follow":"follow","max-snippet":"max-snippet:-1","max-image-preview":"max-image-preview:large","max-video-preview":"max-video-preview:-1"},"canonical":"https:\/\/expat-assurance.com\/fr\/politique-cookies\/","og_locale":"fr_FR","og_type":"article","og_title":"Politique Relative Aux Cookies","og_description":"Les cookies sont tr\u00e8s pratiques, pour vous comme pour nous. Dans cette politique, nous vous expliquons pourquoi nous utilisons des cookies, lesquels nous utilisons et surtout, comment ces cookies permettent de rendre votre navigation plus agr\u00e9able. 1. Qu\u2019est-ce qu\u2019un cookie ? Un cookie est un petit fichier texte enregistr\u00e9 et\/ou lu par votre navigateur, sur [&hellip;]","og_url":"https:\/\/expat-assurance.com\/fr\/politique-cookies\/","og_site_name":"Expat Assurance","article_publisher":"http:\/\/www.facebook.com\/expatassurance\/","article_modified_time":"2024-04-19T14:53:29+00:00","og_image":[{"width":1200,"height":630,"url":"https:\/\/expat-assurance.com\/wp-content\/uploads\/2019\/04\/Logo-EA-Sticker.jpg","type":"image\/jpeg"}],"twitter_card":"summary_large_image","twitter_misc":{"Est. reading time":"4 minutes"},"schema":{"@context":"https:\/\/schema.org","@graph":[{"@type":"WebPage","@id":"https:\/\/expat-assurance.com\/fr\/politique-cookies\/","url":"https:\/\/expat-assurance.com\/fr\/politique-cookies\/","name":"Politique Relative Aux Cookies - Expat Assurance","isPartOf":{"@id":"https:\/\/expat-assurance.com\/fr\/#website"},"datePublished":"2023-11-01T12:36:00+00:00","dateModified":"2024-04-19T14:53:29+00:00","breadcrumb":{"@id":"https:\/\/expat-assurance.com\/fr\/politique-cookies\/#breadcrumb"},"inLanguage":"fr","potentialAction":[{"@type":"ReadAction","target":["https:\/\/expat-assurance.com\/fr\/politique-cookies\/"]}]},{"@type":"BreadcrumbList","@id":"https:\/\/expat-assurance.com\/fr\/politique-cookies\/#breadcrumb","itemListElement":[{"@type":"ListItem","position":1,"name":"Expat Assurance","item":"https:\/\/expat-assurance.com\/fr\/"},{"@type":"ListItem","position":2,"name":"Politique Relative Aux Cookies"}]},{"@type":"WebSite","@id":"https:\/\/expat-assurance.com\/fr\/#website","url":"https:\/\/expat-assurance.com\/fr\/","name":"Expat Assurance","description":"Expert de l&#039;assurance sant\u00e9 pour expatri\u00e9s sur le continent Am\u00e9ricain.","publisher":{"@id":"https:\/\/expat-assurance.com\/fr\/#organization"},"potentialAction":[{"@type":"SearchAction","target":{"@type":"EntryPoint","urlTemplate":"https:\/\/expat-assurance.com\/fr\/?s={search_term_string}"},"query-input":{"@type":"PropertyValueSpecification","valueRequired":true,"valueName":"search_term_string"}}],"inLanguage":"fr"},{"@type":"Organization","@id":"https:\/\/expat-assurance.com\/fr\/#organization","name":"Expat Assurance","url":"https:\/\/expat-assurance.com\/fr\/","logo":{"@type":"ImageObject","inLanguage":"fr","@id":"https:\/\/expat-assurance.com\/fr\/#\/schema\/logo\/image\/","url":"https:\/\/expat-assurance.com\/wp-content\/uploads\/2020\/11\/expat-logo.svg","contentUrl":"https:\/\/expat-assurance.com\/wp-content\/uploads\/2020\/11\/expat-logo.svg","width":1,"height":1,"caption":"Expat Assurance"},"image":{"@id":"https:\/\/expat-assurance.com\/fr\/#\/schema\/logo\/image\/"},"sameAs":["http:\/\/www.facebook.com\/expatassurance\/"]}]}},"_links":{"self":[{"href":"https:\/\/expat-assurance.com\/fr\/wp-json\/wp\/v2\/pages\/37180"}],"collection":[{"href":"https:\/\/expat-assurance.com\/fr\/wp-json\/wp\/v2\/pages"}],"about":[{"href":"https:\/\/expat-assurance.com\/fr\/wp-json\/wp\/v2\/types\/page"}],"author":[{"embeddable":true,"href":"https:\/\/expat-assurance.com\/fr\/wp-json\/wp\/v2\/users\/5"}],"replies":[{"embeddable":true,"href":"https:\/\/expat-assurance.com\/fr\/wp-json\/wp\/v2\/comments?post=37180"}],"version-history":[{"count":10,"href":"https:\/\/expat-assurance.com\/fr\/wp-json\/wp\/v2\/pages\/37180\/revisions"}],"predecessor-version":[{"id":40680,"href":"https:\/\/expat-assurance.com\/fr\/wp-json\/wp\/v2\/pages\/37180\/revisions\/40680"}],"wp:attachment":[{"href":"https:\/\/expat-assurance.com\/fr\/wp-json\/wp\/v2\/media?parent=37180"}],"curies":[{"name":"wp","href":"https:\/\/api.w.org\/{rel}","templated":true}]}}