{"id":2579,"date":"2017-12-18T11:16:28","date_gmt":"2017-12-18T17:16:28","guid":{"rendered":"https:\/\/expat-assurance.com\/?page_id=2579"},"modified":"2021-08-03T13:03:25","modified_gmt":"2021-08-03T10:03:25","slug":"parrainer-un-proche","status":"publish","type":"page","link":"https:\/\/expat-assurance.com\/fr\/parrainer-un-proche\/","title":{"rendered":"Parrainer un proche"},"content":{"rendered":"<h2>Parrainez vos proches<\/h2>\n<p>Expat Assurance a mis en place un syst\u00e8me de <strong>parrainage<\/strong> pour r\u00e9compenser les clients qui recommandent nos solutions et services \u00e0 leurs proches.<\/p>\n<p><strong>L&#8217;assurance maladie<\/strong> est une question de confiance. Nous avons donc tendance \u00e0 \u00e9couter les <strong>conseils donn\u00e9s par nos amis<\/strong> et notre famille.<\/p>\n\t\t<div data-elementor-type=\"section\" data-elementor-id=\"17174\" class=\"elementor elementor-17174\">\n\t\t\t\t\t<div class=\"elementor-section-wrap\">\n\t\t\t\t\t\t\t\t<section class=\"elementor-section elementor-top-section elementor-element elementor-element-0048208 elementor-section-height-min-height tarrifs-new-section breakoutBlueSection elementor-section-items-stretch elementor-section-boxed elementor-section-height-default\" data-id=\"0048208\" data-element_type=\"section\" data-settings=\"{&quot;background_background&quot;:&quot;gradient&quot;}\">\n\t\t\t\t\t\t\t<div class=\"elementor-background-overlay\"><\/div>\n\t\t\t\t\t\t\t<div class=\"elementor-container elementor-column-gap-default\">\n\t\t\t\t\t\t\t<div class=\"elementor-row\">\n\t\t\t\t\t<div class=\"elementor-column elementor-col-50 elementor-top-column elementor-element elementor-element-8db35ce\" data-id=\"8db35ce\" data-element_type=\"column\" data-settings=\"{&quot;background_background&quot;:&quot;slideshow&quot;,&quot;background_slideshow_gallery&quot;:[],&quot;background_slideshow_loop&quot;:&quot;yes&quot;,&quot;background_slideshow_slide_duration&quot;:5000,&quot;background_slideshow_slide_transition&quot;:&quot;fade&quot;,&quot;background_slideshow_transition_duration&quot;:500}\">\n\t\t\t<div class=\"elementor-column-wrap elementor-element-populated\">\n\t\t\t\t\t\t\t<div class=\"elementor-widget-wrap\">\n\t\t\t\t\t\t<div class=\"elementor-element elementor-element-0a8a550 titlebeforeLineBlock elementor-hidden-mobile elementor-widget-divider--view-line elementor-widget elementor-widget-divider\" data-id=\"0a8a550\" data-element_type=\"widget\" data-widget_type=\"divider.default\">\n\t\t\t\t<div class=\"elementor-widget-container\">\n\t\t\t\t\t<div class=\"elementor-divider\">\n\t\t\t<span class=\"elementor-divider-separator\">\n\t\t\t\t\t\t<\/span>\n\t\t<\/div>\n\t\t\t\t<\/div>\n\t\t\t\t<\/div>\n\t\t\t\t<div class=\"elementor-element elementor-element-573e37a breakoutTitleBlock elementor-widget elementor-widget-heading\" data-id=\"573e37a\" data-element_type=\"widget\" data-widget_type=\"heading.default\">\n\t\t\t\t<div class=\"elementor-widget-container\">\n\t\t\t<h3 class=\"elementor-heading-title elementor-size-default\">Fini la gal\u00e8re avec votre assurance sant\u00e9 \u00e0 l\u2019\u00e9tranger!<\/h3>\t\t<\/div>\n\t\t\t\t<\/div>\n\t\t\t\t<div class=\"elementor-element elementor-element-002700b traficBenefitsListBlock elementor-icon-list--layout-traditional elementor-list-item-link-full_width elementor-widget elementor-widget-icon-list\" data-id=\"002700b\" data-element_type=\"widget\" data-widget_type=\"icon-list.default\">\n\t\t\t\t<div class=\"elementor-widget-container\">\n\t\t\t\t\t<ul class=\"elementor-icon-list-items\">\n\t\t\t\t\t\t\t<li class=\"elementor-icon-list-item\">\n\t\t\t\t\t\t\t\t\t\t\t<span class=\"elementor-icon-list-icon\">\n\t\t\t\t\t\t\t<i aria-hidden=\"true\" class=\"fas fa-square-full\"><\/i>\t\t\t\t\t\t<\/span>\n\t\t\t\t\t\t\t\t\t\t<span class=\"elementor-icon-list-text\">Notre expert vous aide \u00e0 choisir la meilleure assurance sant\u00e9 internationale<\/span>\n\t\t\t\t\t\t\t\t\t<\/li>\n\t\t\t\t\t\t<\/ul>\n\t\t\t\t<\/div>\n\t\t\t\t<\/div>\n\t\t\t\t<div class=\"elementor-element elementor-element-51e2acf traficBenefitsListBlock elementor-icon-list--layout-traditional elementor-list-item-link-full_width elementor-widget elementor-widget-icon-list\" data-id=\"51e2acf\" data-element_type=\"widget\" data-widget_type=\"icon-list.default\">\n\t\t\t\t<div class=\"elementor-widget-container\">\n\t\t\t\t\t<ul class=\"elementor-icon-list-items\">\n\t\t\t\t\t\t\t<li class=\"elementor-icon-list-item\">\n\t\t\t\t\t\t\t\t\t\t\t<span class=\"elementor-icon-list-icon\">\n\t\t\t\t\t\t\t<i aria-hidden=\"true\" class=\"fas fa-square-full\"><\/i>\t\t\t\t\t\t<\/span>\n\t\t\t\t\t\t\t\t\t\t<span class=\"elementor-icon-list-text\">Rejoignez les 5000 familles d\u2019expatri\u00e9s fran\u00e7ais qui nous font confiance<\/span>\n\t\t\t\t\t\t\t\t\t<\/li>\n\t\t\t\t\t\t<\/ul>\n\t\t\t\t<\/div>\n\t\t\t\t<\/div>\n\t\t\t\t<div class=\"elementor-element elementor-element-0406628 elementor-hidden-mobile elementor-widget-divider--view-line elementor-widget elementor-widget-divider\" data-id=\"0406628\" data-element_type=\"widget\" data-widget_type=\"divider.default\">\n\t\t\t\t<div class=\"elementor-widget-container\">\n\t\t\t\t\t<div class=\"elementor-divider\">\n\t\t\t<span class=\"elementor-divider-separator\">\n\t\t\t\t\t\t<\/span>\n\t\t<\/div>\n\t\t\t\t<\/div>\n\t\t\t\t<\/div>\n\t\t\t\t<div class=\"elementor-element elementor-element-622ca86 elementor-star-rating--align-left breakoutRatingBlock elementor--star-style-star_fontawesome elementor-widget elementor-widget-star-rating\" data-id=\"622ca86\" data-element_type=\"widget\" data-widget_type=\"star-rating.default\">\n\t\t\t\t<div class=\"elementor-widget-container\">\n\t\t\t\n\t\t<div class=\"elementor-star-rating__wrapper\">\n\t\t\t\t\t\t\t<div class=\"elementor-star-rating__title\">Satisfaction client:<\/div>\n\t\t\t\t\t\t<div class=\"elementor-star-rating\" title=\"4.7\/5\" itemtype=\"http:\/\/schema.org\/Rating\" itemscope=\"\" itemprop=\"reviewRating\"><i class=\"elementor-star-full\">&#xE933;<\/i><i class=\"elementor-star-full\">&#xE933;<\/i><i class=\"elementor-star-full\">&#xE933;<\/i><i class=\"elementor-star-full\">&#xE933;<\/i><i class=\"elementor-star-7\">&#xE933;<\/i> <span itemprop=\"ratingValue\" class=\"elementor-screen-only\">4.7\/5<\/span><\/div>\t\t<\/div>\n\t\t\t\t<\/div>\n\t\t\t\t<\/div>\n\t\t\t\t\t\t<\/div>\n\t\t\t\t\t<\/div>\n\t\t<\/div>\n\t\t\t\t<div class=\"elementor-column elementor-col-50 elementor-top-column elementor-element elementor-element-901c47e\" data-id=\"901c47e\" data-element_type=\"column\">\n\t\t\t<div class=\"elementor-column-wrap elementor-element-populated\">\n\t\t\t\t\t\t\t<div class=\"elementor-widget-wrap\">\n\t\t\t\t\t\t<div class=\"elementor-element elementor-element-fe95181 elementor-align-right buttonTarifsTwoWidgetBlock elementor-widget-mobile__width-inherit elementor-mobile-align-left elementor-widget elementor-widget-button\" data-id=\"fe95181\" data-element_type=\"widget\" data-widget_type=\"button.default\">\n\t\t\t\t<div class=\"elementor-widget-container\">\n\t\t\t\t\t<div class=\"elementor-button-wrapper\">\n\t\t\t<a href=\"#elementor-action%3Aaction%3Dpopup%3Aopen%26settings%3DeyJpZCI6MTg2MzIsInRvZ2dsZSI6ZmFsc2V9\" target=\"_blank\" class=\"elementor-button-link elementor-button elementor-size-sm\" role=\"button\" id=\"open-popup\">\n\t\t\t\t\t\t<span class=\"elementor-button-content-wrapper\">\n\t\t\t\t\t\t\t<span class=\"elementor-button-icon elementor-align-icon-right\">\n\t\t\t\t<i aria-hidden=\"true\" class=\"fas fa-arrow-right\"><\/i>\t\t\t<\/span>\n\t\t\t\t\t\t<span class=\"elementor-button-text\">Parler \u00e0 un conseiller<\/span>\n\t\t<\/span>\n\t\t\t\t\t<\/a>\n\t\t<\/div>\n\t\t\t\t<\/div>\n\t\t\t\t<\/div>\n\t\t\t\t\t\t<\/div>\n\t\t\t\t\t<\/div>\n\t\t<\/div>\n\t\t\t\t\t\t\t\t<\/div>\n\t\t\t\t\t<\/div>\n\t\t<\/section>\n\t\t\t\t\t\t\t<\/div>\n\t\t\t\t<\/div>\n\t\t\n<p>A ce titre, <strong>Expat Assurance<\/strong> lance un syst\u00e8me de recommandation pour ses clients. Nous esp\u00e9rons que notre service de qualit\u00e9 vous convaincra de nous recommander \u00e0 vos proches.<\/p>\n<p>En guise de remerciement, ceux d&#8217;entre vous qui nous recommanderont avec succ\u00e8s 2, 3 et 5 proches pourront profiter d&#8217;un d\u00eener\u00a0dans les meilleurs restaurants fran\u00e7ais de Mexico ou de paniers gourmands livr\u00e9s chez vous pour 3 ou 6 mois.<\/p>\n<p style=\"text-align: center;\">*Seulement valide pour les clients \u00e0 M\u00e9xico D.F.<\/p>\n","protected":false},"excerpt":{"rendered":"<p>Parrainez vos proches Expat Assurance a mis en place un syst\u00e8me de parrainage pour r\u00e9compenser les clients qui recommandent nos solutions et services \u00e0 leurs proches. L&#8217;assurance maladie est une question de confiance. Nous avons donc tendance \u00e0 \u00e9couter les conseils donn\u00e9s par nos amis et notre famille. A ce titre, Expat Assurance lance un [&hellip;]<\/p>\n","protected":false},"author":5,"featured_media":0,"parent":0,"menu_order":0,"comment_status":"closed","ping_status":"closed","template":"","meta":{"footnotes":""},"acf":[],"yoast_head":"<!-- This site is optimized with the Yoast SEO Premium plugin v20.9 (Yoast SEO v24.5) - https:\/\/yoast.com\/wordpress\/plugins\/seo\/ -->\n<title>Parrainer un proche - Expat Assurance<\/title>\n<meta name=\"description\" content=\"D\u00e9couvrez le syst\u00e8me de parrainage qu&#039;Expat Assurance a mis en place pour r\u00e9compenser les clients qui nous recommandent \u00e0 leurs proches.\" \/>\n<meta name=\"robots\" content=\"index, follow, max-snippet:-1, max-image-preview:large, max-video-preview:-1\" \/>\n<link rel=\"canonical\" href=\"https:\/\/expat-assurance.com\/fr\/parrainer-un-proche\/\" \/>\n<meta property=\"og:locale\" content=\"fr_FR\" \/>\n<meta property=\"og:type\" content=\"article\" \/>\n<meta property=\"og:title\" content=\"Parrainer un proche\" \/>\n<meta property=\"og:description\" content=\"D\u00e9couvrez le syst\u00e8me de parrainage qu&#039;Expat Assurance a mis en place pour r\u00e9compenser les clients qui nous recommandent \u00e0 leurs proches.\" \/>\n<meta property=\"og:url\" content=\"https:\/\/expat-assurance.com\/fr\/parrainer-un-proche\/\" \/>\n<meta property=\"og:site_name\" content=\"Expat Assurance\" \/>\n<meta property=\"article:publisher\" content=\"http:\/\/www.facebook.com\/expatassurance\/\" \/>\n<meta property=\"article:modified_time\" content=\"2021-08-03T10:03:25+00:00\" \/>\n<meta property=\"og:image\" content=\"https:\/\/expat-assurance.com\/wp-content\/uploads\/2019\/04\/Logo-EA-Sticker.jpg\" \/>\n\t<meta property=\"og:image:width\" content=\"1200\" \/>\n\t<meta property=\"og:image:height\" content=\"630\" \/>\n\t<meta property=\"og:image:type\" content=\"image\/jpeg\" \/>\n<meta name=\"twitter:card\" content=\"summary_large_image\" \/>\n<meta name=\"twitter:label1\" content=\"Est. reading time\" \/>\n\t<meta name=\"twitter:data1\" content=\"1 minute\" \/>\n<script type=\"application\/ld+json\" class=\"yoast-schema-graph\">{\"@context\":\"https:\/\/schema.org\",\"@graph\":[{\"@type\":\"WebPage\",\"@id\":\"https:\/\/expat-assurance.com\/fr\/parrainer-un-proche\/\",\"url\":\"https:\/\/expat-assurance.com\/fr\/parrainer-un-proche\/\",\"name\":\"Parrainer un proche - Expat Assurance\",\"isPartOf\":{\"@id\":\"https:\/\/expat-assurance.com\/fr\/#website\"},\"datePublished\":\"2017-12-18T17:16:28+00:00\",\"dateModified\":\"2021-08-03T10:03:25+00:00\",\"description\":\"D\u00e9couvrez le syst\u00e8me de parrainage qu'Expat Assurance a mis en place pour r\u00e9compenser les clients qui nous recommandent \u00e0 leurs proches.\",\"breadcrumb\":{\"@id\":\"https:\/\/expat-assurance.com\/fr\/parrainer-un-proche\/#breadcrumb\"},\"inLanguage\":\"fr\",\"potentialAction\":[{\"@type\":\"ReadAction\",\"target\":[\"https:\/\/expat-assurance.com\/fr\/parrainer-un-proche\/\"]}]},{\"@type\":\"BreadcrumbList\",\"@id\":\"https:\/\/expat-assurance.com\/fr\/parrainer-un-proche\/#breadcrumb\",\"itemListElement\":[{\"@type\":\"ListItem\",\"position\":1,\"name\":\"Expat Assurance\",\"item\":\"https:\/\/expat-assurance.com\/fr\/\"},{\"@type\":\"ListItem\",\"position\":2,\"name\":\"Parrainer un proche\"}]},{\"@type\":\"WebSite\",\"@id\":\"https:\/\/expat-assurance.com\/fr\/#website\",\"url\":\"https:\/\/expat-assurance.com\/fr\/\",\"name\":\"Expat Assurance\",\"description\":\"Expert de l&#039;assurance sant\u00e9 pour expatri\u00e9s sur le continent Am\u00e9ricain.\",\"publisher\":{\"@id\":\"https:\/\/expat-assurance.com\/fr\/#organization\"},\"potentialAction\":[{\"@type\":\"SearchAction\",\"target\":{\"@type\":\"EntryPoint\",\"urlTemplate\":\"https:\/\/expat-assurance.com\/fr\/?s={search_term_string}\"},\"query-input\":{\"@type\":\"PropertyValueSpecification\",\"valueRequired\":true,\"valueName\":\"search_term_string\"}}],\"inLanguage\":\"fr\"},{\"@type\":\"Organization\",\"@id\":\"https:\/\/expat-assurance.com\/fr\/#organization\",\"name\":\"Expat Assurance\",\"url\":\"https:\/\/expat-assurance.com\/fr\/\",\"logo\":{\"@type\":\"ImageObject\",\"inLanguage\":\"fr\",\"@id\":\"https:\/\/expat-assurance.com\/fr\/#\/schema\/logo\/image\/\",\"url\":\"https:\/\/expat-assurance.com\/wp-content\/uploads\/2020\/11\/expat-logo.svg\",\"contentUrl\":\"https:\/\/expat-assurance.com\/wp-content\/uploads\/2020\/11\/expat-logo.svg\",\"width\":1,\"height\":1,\"caption\":\"Expat Assurance\"},\"image\":{\"@id\":\"https:\/\/expat-assurance.com\/fr\/#\/schema\/logo\/image\/\"},\"sameAs\":[\"http:\/\/www.facebook.com\/expatassurance\/\"]}]}<\/script>\n<!-- \/ Yoast SEO Premium plugin. -->","yoast_head_json":{"title":"Parrainer un proche - Expat Assurance","description":"D\u00e9couvrez le syst\u00e8me de parrainage qu'Expat Assurance a mis en place pour r\u00e9compenser les clients qui nous recommandent \u00e0 leurs proches.","robots":{"index":"index","follow":"follow","max-snippet":"max-snippet:-1","max-image-preview":"max-image-preview:large","max-video-preview":"max-video-preview:-1"},"canonical":"https:\/\/expat-assurance.com\/fr\/parrainer-un-proche\/","og_locale":"fr_FR","og_type":"article","og_title":"Parrainer un proche","og_description":"D\u00e9couvrez le syst\u00e8me de parrainage qu'Expat Assurance a mis en place pour r\u00e9compenser les clients qui nous recommandent \u00e0 leurs proches.","og_url":"https:\/\/expat-assurance.com\/fr\/parrainer-un-proche\/","og_site_name":"Expat Assurance","article_publisher":"http:\/\/www.facebook.com\/expatassurance\/","article_modified_time":"2021-08-03T10:03:25+00:00","og_image":[{"width":1200,"height":630,"url":"https:\/\/expat-assurance.com\/wp-content\/uploads\/2019\/04\/Logo-EA-Sticker.jpg","type":"image\/jpeg"}],"twitter_card":"summary_large_image","twitter_misc":{"Est. reading time":"1 minute"},"schema":{"@context":"https:\/\/schema.org","@graph":[{"@type":"WebPage","@id":"https:\/\/expat-assurance.com\/fr\/parrainer-un-proche\/","url":"https:\/\/expat-assurance.com\/fr\/parrainer-un-proche\/","name":"Parrainer un proche - Expat Assurance","isPartOf":{"@id":"https:\/\/expat-assurance.com\/fr\/#website"},"datePublished":"2017-12-18T17:16:28+00:00","dateModified":"2021-08-03T10:03:25+00:00","description":"D\u00e9couvrez le syst\u00e8me de parrainage qu'Expat Assurance a mis en place pour r\u00e9compenser les clients qui nous recommandent \u00e0 leurs proches.","breadcrumb":{"@id":"https:\/\/expat-assurance.com\/fr\/parrainer-un-proche\/#breadcrumb"},"inLanguage":"fr","potentialAction":[{"@type":"ReadAction","target":["https:\/\/expat-assurance.com\/fr\/parrainer-un-proche\/"]}]},{"@type":"BreadcrumbList","@id":"https:\/\/expat-assurance.com\/fr\/parrainer-un-proche\/#breadcrumb","itemListElement":[{"@type":"ListItem","position":1,"name":"Expat Assurance","item":"https:\/\/expat-assurance.com\/fr\/"},{"@type":"ListItem","position":2,"name":"Parrainer un proche"}]},{"@type":"WebSite","@id":"https:\/\/expat-assurance.com\/fr\/#website","url":"https:\/\/expat-assurance.com\/fr\/","name":"Expat Assurance","description":"Expert de l&#039;assurance sant\u00e9 pour expatri\u00e9s sur le continent Am\u00e9ricain.","publisher":{"@id":"https:\/\/expat-assurance.com\/fr\/#organization"},"potentialAction":[{"@type":"SearchAction","target":{"@type":"EntryPoint","urlTemplate":"https:\/\/expat-assurance.com\/fr\/?s={search_term_string}"},"query-input":{"@type":"PropertyValueSpecification","valueRequired":true,"valueName":"search_term_string"}}],"inLanguage":"fr"},{"@type":"Organization","@id":"https:\/\/expat-assurance.com\/fr\/#organization","name":"Expat Assurance","url":"https:\/\/expat-assurance.com\/fr\/","logo":{"@type":"ImageObject","inLanguage":"fr","@id":"https:\/\/expat-assurance.com\/fr\/#\/schema\/logo\/image\/","url":"https:\/\/expat-assurance.com\/wp-content\/uploads\/2020\/11\/expat-logo.svg","contentUrl":"https:\/\/expat-assurance.com\/wp-content\/uploads\/2020\/11\/expat-logo.svg","width":1,"height":1,"caption":"Expat Assurance"},"image":{"@id":"https:\/\/expat-assurance.com\/fr\/#\/schema\/logo\/image\/"},"sameAs":["http:\/\/www.facebook.com\/expatassurance\/"]}]}},"_links":{"self":[{"href":"https:\/\/expat-assurance.com\/fr\/wp-json\/wp\/v2\/pages\/2579"}],"collection":[{"href":"https:\/\/expat-assurance.com\/fr\/wp-json\/wp\/v2\/pages"}],"about":[{"href":"https:\/\/expat-assurance.com\/fr\/wp-json\/wp\/v2\/types\/page"}],"author":[{"embeddable":true,"href":"https:\/\/expat-assurance.com\/fr\/wp-json\/wp\/v2\/users\/5"}],"replies":[{"embeddable":true,"href":"https:\/\/expat-assurance.com\/fr\/wp-json\/wp\/v2\/comments?post=2579"}],"version-history":[{"count":0,"href":"https:\/\/expat-assurance.com\/fr\/wp-json\/wp\/v2\/pages\/2579\/revisions"}],"wp:attachment":[{"href":"https:\/\/expat-assurance.com\/fr\/wp-json\/wp\/v2\/media?parent=2579"}],"curies":[{"name":"wp","href":"https:\/\/api.w.org\/{rel}","templated":true}]}}