{"id":1595,"date":"2023-12-01T09:44:00","date_gmt":"2023-12-01T07:44:00","guid":{"rendered":"https:\/\/expat-assurance.com\/?page_id=1595"},"modified":"2024-04-19T17:45:17","modified_gmt":"2024-04-19T14:45:17","slug":"politique-protection-donnees","status":"publish","type":"page","link":"https:\/\/expat-assurance.com\/fr\/politique-protection-donnees\/","title":{"rendered":"POLITIQUE PROTECTION DES DONN\u00c9ES PERSONNELLES"},"content":{"rendered":"<p style=\"color: #31345c;\">Si vous vous demandez \u00ab\u00a0Comment Expat International Care collecte mes donn\u00e9es personnelles\u00a0?\u00a0\u00bb, vous \u00eates au bon endroit. Bienvenue sur notre politique de protection des donn\u00e9es personnelles\u00a0! Chez Expat International Care, nous avons \u00e0 c\u0153ur de prot\u00e9ger vos donn\u00e9es. Cette politique a donc pour objectif de vous informer sur la fa\u00e7on dont nous traitons vos donn\u00e9es personnelles quand vous utilisez nos services.<\/p>\n<h2>1. Qui sommes-nous\u00a0?<\/h2>\n<p>Nous sommes <strong>Expat International Care<\/strong>, une soci\u00e9t\u00e9 par actions simplifi\u00e9e unipersonnelle, immatricul\u00e9e au RCS de Nantes sous le num\u00e9ro 951 755 917 et dont le si\u00e8ge social se situe 2 rue Jacques Brel 44800 Saint-Herblain. Notre num\u00e9ro ORIAS est 23003307, consultable sur le Site\u00a0<a href=\"http:\/\/www.orias.fr\" target=\"_blank\" rel=\"noopener\">www.orias.fr<\/a>.<\/p>\n<p>Nous sommes engag\u00e9s au service de la communaut\u00e9 des expatri\u00e9s afin de r\u00e9soudre les situations li\u00e9es \u00e0 la protection sociale.<\/p>\n<p>Dans le cadre du traitement de vos donn\u00e9es personnelles, Expat International Care est responsable de traitement, au sens de la r\u00e8glementation.<\/p>\n<h2>2. Quelles sont les donn\u00e9es que vous nous fournissez\u00a0?<\/h2>\n<p>Une donn\u00e9e personnelle est toute information qui permet de vous identifier.<\/p>\n<p>Il peut s&#8217;agir de votre nom, votre pr\u00e9nom, votre adresse email, votre num\u00e9ro de t\u00e9l\u00e9phone, votre \u00e2ge, votre nationalit\u00e9, vos ant\u00e9c\u00e9dents m\u00e9dicaux ou encore, votre pays d\u2019expatriation.<\/p>\n<p>Si vous souhaitez \u00e9galement ajouter l\u2019un ou plusieurs de vos proches \u00e0 votre couverture sant\u00e9, il se peut que nous collections \u00e9galement certaines de leurs donn\u00e9es personnelles comme leur nom, pr\u00e9nom ou \u00e2ge. En saisissant ces donn\u00e9es, vous nous confirmez que vous \u00eates habilit\u00e9 \u00e0 nous les communiquer.<\/p>\n<p>D\u00e8s lors que les donn\u00e9es sont identifi\u00e9es avec un ast\u00e9risque (*), elles sont n\u00e9cessaires au traitement. En l\u2019absence de fourniture de ces donn\u00e9es, vous risquez de ne pas pouvoir b\u00e9n\u00e9ficier de l\u2019un ou plusieurs de nos services.<\/p>\n<h2>3. Comment et quand collectons-nous vos donn\u00e9es\u00a0?<\/h2>\n<p>Nous collectons les donn\u00e9es personnelles que vous nous fournissez, notamment\u00a0lorsque :<\/p>\n<ul>\n<li>Vous utilisez notre comparateur ;<\/li>\n<li>Vous demandez un devis ;<\/li>\n<li>Vous demandez \u00e0 \u00eatre mis en relation avec l\u2019un de nos commerciaux ;<\/li>\n<li>Vous prenez rendez-vous depuis notre site internet ;<\/li>\n<li>Vous t\u00e9l\u00e9chargez l\u2019un de nos e-books ;<\/li>\n<li>Vous contactez notre service client ou l\u2019un de nos commerciaux ;<\/li>\n<li>Vous exercez l\u2019un de vos droits mentionn\u00e9s dans la pr\u00e9sente Politique.<\/li>\n<\/ul>\n<h2>4. Pourquoi et sur quel fondement utilisons-nous vos donn\u00e9es\u00a0?<\/h2>\n<p>Tout d\u2019abord, nous collectons vos donn\u00e9es et celles de vos proches (conjoint, enfants) pour vous proposer un produit d\u2019assurance adapt\u00e9 \u00e0 votre situation, en particulier, \u00e0 votre pays d\u2019expatriation et \u00e0 vos ant\u00e9c\u00e9dents m\u00e9dicaux.<\/p>\n<p>Nous collectons \u00e9galement vos donn\u00e9es pour r\u00e9pondre \u00e0 vos demandes et ex\u00e9cuter notre obligation de conseil. Pour cela, nous \u00e9valuons vos besoins, la possibilit\u00e9 de vous proposer un contrat, et le cas \u00e9ch\u00e9ant, nous \u00e9valuons les conditions auxquelles nous pouvons vous proposer un contrat.<\/p>\n<ul>\n<li><strong>Base l\u00e9gale<\/strong>\u00a0: Ex\u00e9cution de mesures pr\u00e9-contractuelles \/ ex\u00e9cution d\u2019un contrat.<\/li>\n<\/ul>\n<p>En outre, nous collectons vos donn\u00e9es afin de r\u00e9aliser des op\u00e9rations de prospection commerciale, notamment dans le but de vous pr\u00e9senter nos services, les \u00e9volutions des produits d\u2019assurance ou notre actualit\u00e9.<\/p>\n<p>Vous pouvez vous d\u00e9sabonner \u00e0 tout moment en cliquant sur le lien de d\u00e9sabonnement pr\u00e9sent en bas de chaque e-mail marketing.<\/p>\n<ul>\n<li><strong>Base l\u00e9gale<\/strong>\u00a0: Consentement (prospection par e-mail) \/ Int\u00e9r\u00eat l\u00e9gitime (prospection par t\u00e9l\u00e9phone ou si vous \u00eates d\u00e9j\u00e0 client, et que nous vous pr\u00e9sentons des produits similaires).<\/li>\n<\/ul>\n<p>Enfin, nous traitons vos donn\u00e9es dans le cadre de nos r\u00e9ponses \u00e0 vos demandes d\u2019exercice des droits \u00e9ventuelles (voir Quels sont vos droits\u00a0? Comment les exercer\u00a0?) ou dans le cas d\u2019une demande d\u2019une autorit\u00e9 de contr\u00f4le ou d\u2019une autorit\u00e9 judiciaire.<\/p>\n<ul>\n<li><strong>Base l\u00e9gale<\/strong>\u00a0: Obligation l\u00e9gale.<\/li>\n<\/ul>\n<h2>5. Qui a acc\u00e8s \u00e0 vos donn\u00e9es\u00a0? Sont-elles transf\u00e9r\u00e9es\u00a0en dehors de l\u2019union europ\u00e9enne ?<\/h2>\n<p>Comme vous, chacun de nos collaborateurs vit \u00e0 l\u2019\u00e9tranger. C\u2019est ce qui fait que nous comprenons si bien l\u2019expatriation, puisque nous la vivons.<\/p>\n<p>Ainsi, nous travaillons avec une soci\u00e9t\u00e9 mexicaine, Funky Lead, enregistr\u00e9e \u00e0 Mexico et une soci\u00e9t\u00e9 duba\u00efote Expat Connect avec lesquelles nous avons conclu un accord de protection des donn\u00e9es vous garantissant un niveau de protection \u00e9quivalent \u00e0 celui en vigueur au sein de l\u2019Union europ\u00e9enne.<\/p>\n<p>Nous pouvons \u00e9galement partager vos donn\u00e9es, dans certaines conditions et sur demande de leur part, aux autorit\u00e9s judiciaires ou de protection des donn\u00e9es, ainsi qu\u2019aux professions r\u00e8glement\u00e9es tels qu\u2019aux avocats qui nous accompagnent.<\/p>\n<h2>6. Combien de temps conservons-nous vos donn\u00e9es\u00a0?<\/h2>\n<p>Nous conservons vos donn\u00e9es personnelles pour la dur\u00e9e n\u00e9cessaire au respect des r\u00e8glementations applicables, ou pour une dur\u00e9e d\u00e9finie au regard de nos contraintes op\u00e9rationnelles, telles que la gestion efficace de notre relation avec vous.<\/p>\n<p>La plupart de vos donn\u00e9es personnelles sont conserv\u00e9es pendant 3 ans maximum suivant notre dernier contact avec vous. Bien s\u00fbr, ces dur\u00e9es sont diff\u00e9rentes d\u00e8s lors que vous avez souscrit un contrat d\u2019assurance via nos services.<\/p>\n<h2>7. Quels sont vos droits\u00a0? Comment les exercer\u00a0?<\/h2>\n<figure class=\"wp-block-table\">\n<table class=\"no_style_table\">\n<tbody>\n<tr>\n<td><img decoding=\"async\" class=\"alignnone  wp-image-40654\" src=\"https:\/\/expat-assurance.com\/wp-content\/uploads\/2024\/04\/lock-open.svg\" alt=\"\" width=\"28\" height=\"28\" \/><\/td>\n<td><strong style=\"text-transform: uppercase;\">Droit d\u2019acc\u00e8s\u00a0<\/strong><br \/>Vous pouvez obtenir les informations concernant le traitement de vos donn\u00e9es personnelles ainsi qu\u2019une copie de ces donn\u00e9es.<\/td>\n<\/tr>\n<tr>\n<td><img decoding=\"async\" class=\"alignnone size-full wp-image-40657\" src=\"https:\/\/expat-assurance.com\/wp-content\/uploads\/2024\/04\/pen.svg\" alt=\"\" width=\"43\" height=\"43\" \/><\/td>\n<td><strong style=\"text-transform: uppercase;\">Droit \u00e0 la rectification\u00a0<\/strong><br \/>Vous pouvez demander la mise \u00e0 jour ou la modification de vos donn\u00e9es personnelles, comme votre nom ou adresse e-mail.<\/td>\n<\/tr>\n<tr>\n<td><img decoding=\"async\" class=\"alignnone size-full wp-image-40660\" src=\"https:\/\/expat-assurance.com\/wp-content\/uploads\/2024\/04\/close-circle.svg\" alt=\"\" width=\"43\" height=\"43\" \/><\/td>\n<td><strong style=\"text-transform: uppercase;\">Droit d\u2019opposition<\/strong>\u00a0<br \/>Vous pouvez vous opposer au traitement de vos donn\u00e9es.<\/td>\n<\/tr>\n<tr>\n<td><img decoding=\"async\" class=\"alignnone size-full wp-image-40663\" src=\"https:\/\/expat-assurance.com\/wp-content\/uploads\/2024\/04\/format-list-checks.svg\" alt=\"\" width=\"43\" height=\"43\" \/><\/td>\n<td><strong style=\"text-transform: uppercase;\">Droit \u00e0 la limitation<\/strong><br \/>Vous pouvez nous demander de limiter le traitement de vos informations dans certains cas.<\/td>\n<\/tr>\n<tr>\n<td><img decoding=\"async\" class=\"alignnone size-full wp-image-40666\" src=\"https:\/\/expat-assurance.com\/wp-content\/uploads\/2024\/04\/briefcase-2.svg\" alt=\"\" width=\"43\" height=\"43\" \/><\/td>\n<td><strong style=\"text-transform: uppercase;\">Droit \u00e0 la portabilit\u00e9\u00a0<\/strong><br \/>Vous pouvez obtenir vos donn\u00e9es dans un format structur\u00e9, couramment utilis\u00e9 et lisible, dans le but les transf\u00e9rer \u00e0 un autre responsable de traitement ou nous demander le transfert de celles-ci.<\/td>\n<\/tr>\n<tr>\n<td><img decoding=\"async\" class=\"alignnone size-full wp-image-40669\" src=\"https:\/\/expat-assurance.com\/wp-content\/uploads\/2024\/04\/trash-can-1.svg\" alt=\"\" width=\"43\" height=\"43\" \/><\/td>\n<td><strong style=\"text-transform: uppercase;\">Droit \u00e0 l\u2019effacement<\/strong><br \/>Vous pouvez nous demander d&#8217;effacer vos donn\u00e9es dans certains cas, c\u2019est-\u00e0-dire b\u00e9n\u00e9ficier du \u00ab\u00a0<em>droit \u00e0 l\u2019oubli<\/em>\u00a0\u00bb.<\/td>\n<\/tr>\n<\/tbody>\n<\/table>\n<\/figure>\n\n\n<p><\/p>\n\n\n\n<p>Pour exercer l\u2019un quelconque de ces droits, contactez-nous \u00e0 l\u2019adresse email (<a href=\"mailto:admin@expat-international-care.fr\"><a href=\"mailto:admin@expat-international-care.fr\">admin@expat-international-care.fr<\/a><\/a>) en pr\u00e9cisant votre pr\u00e9nom, votre nom et votre adresse email afin que nous puissions vous identifier et traiter efficacement votre demande.<\/p>\n\n\n\n<p>Pour en savoir plus, consultez la section <a href=\"#h-9-nous-contacter\">Nous contacter<\/a>.<\/p>\n\n\n\n<h2 class=\"wp-block-heading\" id=\"h-8-comment-presenter-une-reclamation-aupres-de-la-cnil\">8. Comment pr\u00e9senter une r\u00e9clamation aupr\u00e8s de la CNIL&nbsp;?<\/h2>\n\n\n\n<p>Nous nous engageons \u00e0 tout mettre en \u0153uvre pour respecter vos droits \u00e0 l\u2019\u00e9gard de vos donn\u00e9es \u00e0 caract\u00e8re personnel. Si, toutefois, vous consid\u00e9riez que vos droits n\u2019ont pas \u00e9t\u00e9 respect\u00e9s, vous avez la possibilit\u00e9 de porter une r\u00e9clamation aupr\u00e8s de la Commission Nationale de l\u2019Informatique et des Libert\u00e9s (la \u00ab&nbsp;CNIL&nbsp;\u00bb), autorit\u00e9 de contr\u00f4le dont la mission est de veiller en France au respect de la R\u00e8glementation applicable aux traitements de donn\u00e9es \u00e0 caract\u00e8re personnel.<\/p>\n\n\n\n<p>Pour plus d\u2019informations, consultez le site internet de la CNIL :&nbsp;<a href=\"http:\/\/www.cnil.fr\" target=\"_blank\" rel=\"noreferrer noopener\">www.cnil.fr<\/a><\/p>\n\n\n\n<h2 class=\"wp-block-heading\" id=\"h-9-nous-contacter\">9. Nous contacter<\/h2>\n\n\n\n<p>Vous pouvez nous contacter via l\u2019un des moyens suivants&nbsp;:<\/p>\n\n\n<figure class=\"wp-block-table\">\n<table class=\"no_style_table\">\n<tbody>\n<tr>\n<td><img decoding=\"async\" class=\"alignnone size-full wp-image-40654\" src=\"https:\/\/expat-assurance.com\/wp-content\/uploads\/2024\/04\/lock-open.svg\" alt=\"\" width=\"43\" height=\"43\" \/><\/td>\n<td><br \/><a href=\"mailto:admin@expat-international-care.fr\">admin@expat-international-care.fr<\/a><\/td>\n<\/tr>\n<tr>\n<td><img decoding=\"async\" class=\"alignnone size-full wp-image-40657\" src=\"https:\/\/expat-assurance.com\/wp-content\/uploads\/2024\/04\/pen.svg\" alt=\"\" width=\"43\" height=\"43\" \/><\/td>\n<td>2 rue Jacques Brel <br \/>44800 Saint-Herblain<br \/>France<\/td>\n<\/tr>\n<\/tbody>\n<\/table>\n<\/figure>\n\n<p><style>.singePostHubspotSection,.relatedPostsSection,.stickySection{display:none!important}<\/style>\n<\/p>","protected":false},"excerpt":{"rendered":"<p>Si vous vous demandez \u00ab\u00a0Comment Expat International Care collecte mes donn\u00e9es personnelles\u00a0?\u00a0\u00bb, vous \u00eates au bon endroit. Bienvenue sur notre politique de protection des donn\u00e9es personnelles\u00a0! Chez Expat International Care, nous avons \u00e0 c\u0153ur de prot\u00e9ger vos donn\u00e9es. Cette politique a donc pour objectif de vous informer sur la fa\u00e7on dont nous traitons vos donn\u00e9es [&hellip;]<\/p>\n","protected":false},"author":5,"featured_media":0,"parent":0,"menu_order":0,"comment_status":"closed","ping_status":"closed","template":"","meta":{"footnotes":""},"acf":[],"yoast_head":"<!-- This site is optimized with the Yoast SEO Premium plugin v20.9 (Yoast SEO v24.5) - https:\/\/yoast.com\/wordpress\/plugins\/seo\/ -->\n<title>POLITIQUE PROTECTION DES DONN\u00c9ES PERSONNELLES - Expat Assurance<\/title>\n<meta name=\"description\" content=\"D\u00e9couvrez notre politique de confidentialit\u00e9. Vos donn\u00e9es sont importantes, Expat Assurance s&#039;engage \u00e0 les prot\u00e9ger et \u00e0 les respecter.\" \/>\n<meta name=\"robots\" content=\"index, follow, max-snippet:-1, max-image-preview:large, max-video-preview:-1\" \/>\n<link rel=\"canonical\" href=\"https:\/\/expat-assurance.com\/fr\/politique-protection-donnees\/\" \/>\n<meta property=\"og:locale\" content=\"fr_FR\" \/>\n<meta property=\"og:type\" content=\"article\" \/>\n<meta property=\"og:title\" content=\"POLITIQUE PROTECTION DES DONN\u00c9ES PERSONNELLES\" \/>\n<meta property=\"og:description\" content=\"D\u00e9couvrez notre politique de confidentialit\u00e9. Vos donn\u00e9es sont importantes, Expat Assurance s&#039;engage \u00e0 les prot\u00e9ger et \u00e0 les respecter.\" \/>\n<meta property=\"og:url\" content=\"https:\/\/expat-assurance.com\/fr\/politique-protection-donnees\/\" \/>\n<meta property=\"og:site_name\" content=\"Expat Assurance\" \/>\n<meta property=\"article:publisher\" content=\"http:\/\/www.facebook.com\/expatassurance\/\" \/>\n<meta property=\"article:modified_time\" content=\"2024-04-19T14:45:17+00:00\" \/>\n<meta property=\"og:image\" content=\"https:\/\/expat-assurance.com\/wp-content\/uploads\/2024\/04\/lock-open.svg\" \/>\n<meta name=\"twitter:card\" content=\"summary_large_image\" \/>\n<meta name=\"twitter:label1\" content=\"Est. reading time\" \/>\n\t<meta name=\"twitter:data1\" content=\"7 minutes\" \/>\n<script type=\"application\/ld+json\" class=\"yoast-schema-graph\">{\"@context\":\"https:\/\/schema.org\",\"@graph\":[{\"@type\":\"WebPage\",\"@id\":\"https:\/\/expat-assurance.com\/fr\/politique-protection-donnees\/\",\"url\":\"https:\/\/expat-assurance.com\/fr\/politique-protection-donnees\/\",\"name\":\"POLITIQUE PROTECTION DES DONN\u00c9ES PERSONNELLES - Expat Assurance\",\"isPartOf\":{\"@id\":\"https:\/\/expat-assurance.com\/fr\/#website\"},\"primaryImageOfPage\":{\"@id\":\"https:\/\/expat-assurance.com\/fr\/politique-protection-donnees\/#primaryimage\"},\"image\":{\"@id\":\"https:\/\/expat-assurance.com\/fr\/politique-protection-donnees\/#primaryimage\"},\"thumbnailUrl\":\"https:\/\/expat-assurance.com\/wp-content\/uploads\/2024\/04\/lock-open.svg\",\"datePublished\":\"2023-12-01T07:44:00+00:00\",\"dateModified\":\"2024-04-19T14:45:17+00:00\",\"description\":\"D\u00e9couvrez notre politique de confidentialit\u00e9. Vos donn\u00e9es sont importantes, Expat Assurance s'engage \u00e0 les prot\u00e9ger et \u00e0 les respecter.\",\"breadcrumb\":{\"@id\":\"https:\/\/expat-assurance.com\/fr\/politique-protection-donnees\/#breadcrumb\"},\"inLanguage\":\"fr\",\"potentialAction\":[{\"@type\":\"ReadAction\",\"target\":[\"https:\/\/expat-assurance.com\/fr\/politique-protection-donnees\/\"]}]},{\"@type\":\"ImageObject\",\"inLanguage\":\"fr\",\"@id\":\"https:\/\/expat-assurance.com\/fr\/politique-protection-donnees\/#primaryimage\",\"url\":\"https:\/\/expat-assurance.com\/wp-content\/uploads\/2024\/04\/lock-open.svg\",\"contentUrl\":\"https:\/\/expat-assurance.com\/wp-content\/uploads\/2024\/04\/lock-open.svg\"},{\"@type\":\"BreadcrumbList\",\"@id\":\"https:\/\/expat-assurance.com\/fr\/politique-protection-donnees\/#breadcrumb\",\"itemListElement\":[{\"@type\":\"ListItem\",\"position\":1,\"name\":\"Expat Assurance\",\"item\":\"https:\/\/expat-assurance.com\/fr\/\"},{\"@type\":\"ListItem\",\"position\":2,\"name\":\"POLITIQUE PROTECTION DES DONN\u00c9ES PERSONNELLES\"}]},{\"@type\":\"WebSite\",\"@id\":\"https:\/\/expat-assurance.com\/fr\/#website\",\"url\":\"https:\/\/expat-assurance.com\/fr\/\",\"name\":\"Expat Assurance\",\"description\":\"Expert de l&#039;assurance sant\u00e9 pour expatri\u00e9s sur le continent Am\u00e9ricain.\",\"publisher\":{\"@id\":\"https:\/\/expat-assurance.com\/fr\/#organization\"},\"potentialAction\":[{\"@type\":\"SearchAction\",\"target\":{\"@type\":\"EntryPoint\",\"urlTemplate\":\"https:\/\/expat-assurance.com\/fr\/?s={search_term_string}\"},\"query-input\":{\"@type\":\"PropertyValueSpecification\",\"valueRequired\":true,\"valueName\":\"search_term_string\"}}],\"inLanguage\":\"fr\"},{\"@type\":\"Organization\",\"@id\":\"https:\/\/expat-assurance.com\/fr\/#organization\",\"name\":\"Expat Assurance\",\"url\":\"https:\/\/expat-assurance.com\/fr\/\",\"logo\":{\"@type\":\"ImageObject\",\"inLanguage\":\"fr\",\"@id\":\"https:\/\/expat-assurance.com\/fr\/#\/schema\/logo\/image\/\",\"url\":\"https:\/\/expat-assurance.com\/wp-content\/uploads\/2020\/11\/expat-logo.svg\",\"contentUrl\":\"https:\/\/expat-assurance.com\/wp-content\/uploads\/2020\/11\/expat-logo.svg\",\"width\":1,\"height\":1,\"caption\":\"Expat Assurance\"},\"image\":{\"@id\":\"https:\/\/expat-assurance.com\/fr\/#\/schema\/logo\/image\/\"},\"sameAs\":[\"http:\/\/www.facebook.com\/expatassurance\/\"]}]}<\/script>\n<!-- \/ Yoast SEO Premium plugin. -->","yoast_head_json":{"title":"POLITIQUE PROTECTION DES DONN\u00c9ES PERSONNELLES - Expat Assurance","description":"D\u00e9couvrez notre politique de confidentialit\u00e9. Vos donn\u00e9es sont importantes, Expat Assurance s'engage \u00e0 les prot\u00e9ger et \u00e0 les respecter.","robots":{"index":"index","follow":"follow","max-snippet":"max-snippet:-1","max-image-preview":"max-image-preview:large","max-video-preview":"max-video-preview:-1"},"canonical":"https:\/\/expat-assurance.com\/fr\/politique-protection-donnees\/","og_locale":"fr_FR","og_type":"article","og_title":"POLITIQUE PROTECTION DES DONN\u00c9ES PERSONNELLES","og_description":"D\u00e9couvrez notre politique de confidentialit\u00e9. Vos donn\u00e9es sont importantes, Expat Assurance s'engage \u00e0 les prot\u00e9ger et \u00e0 les respecter.","og_url":"https:\/\/expat-assurance.com\/fr\/politique-protection-donnees\/","og_site_name":"Expat Assurance","article_publisher":"http:\/\/www.facebook.com\/expatassurance\/","article_modified_time":"2024-04-19T14:45:17+00:00","og_image":[{"url":"https:\/\/expat-assurance.com\/wp-content\/uploads\/2024\/04\/lock-open.svg","type":"","width":"","height":""}],"twitter_card":"summary_large_image","twitter_misc":{"Est. reading time":"7 minutes"},"schema":{"@context":"https:\/\/schema.org","@graph":[{"@type":"WebPage","@id":"https:\/\/expat-assurance.com\/fr\/politique-protection-donnees\/","url":"https:\/\/expat-assurance.com\/fr\/politique-protection-donnees\/","name":"POLITIQUE PROTECTION DES DONN\u00c9ES PERSONNELLES - Expat Assurance","isPartOf":{"@id":"https:\/\/expat-assurance.com\/fr\/#website"},"primaryImageOfPage":{"@id":"https:\/\/expat-assurance.com\/fr\/politique-protection-donnees\/#primaryimage"},"image":{"@id":"https:\/\/expat-assurance.com\/fr\/politique-protection-donnees\/#primaryimage"},"thumbnailUrl":"https:\/\/expat-assurance.com\/wp-content\/uploads\/2024\/04\/lock-open.svg","datePublished":"2023-12-01T07:44:00+00:00","dateModified":"2024-04-19T14:45:17+00:00","description":"D\u00e9couvrez notre politique de confidentialit\u00e9. Vos donn\u00e9es sont importantes, Expat Assurance s'engage \u00e0 les prot\u00e9ger et \u00e0 les respecter.","breadcrumb":{"@id":"https:\/\/expat-assurance.com\/fr\/politique-protection-donnees\/#breadcrumb"},"inLanguage":"fr","potentialAction":[{"@type":"ReadAction","target":["https:\/\/expat-assurance.com\/fr\/politique-protection-donnees\/"]}]},{"@type":"ImageObject","inLanguage":"fr","@id":"https:\/\/expat-assurance.com\/fr\/politique-protection-donnees\/#primaryimage","url":"https:\/\/expat-assurance.com\/wp-content\/uploads\/2024\/04\/lock-open.svg","contentUrl":"https:\/\/expat-assurance.com\/wp-content\/uploads\/2024\/04\/lock-open.svg"},{"@type":"BreadcrumbList","@id":"https:\/\/expat-assurance.com\/fr\/politique-protection-donnees\/#breadcrumb","itemListElement":[{"@type":"ListItem","position":1,"name":"Expat Assurance","item":"https:\/\/expat-assurance.com\/fr\/"},{"@type":"ListItem","position":2,"name":"POLITIQUE PROTECTION DES DONN\u00c9ES PERSONNELLES"}]},{"@type":"WebSite","@id":"https:\/\/expat-assurance.com\/fr\/#website","url":"https:\/\/expat-assurance.com\/fr\/","name":"Expat Assurance","description":"Expert de l&#039;assurance sant\u00e9 pour expatri\u00e9s sur le continent Am\u00e9ricain.","publisher":{"@id":"https:\/\/expat-assurance.com\/fr\/#organization"},"potentialAction":[{"@type":"SearchAction","target":{"@type":"EntryPoint","urlTemplate":"https:\/\/expat-assurance.com\/fr\/?s={search_term_string}"},"query-input":{"@type":"PropertyValueSpecification","valueRequired":true,"valueName":"search_term_string"}}],"inLanguage":"fr"},{"@type":"Organization","@id":"https:\/\/expat-assurance.com\/fr\/#organization","name":"Expat Assurance","url":"https:\/\/expat-assurance.com\/fr\/","logo":{"@type":"ImageObject","inLanguage":"fr","@id":"https:\/\/expat-assurance.com\/fr\/#\/schema\/logo\/image\/","url":"https:\/\/expat-assurance.com\/wp-content\/uploads\/2020\/11\/expat-logo.svg","contentUrl":"https:\/\/expat-assurance.com\/wp-content\/uploads\/2020\/11\/expat-logo.svg","width":1,"height":1,"caption":"Expat Assurance"},"image":{"@id":"https:\/\/expat-assurance.com\/fr\/#\/schema\/logo\/image\/"},"sameAs":["http:\/\/www.facebook.com\/expatassurance\/"]}]}},"_links":{"self":[{"href":"https:\/\/expat-assurance.com\/fr\/wp-json\/wp\/v2\/pages\/1595"}],"collection":[{"href":"https:\/\/expat-assurance.com\/fr\/wp-json\/wp\/v2\/pages"}],"about":[{"href":"https:\/\/expat-assurance.com\/fr\/wp-json\/wp\/v2\/types\/page"}],"author":[{"embeddable":true,"href":"https:\/\/expat-assurance.com\/fr\/wp-json\/wp\/v2\/users\/5"}],"replies":[{"embeddable":true,"href":"https:\/\/expat-assurance.com\/fr\/wp-json\/wp\/v2\/comments?post=1595"}],"version-history":[{"count":16,"href":"https:\/\/expat-assurance.com\/fr\/wp-json\/wp\/v2\/pages\/1595\/revisions"}],"predecessor-version":[{"id":40674,"href":"https:\/\/expat-assurance.com\/fr\/wp-json\/wp\/v2\/pages\/1595\/revisions\/40674"}],"wp:attachment":[{"href":"https:\/\/expat-assurance.com\/fr\/wp-json\/wp\/v2\/media?parent=1595"}],"curies":[{"name":"wp","href":"https:\/\/api.w.org\/{rel}","templated":true}]}}