{"id":10593,"date":"2020-11-27T03:14:50","date_gmt":"2020-11-27T09:14:50","guid":{"rendered":"https:\/\/expat-assurance.com\/?page_id=10593"},"modified":"2025-06-10T15:59:45","modified_gmt":"2025-06-10T12:59:45","slug":"contrat-temporaire-longue-duree","status":"publish","type":"page","link":"https:\/\/expat-assurance.com\/fr\/contrat-temporaire-longue-duree\/","title":{"rendered":"Contrat temporaire ou longue dur\u00e9e ?"},"content":{"rendered":"<h2>Contrat Temporaire ou longue dur\u00e9e ?<\/h2>\n<p>Deux types de contrats s\u2019offrent \u00e0 vous et diff\u00e8rent selon vos n\u00e9cessit\u00e9s : contrat d\u2019assurance sant\u00e9 temporaire ou longue dur\u00e9e.<\/p>\n<p>Les contrats temporaires sont pour les s\u00e9jours inf\u00e9rieurs ou \u00e9gaux \u00e0 12 mois. \u00c0 la fin du s\u00e9jour, vous retrouverez le syst\u00e8me de protection de la s\u00e9curit\u00e9 sociale fran\u00e7aise.<\/p>\n<p>Ne vous fa\u00eetes pas pi\u00e9ger par les tarifs attractifs\u00a0!<\/p>\n<p>Les contrats longue dur\u00e9e\u00a0sont pour les s\u00e9jours de plus de 12 mois. Ces contrats doivent pouvoir \u00e9voluer en fonction des n\u00e9cessit\u00e9s de l\u2019expatri\u00e9 (famille, retraite, etc\u2026) ,de son budget et \u00e9ventuellement en cas de changement de pays de r\u00e9sidence. Les garanties qui lui sont propos\u00e9es sont donc p\u00e9rennes.<\/p>\n<h2>Assurance expatri\u00e9 : contrat temporaire (- de 12 mois)<\/h2>\n<h3>Dans quel cas souscrire un contrat temporaire ?<\/h3>\n<p>Si vous voyagez maximum 12 mois puis revenez en France. Lorsque votre s\u00e9jour touchera \u00e0 sa fin vous n\u2019aurez plus besoin de votre assurance et vous retrouverez le syst\u00e8me de la s\u00e9curit\u00e9 sociale fran\u00e7aise.<\/p>\n<p>Les garanties correspondront \u00e0 un besoin tr\u00e8s clair\u00a0: une couverture sant\u00e9, une assistance <a href=\"https:\/\/expat-assurance.com\/fr\/assurance-expatrie\/assurance-rapatriement-international\/\">rapatriement<\/a>, une assurance bagages et la responsabilit\u00e9 civile.<\/p>\n<p>Attention\u00a0: les options maternit\u00e9 et optique-dentaires ne sont pas comprises sauf en cas d\u2019accident\u00a0!<\/p>\n<h3>Pourquoi si cela est moins cher ne pas simplement renouveler mon assurance expatri\u00e9 temporaire ?<\/h3>\n<p>En plus elle inclue des options int\u00e9ressantes que n\u2019ont pas les contrats longue dur\u00e9e !<\/p>\n<p>Si jamais pendant la dur\u00e9e du premier contrat temporaire vous avez des probl\u00e8mes de sante (maladie, accident, hospitalisation etc\u2026) qui n\u00e9cessitent un suivi m\u00e9dical ou pouvant avoir des cons\u00e9quences ou s\u00e9quelles dans le futur, l\u2019assurance refusera de r\u00e9nover votre contrat expatrie temporaire et aucune autre n\u2019acceptera de vous assurer !<\/p>\n<p>Vous aurez deux choix :<\/p>\n<ul>\n<li>vivre \u00e0 l\u2019\u00e9tranger<strong> sans assurance<\/strong><\/li>\n<li><strong>rentrer en France<\/strong><\/li>\n<\/ul>\n<p>C\u2019est la raison pour laquelle ces contrats sont moins chers, ils n\u2019assument pas le risque au-del\u00e0 de la dur\u00e9e du contrat !<\/p>\n\t\t<div data-elementor-type=\"section\" data-elementor-id=\"17174\" class=\"elementor elementor-17174\">\n\t\t\t\t\t<div class=\"elementor-section-wrap\">\n\t\t\t\t\t\t\t\t<section class=\"elementor-section elementor-top-section elementor-element elementor-element-0048208 elementor-section-height-min-height tarrifs-new-section breakoutBlueSection elementor-section-items-stretch elementor-section-boxed elementor-section-height-default\" data-id=\"0048208\" data-element_type=\"section\" data-settings=\"{&quot;background_background&quot;:&quot;gradient&quot;}\">\n\t\t\t\t\t\t\t<div class=\"elementor-background-overlay\"><\/div>\n\t\t\t\t\t\t\t<div class=\"elementor-container elementor-column-gap-default\">\n\t\t\t\t\t\t\t<div class=\"elementor-row\">\n\t\t\t\t\t<div class=\"elementor-column elementor-col-50 elementor-top-column elementor-element elementor-element-8db35ce\" data-id=\"8db35ce\" data-element_type=\"column\" data-settings=\"{&quot;background_background&quot;:&quot;slideshow&quot;,&quot;background_slideshow_gallery&quot;:[],&quot;background_slideshow_loop&quot;:&quot;yes&quot;,&quot;background_slideshow_slide_duration&quot;:5000,&quot;background_slideshow_slide_transition&quot;:&quot;fade&quot;,&quot;background_slideshow_transition_duration&quot;:500}\">\n\t\t\t<div class=\"elementor-column-wrap elementor-element-populated\">\n\t\t\t\t\t\t\t<div class=\"elementor-widget-wrap\">\n\t\t\t\t\t\t<div class=\"elementor-element elementor-element-0a8a550 titlebeforeLineBlock elementor-hidden-mobile elementor-widget-divider--view-line elementor-widget elementor-widget-divider\" data-id=\"0a8a550\" data-element_type=\"widget\" data-widget_type=\"divider.default\">\n\t\t\t\t<div class=\"elementor-widget-container\">\n\t\t\t\t\t<div class=\"elementor-divider\">\n\t\t\t<span class=\"elementor-divider-separator\">\n\t\t\t\t\t\t<\/span>\n\t\t<\/div>\n\t\t\t\t<\/div>\n\t\t\t\t<\/div>\n\t\t\t\t<div class=\"elementor-element elementor-element-573e37a breakoutTitleBlock elementor-widget elementor-widget-heading\" data-id=\"573e37a\" data-element_type=\"widget\" data-widget_type=\"heading.default\">\n\t\t\t\t<div class=\"elementor-widget-container\">\n\t\t\t<h3 class=\"elementor-heading-title elementor-size-default\">Fini la gal\u00e8re avec votre assurance sant\u00e9 \u00e0 l\u2019\u00e9tranger!<\/h3>\t\t<\/div>\n\t\t\t\t<\/div>\n\t\t\t\t<div class=\"elementor-element elementor-element-002700b traficBenefitsListBlock elementor-icon-list--layout-traditional elementor-list-item-link-full_width elementor-widget elementor-widget-icon-list\" data-id=\"002700b\" data-element_type=\"widget\" data-widget_type=\"icon-list.default\">\n\t\t\t\t<div class=\"elementor-widget-container\">\n\t\t\t\t\t<ul class=\"elementor-icon-list-items\">\n\t\t\t\t\t\t\t<li class=\"elementor-icon-list-item\">\n\t\t\t\t\t\t\t\t\t\t\t<span class=\"elementor-icon-list-icon\">\n\t\t\t\t\t\t\t<i aria-hidden=\"true\" class=\"fas fa-square-full\"><\/i>\t\t\t\t\t\t<\/span>\n\t\t\t\t\t\t\t\t\t\t<span class=\"elementor-icon-list-text\">Notre expert vous aide \u00e0 choisir la meilleure assurance sant\u00e9 internationale<\/span>\n\t\t\t\t\t\t\t\t\t<\/li>\n\t\t\t\t\t\t<\/ul>\n\t\t\t\t<\/div>\n\t\t\t\t<\/div>\n\t\t\t\t<div class=\"elementor-element elementor-element-51e2acf traficBenefitsListBlock elementor-icon-list--layout-traditional elementor-list-item-link-full_width elementor-widget elementor-widget-icon-list\" data-id=\"51e2acf\" data-element_type=\"widget\" data-widget_type=\"icon-list.default\">\n\t\t\t\t<div class=\"elementor-widget-container\">\n\t\t\t\t\t<ul class=\"elementor-icon-list-items\">\n\t\t\t\t\t\t\t<li class=\"elementor-icon-list-item\">\n\t\t\t\t\t\t\t\t\t\t\t<span class=\"elementor-icon-list-icon\">\n\t\t\t\t\t\t\t<i aria-hidden=\"true\" class=\"fas fa-square-full\"><\/i>\t\t\t\t\t\t<\/span>\n\t\t\t\t\t\t\t\t\t\t<span class=\"elementor-icon-list-text\">Rejoignez les 5000 familles d\u2019expatri\u00e9s fran\u00e7ais qui nous font confiance<\/span>\n\t\t\t\t\t\t\t\t\t<\/li>\n\t\t\t\t\t\t<\/ul>\n\t\t\t\t<\/div>\n\t\t\t\t<\/div>\n\t\t\t\t<div class=\"elementor-element elementor-element-0406628 elementor-hidden-mobile elementor-widget-divider--view-line elementor-widget elementor-widget-divider\" data-id=\"0406628\" data-element_type=\"widget\" data-widget_type=\"divider.default\">\n\t\t\t\t<div class=\"elementor-widget-container\">\n\t\t\t\t\t<div class=\"elementor-divider\">\n\t\t\t<span class=\"elementor-divider-separator\">\n\t\t\t\t\t\t<\/span>\n\t\t<\/div>\n\t\t\t\t<\/div>\n\t\t\t\t<\/div>\n\t\t\t\t<div class=\"elementor-element elementor-element-622ca86 elementor-star-rating--align-left breakoutRatingBlock elementor--star-style-star_fontawesome elementor-widget elementor-widget-star-rating\" data-id=\"622ca86\" data-element_type=\"widget\" data-widget_type=\"star-rating.default\">\n\t\t\t\t<div class=\"elementor-widget-container\">\n\t\t\t\n\t\t<div class=\"elementor-star-rating__wrapper\">\n\t\t\t\t\t\t\t<div class=\"elementor-star-rating__title\">Satisfaction client:<\/div>\n\t\t\t\t\t\t<div class=\"elementor-star-rating\" title=\"4.7\/5\" itemtype=\"http:\/\/schema.org\/Rating\" itemscope=\"\" itemprop=\"reviewRating\"><i class=\"elementor-star-full\">&#xE933;<\/i><i class=\"elementor-star-full\">&#xE933;<\/i><i class=\"elementor-star-full\">&#xE933;<\/i><i class=\"elementor-star-full\">&#xE933;<\/i><i class=\"elementor-star-7\">&#xE933;<\/i> <span itemprop=\"ratingValue\" class=\"elementor-screen-only\">4.7\/5<\/span><\/div>\t\t<\/div>\n\t\t\t\t<\/div>\n\t\t\t\t<\/div>\n\t\t\t\t\t\t<\/div>\n\t\t\t\t\t<\/div>\n\t\t<\/div>\n\t\t\t\t<div class=\"elementor-column elementor-col-50 elementor-top-column elementor-element elementor-element-901c47e\" data-id=\"901c47e\" data-element_type=\"column\">\n\t\t\t<div class=\"elementor-column-wrap elementor-element-populated\">\n\t\t\t\t\t\t\t<div class=\"elementor-widget-wrap\">\n\t\t\t\t\t\t<div class=\"elementor-element elementor-element-fe95181 elementor-align-right buttonTarifsTwoWidgetBlock elementor-widget-mobile__width-inherit elementor-mobile-align-left elementor-widget elementor-widget-button\" data-id=\"fe95181\" data-element_type=\"widget\" data-widget_type=\"button.default\">\n\t\t\t\t<div class=\"elementor-widget-container\">\n\t\t\t\t\t<div class=\"elementor-button-wrapper\">\n\t\t\t<a href=\"#elementor-action%3Aaction%3Dpopup%3Aopen%26settings%3DeyJpZCI6MTg2MzIsInRvZ2dsZSI6ZmFsc2V9\" target=\"_blank\" class=\"elementor-button-link elementor-button elementor-size-sm\" role=\"button\" id=\"open-popup\">\n\t\t\t\t\t\t<span class=\"elementor-button-content-wrapper\">\n\t\t\t\t\t\t\t<span class=\"elementor-button-icon elementor-align-icon-right\">\n\t\t\t\t<i aria-hidden=\"true\" class=\"fas fa-arrow-right\"><\/i>\t\t\t<\/span>\n\t\t\t\t\t\t<span class=\"elementor-button-text\">Parler \u00e0 un conseiller<\/span>\n\t\t<\/span>\n\t\t\t\t\t<\/a>\n\t\t<\/div>\n\t\t\t\t<\/div>\n\t\t\t\t<\/div>\n\t\t\t\t\t\t<\/div>\n\t\t\t\t\t<\/div>\n\t\t<\/div>\n\t\t\t\t\t\t\t\t<\/div>\n\t\t\t\t\t<\/div>\n\t\t<\/section>\n\t\t\t\t\t\t\t<\/div>\n\t\t\t\t<\/div>\n\t\t\n<h3>Puis-je souscrire \u00e0 un contrat temporaire en compl\u00e9ment de la s\u00e9curit\u00e9 sociale ?<\/h3>\n<p>Surtout pas car en cas d\u2019hospitalisation vous devrez avancer les frais et attendre le remboursement de la mutuelle et de la s\u00e9curit\u00e9 sociale, ce qui prend beaucoup de temps\u00a0!<\/p>\n<p><strong>Attention<\/strong> : Si vous partez dans plusieurs pays pour plus de 1 an, il vaut mieux souscrire un contrat longue dur\u00e9e !<\/p>\n<p>Nous venons de voir clairement que les n\u00e9cessit\u00e9s d\u2019un expatries diff\u00e8rent amplement de celle d\u2019un voyageur ou d\u2019un stagiaire, raison pour laquelle nos contrats d\u2019assurance expatri\u00e9 doivent proposer des caract\u00e9ristiques adapt\u00e9es au s\u00e9jour longue dur\u00e9e.<\/p>\n<p>Pour une couverture longue dur\u00e9e, nous avons un choix \u00e0 faire concernant sa structure, devons-nous ou pas <a href=\"https:\/\/expat-assurance.com\/fr\/assurance-sante\/caisse-francais-etranger\/\" target=\"_blank\" rel=\"noopener\">souscrire \u00e0 la CFE<\/a> (Caisse des Fran\u00e7ais de l\u2019\u00c9tranger) ?<\/p>\n<h3>Je pars plus plus d\u2019un an mais dans des pays diff\u00e9rents, quel contrat dois-je souscrire ?<\/h3>\n<p>Nous vous recommandons de souscrire une <a href=\"https:\/\/expat-assurance.com\/fr\/assurance-sante-internationale\/assurance-long-sejour-etranger\/\" target=\"_blank\" rel=\"noopener\">assurance pour un long s\u00e9jour \u00e0 l&#8217;\u00e9tranger.<\/a> Un tel contrat permet que le renouvellement au 12<sup>\u00e8me<\/sup> mois soit automatique.<\/p>\n<h3>Quels sont les crit\u00e8res de choix d\u2019une assurance sante temporaire ?<\/h3>\n<p>Les offres sont int\u00e9ressantes et proposent g\u00e9n\u00e9ralement les garanties suivantes\u00a0:<\/p>\n<ul>\n<li>Couverture m\u00e9dicale (hospitalisation et soins courants)<\/li>\n<li>Assistance rapatriement<\/li>\n<li>Assistance juridique<\/li>\n<li>Capital d\u00e9c\u00e8s<\/li>\n<li>Assurance bagages<\/li>\n<li>Responsabilit\u00e9 civile<\/li>\n<\/ul>\n<h2>Assurance expatri\u00e9 : contrat longue dur\u00e9e (+de 12 mois)<\/h2>\n<p>Les n\u00e9cessit\u00e9s d\u2019un expatri\u00e9 diff\u00e8rent de ceux d\u2019un voyageur temporaire, c\u2019est pourquoi nous proposons des assurances sant\u00e9 adapt\u00e9es aux longs s\u00e9jours.<\/p>\n<h3>Avec ou sans la CFE\u00a0?<\/h3>\n<p>Pour une couverture longue dur\u00e9e, deux choix s\u2019offrent \u00e0 vous : souscrire ou non \u00e0 la CFE.<\/p>\n<h3>Vos options d\u2019assurance<\/h3>\n<p>Nos partenaires pr\u00e9sentent un panel de garantie allant de la plus basique a la plus compl\u00e8te en proposant des options int\u00e9ressantes dites de <a href=\"https:\/\/expat-assurance.com\/fr\/protection-sociale-expatrie\/assurance-prevoyance-expatries\/\">pr\u00e9voyance<\/a> :<\/p>\n<p>En savoir plus\u2026<\/p>\n<h3>Nos services<\/h3>\n<p>Nous vous accompagnons dans le choix de votre assurance et de vos options. Nous vous assistons tout au long de la dur\u00e9e de votre contrat.<\/p>\n","protected":false},"excerpt":{"rendered":"<p>Contrat Temporaire ou longue dur\u00e9e ? Deux types de contrats s\u2019offrent \u00e0 vous et diff\u00e8rent selon vos n\u00e9cessit\u00e9s : contrat d\u2019assurance sant\u00e9 temporaire ou longue dur\u00e9e. Les contrats temporaires sont pour les s\u00e9jours inf\u00e9rieurs ou \u00e9gaux \u00e0 12 mois. \u00c0 la fin du s\u00e9jour, vous retrouverez le syst\u00e8me de protection de la s\u00e9curit\u00e9 sociale fran\u00e7aise. [&hellip;]<\/p>\n","protected":false},"author":5,"featured_media":0,"parent":0,"menu_order":0,"comment_status":"closed","ping_status":"closed","template":"","meta":{"footnotes":""},"acf":[],"yoast_head":"<!-- This site is optimized with the Yoast SEO Premium plugin v20.9 (Yoast SEO v24.5) - https:\/\/yoast.com\/wordpress\/plugins\/seo\/ -->\n<title>Contrat temporaire ou longue dur\u00e9e ? - Expat Assurance<\/title>\n<meta name=\"description\" content=\"Le choix du contrat d&#039;assurance, temporaire ou longue dur\u00e9e, est primordial pour votre couverture sant\u00e9 internationale. Les conseils de nos experts.\" \/>\n<meta name=\"robots\" content=\"index, follow, max-snippet:-1, max-image-preview:large, max-video-preview:-1\" \/>\n<link rel=\"canonical\" href=\"https:\/\/expat-assurance.com\/fr\/contrat-temporaire-longue-duree\/\" \/>\n<meta property=\"og:locale\" content=\"fr_FR\" \/>\n<meta property=\"og:type\" content=\"article\" \/>\n<meta property=\"og:title\" content=\"Contrat temporaire ou longue dur\u00e9e ?\" \/>\n<meta property=\"og:description\" content=\"Le choix du contrat d&#039;assurance, temporaire ou longue dur\u00e9e, est primordial pour votre couverture sant\u00e9 internationale. Les conseils de nos experts.\" \/>\n<meta property=\"og:url\" content=\"https:\/\/expat-assurance.com\/fr\/contrat-temporaire-longue-duree\/\" \/>\n<meta property=\"og:site_name\" content=\"Expat Assurance\" \/>\n<meta property=\"article:publisher\" content=\"http:\/\/www.facebook.com\/expatassurance\/\" \/>\n<meta property=\"article:modified_time\" content=\"2025-06-10T12:59:45+00:00\" \/>\n<meta property=\"og:image\" content=\"https:\/\/expat-assurance.com\/wp-content\/uploads\/2019\/04\/Logo-EA-Sticker.jpg\" \/>\n\t<meta property=\"og:image:width\" content=\"1200\" \/>\n\t<meta property=\"og:image:height\" content=\"630\" \/>\n\t<meta property=\"og:image:type\" content=\"image\/jpeg\" \/>\n<meta name=\"twitter:card\" content=\"summary_large_image\" \/>\n<meta name=\"twitter:label1\" content=\"Est. reading time\" \/>\n\t<meta name=\"twitter:data1\" content=\"3 minutes\" \/>\n<script type=\"application\/ld+json\" class=\"yoast-schema-graph\">{\"@context\":\"https:\/\/schema.org\",\"@graph\":[{\"@type\":\"WebPage\",\"@id\":\"https:\/\/expat-assurance.com\/fr\/contrat-temporaire-longue-duree\/\",\"url\":\"https:\/\/expat-assurance.com\/fr\/contrat-temporaire-longue-duree\/\",\"name\":\"Contrat temporaire ou longue dur\u00e9e ? - Expat Assurance\",\"isPartOf\":{\"@id\":\"https:\/\/expat-assurance.com\/fr\/#website\"},\"datePublished\":\"2020-11-27T09:14:50+00:00\",\"dateModified\":\"2025-06-10T12:59:45+00:00\",\"description\":\"Le choix du contrat d'assurance, temporaire ou longue dur\u00e9e, est primordial pour votre couverture sant\u00e9 internationale. Les conseils de nos experts.\",\"breadcrumb\":{\"@id\":\"https:\/\/expat-assurance.com\/fr\/contrat-temporaire-longue-duree\/#breadcrumb\"},\"inLanguage\":\"fr\",\"potentialAction\":[{\"@type\":\"ReadAction\",\"target\":[\"https:\/\/expat-assurance.com\/fr\/contrat-temporaire-longue-duree\/\"]}]},{\"@type\":\"BreadcrumbList\",\"@id\":\"https:\/\/expat-assurance.com\/fr\/contrat-temporaire-longue-duree\/#breadcrumb\",\"itemListElement\":[{\"@type\":\"ListItem\",\"position\":1,\"name\":\"Expat Assurance\",\"item\":\"https:\/\/expat-assurance.com\/fr\/\"},{\"@type\":\"ListItem\",\"position\":2,\"name\":\"Contrat temporaire ou longue dur\u00e9e ?\"}]},{\"@type\":\"WebSite\",\"@id\":\"https:\/\/expat-assurance.com\/fr\/#website\",\"url\":\"https:\/\/expat-assurance.com\/fr\/\",\"name\":\"Expat Assurance\",\"description\":\"Expert de l&#039;assurance sant\u00e9 pour expatri\u00e9s sur le continent Am\u00e9ricain.\",\"publisher\":{\"@id\":\"https:\/\/expat-assurance.com\/fr\/#organization\"},\"potentialAction\":[{\"@type\":\"SearchAction\",\"target\":{\"@type\":\"EntryPoint\",\"urlTemplate\":\"https:\/\/expat-assurance.com\/fr\/?s={search_term_string}\"},\"query-input\":{\"@type\":\"PropertyValueSpecification\",\"valueRequired\":true,\"valueName\":\"search_term_string\"}}],\"inLanguage\":\"fr\"},{\"@type\":\"Organization\",\"@id\":\"https:\/\/expat-assurance.com\/fr\/#organization\",\"name\":\"Expat Assurance\",\"url\":\"https:\/\/expat-assurance.com\/fr\/\",\"logo\":{\"@type\":\"ImageObject\",\"inLanguage\":\"fr\",\"@id\":\"https:\/\/expat-assurance.com\/fr\/#\/schema\/logo\/image\/\",\"url\":\"https:\/\/expat-assurance.com\/wp-content\/uploads\/2020\/11\/expat-logo.svg\",\"contentUrl\":\"https:\/\/expat-assurance.com\/wp-content\/uploads\/2020\/11\/expat-logo.svg\",\"width\":1,\"height\":1,\"caption\":\"Expat Assurance\"},\"image\":{\"@id\":\"https:\/\/expat-assurance.com\/fr\/#\/schema\/logo\/image\/\"},\"sameAs\":[\"http:\/\/www.facebook.com\/expatassurance\/\"]}]}<\/script>\n<!-- \/ Yoast SEO Premium plugin. -->","yoast_head_json":{"title":"Contrat temporaire ou longue dur\u00e9e ? - Expat Assurance","description":"Le choix du contrat d'assurance, temporaire ou longue dur\u00e9e, est primordial pour votre couverture sant\u00e9 internationale. Les conseils de nos experts.","robots":{"index":"index","follow":"follow","max-snippet":"max-snippet:-1","max-image-preview":"max-image-preview:large","max-video-preview":"max-video-preview:-1"},"canonical":"https:\/\/expat-assurance.com\/fr\/contrat-temporaire-longue-duree\/","og_locale":"fr_FR","og_type":"article","og_title":"Contrat temporaire ou longue dur\u00e9e ?","og_description":"Le choix du contrat d'assurance, temporaire ou longue dur\u00e9e, est primordial pour votre couverture sant\u00e9 internationale. Les conseils de nos experts.","og_url":"https:\/\/expat-assurance.com\/fr\/contrat-temporaire-longue-duree\/","og_site_name":"Expat Assurance","article_publisher":"http:\/\/www.facebook.com\/expatassurance\/","article_modified_time":"2025-06-10T12:59:45+00:00","og_image":[{"width":1200,"height":630,"url":"https:\/\/expat-assurance.com\/wp-content\/uploads\/2019\/04\/Logo-EA-Sticker.jpg","type":"image\/jpeg"}],"twitter_card":"summary_large_image","twitter_misc":{"Est. reading time":"3 minutes"},"schema":{"@context":"https:\/\/schema.org","@graph":[{"@type":"WebPage","@id":"https:\/\/expat-assurance.com\/fr\/contrat-temporaire-longue-duree\/","url":"https:\/\/expat-assurance.com\/fr\/contrat-temporaire-longue-duree\/","name":"Contrat temporaire ou longue dur\u00e9e ? - Expat Assurance","isPartOf":{"@id":"https:\/\/expat-assurance.com\/fr\/#website"},"datePublished":"2020-11-27T09:14:50+00:00","dateModified":"2025-06-10T12:59:45+00:00","description":"Le choix du contrat d'assurance, temporaire ou longue dur\u00e9e, est primordial pour votre couverture sant\u00e9 internationale. Les conseils de nos experts.","breadcrumb":{"@id":"https:\/\/expat-assurance.com\/fr\/contrat-temporaire-longue-duree\/#breadcrumb"},"inLanguage":"fr","potentialAction":[{"@type":"ReadAction","target":["https:\/\/expat-assurance.com\/fr\/contrat-temporaire-longue-duree\/"]}]},{"@type":"BreadcrumbList","@id":"https:\/\/expat-assurance.com\/fr\/contrat-temporaire-longue-duree\/#breadcrumb","itemListElement":[{"@type":"ListItem","position":1,"name":"Expat Assurance","item":"https:\/\/expat-assurance.com\/fr\/"},{"@type":"ListItem","position":2,"name":"Contrat temporaire ou longue dur\u00e9e ?"}]},{"@type":"WebSite","@id":"https:\/\/expat-assurance.com\/fr\/#website","url":"https:\/\/expat-assurance.com\/fr\/","name":"Expat Assurance","description":"Expert de l&#039;assurance sant\u00e9 pour expatri\u00e9s sur le continent Am\u00e9ricain.","publisher":{"@id":"https:\/\/expat-assurance.com\/fr\/#organization"},"potentialAction":[{"@type":"SearchAction","target":{"@type":"EntryPoint","urlTemplate":"https:\/\/expat-assurance.com\/fr\/?s={search_term_string}"},"query-input":{"@type":"PropertyValueSpecification","valueRequired":true,"valueName":"search_term_string"}}],"inLanguage":"fr"},{"@type":"Organization","@id":"https:\/\/expat-assurance.com\/fr\/#organization","name":"Expat Assurance","url":"https:\/\/expat-assurance.com\/fr\/","logo":{"@type":"ImageObject","inLanguage":"fr","@id":"https:\/\/expat-assurance.com\/fr\/#\/schema\/logo\/image\/","url":"https:\/\/expat-assurance.com\/wp-content\/uploads\/2020\/11\/expat-logo.svg","contentUrl":"https:\/\/expat-assurance.com\/wp-content\/uploads\/2020\/11\/expat-logo.svg","width":1,"height":1,"caption":"Expat Assurance"},"image":{"@id":"https:\/\/expat-assurance.com\/fr\/#\/schema\/logo\/image\/"},"sameAs":["http:\/\/www.facebook.com\/expatassurance\/"]}]}},"_links":{"self":[{"href":"https:\/\/expat-assurance.com\/fr\/wp-json\/wp\/v2\/pages\/10593"}],"collection":[{"href":"https:\/\/expat-assurance.com\/fr\/wp-json\/wp\/v2\/pages"}],"about":[{"href":"https:\/\/expat-assurance.com\/fr\/wp-json\/wp\/v2\/types\/page"}],"author":[{"embeddable":true,"href":"https:\/\/expat-assurance.com\/fr\/wp-json\/wp\/v2\/users\/5"}],"replies":[{"embeddable":true,"href":"https:\/\/expat-assurance.com\/fr\/wp-json\/wp\/v2\/comments?post=10593"}],"version-history":[{"count":9,"href":"https:\/\/expat-assurance.com\/fr\/wp-json\/wp\/v2\/pages\/10593\/revisions"}],"predecessor-version":[{"id":42120,"href":"https:\/\/expat-assurance.com\/fr\/wp-json\/wp\/v2\/pages\/10593\/revisions\/42120"}],"wp:attachment":[{"href":"https:\/\/expat-assurance.com\/fr\/wp-json\/wp\/v2\/media?parent=10593"}],"curies":[{"name":"wp","href":"https:\/\/api.w.org\/{rel}","templated":true}]}}