{"id":38342,"date":"2023-11-01T14:36:00","date_gmt":"2023-11-01T12:36:00","guid":{"rendered":"https:\/\/expat-assurance.com\/politique-cookies\/"},"modified":"2024-02-22T10:09:01","modified_gmt":"2024-02-22T08:09:01","slug":"politica-cookie","status":"publish","type":"page","link":"https:\/\/expat-assurance.com\/es\/politica-cookie\/","title":{"rendered":"POL\u00cdTICA DE COOKIES"},"content":{"rendered":"<p class=\"p1\"><b>Las cookies son muy \u00fatiles, tanto para usted como para nosotros. En esta pol\u00edtica, le explicamos por qu\u00e9 utilizamos cookies, cu\u00e1les utilizamos y, sobre todo, c\u00f3mo estas cookies hacen que su navegaci\u00f3n sea m\u00e1s agradable.<\/b><\/p>\n<h2>1. \u00bfQu\u00e9 es una cookie?<\/h2>\n<p class=\"p1\">Una cookie es un peque\u00f1o archivo de texto que su navegador guarda y\/o lee en el disco duro de su dispositivo, y que permite obtener informaci\u00f3n sobre su navegaci\u00f3n en nuestro sitio web.<\/p>\n<h3><span class=\"s2\">Cookies necesarias <\/span>:<\/h3>\n<p class=\"p1\">Algunas facilitan su navegaci\u00f3n en nuestro sitio, son las cookies t\u00e9cnicas, mientras que otras son necesarias para que el sitio funcione, son las cookies de funcionalidad. Las cookies necesarias no se pueden desactivar ya que son esenciales para el funcionamiento del sitio.<\/p>\n<h3><span class=\"s2\">Cookies no necesarias <\/span>:<\/h3>\n<p class=\"p1\">No influyen en la calidad de su navegaci\u00f3n ni en las funciones b\u00e1sicas del sitio. Son las cookies publicitarias o de seguimiento y las relacionadas con el rendimiento del sitio. Nosotros o nuestros socios siempre las depositamos con su consentimiento expl\u00edcito.<\/p>\n<h3 class=\"p1\">\u00bfCu\u00e1l es la duraci\u00f3n de una cookie?<\/h3>\n<p class=\"p1\"><b>Algunas cookies son &#8220;de sesi\u00f3n&#8221;, <\/b>desaparecen tan pronto como sale del sitio. <b>Otras cookies son &#8220;persistentes&#8221;<\/b>, permanecen en su dispositivo hasta su vencimiento o hasta que las elimine a trav\u00e9s de las funciones de su navegador.<\/p>\n<h2>2. \u00bfPara qu\u00e9 sirven las cookies?<\/h2>\n<p class=\"p1\">Las cookies permiten:<\/p>\n<ul class=\"ul1\">\n<li class=\"li1\"><b>El buen funcionamiento del sitio y de nuestros servicios, <\/b>recordando sus preferencias sobre el uso de cookies o garantizando la seguridad en nuestro sitio, por ejemplo.<b> <\/b><\/li>\n<li class=\"li1\"><b>Mejorar la navegaci\u00f3n y la experiencia utilizando su idioma,<\/b> por ejemplo, o ofreci\u00e9ndole contenido personalizado.<\/li>\n<li class=\"li1\"><b>Mejorar las interacciones con sus redes sociales, <\/b>como LinkedIn o Facebook.<b> <\/b><\/li>\n<li class=\"li1\"><b>Analizar el uso del sitio y su frecuencia <\/b>para ayudarnos a comprender el rendimiento de nuestro sitio.<\/li>\n<\/ul>\n<h2>3. \u00bfQu\u00e9 cookies utilizamos?<\/h2>\n<p><strong>Cookies t\u00e9cnicas y de funcionalidad (n\u00e9cesarias)<\/strong><\/p>\n\n\n<figure class=\"wp-block-table\"><table><tbody><tr><td><strong><strong>Nom<\/strong><\/strong><\/td><td><strong><strong><strong>Descripci\u00f3n<\/strong><\/strong><\/strong><\/td><td><strong><strong><strong>Dominios<\/strong><\/strong><\/strong><\/td><td><strong><strong><strong>Duraci\u00f3n<\/strong><\/strong><\/strong><\/td><\/tr><tr><td>WPML<\/td><td>Registra el idioma del usuario y puede redirigirlo a la versi\u00f3n del sitio web que corresponda con el idioma del navegador.<\/td><td>.expat-assurance.com<\/td><td>1 d\u00eda, sesi\u00f3n, sin caducidad<\/td><\/tr><tr><td>Elementor<\/td><td>Registra el n\u00famero de vistas de p\u00e1gina y sesiones activas del usuario.<\/td><td>.expat-assurance.com<\/td><td>Sesi\u00f3n<\/td><\/tr><tr><td>Cloudflare<\/td><td>Protege los sitios web contra el tr\u00e1fico malicioso, utilizado para identificar de manera \u00fanica al usuario.<\/td><td>.expat-assurance.com<\/td><td>Sesi\u00f3n, 30 minutos, 1 minuto, 1 d\u00eda<\/td><\/tr><tr><td>Real Cookie banner<\/td><td>Registra las preferencias de cookies y el consentimiento de los usuarios.<\/td><td>.expat-assurance.com<\/td><td>365 d\u00edas<\/td><\/tr><tr><td>Google Tag Manager<\/td><td>Gestiona etiquetas de Google para activar scripts de terceros o enviar datos a un servicio de terceros.<\/td><td>.google.com<\/td><td>Sesi\u00f3n<\/td><\/tr><tr><td>YouTube<\/td><td>Integraci\u00f3n de contenido publicado en youtube.com en sitios web para enriquecerlos con videos.<\/td><td>.youtube.com<\/td><td>Sesi\u00f3n, 1 d\u00eda, 6 meses, 9 meses, 1 a\u00f1o, 13 meses<\/td><\/tr><tr><td>Google maps<\/td><td>Integraci\u00f3n de mapas directamente en sitios web para mejorarlos.<\/td><td>.google.com<\/td><td>6 meses, 1 a\u00f1o, 13 meses<\/td><\/tr><tr><td>Google fonts<\/td><td>Integraci\u00f3n de fuentes en sitios web para mejorarlos sin instalar las fuentes en su dispositivo.<\/td><td>.google.com<\/td><td>No especificado<\/td><\/tr><tr><td>Facebook<\/td><td>Integraci\u00f3n de contenido publicado en facebook.com en sitios web para mejorarlos.<\/td><td>.facebook.com<\/td><td>Sesi\u00f3n, 1 d\u00eda, 2 a\u00f1os, 3 meses, 7 d\u00edas, 1 a\u00f1o, 13 meses<\/td><\/tr><tr><td>Google reCAPTCHA<\/td><td>Soluci\u00f3n para evitar el spam y detectar robots.<\/td><td>.google.com<\/td><td>Sesi\u00f3n, 1 d\u00eda, 6 meses, 1 a\u00f1o, 13 meses<\/td><\/tr><\/tbody><\/table><\/figure>\n\n\n\n<p><\/p>\n\n\n\n<p><strong>Cookies de personalizacion y rendimieno (no necesarias)<\/strong><\/p>\n\n\n\n<figure class=\"wp-block-table\"><table><tbody><tr><td><strong><strong><strong>Nom<\/strong><\/strong><\/strong><\/td><td><strong><strong>Descripci\u00f3n<\/strong><\/strong><\/td><td><strong><strong><strong>Dominios<\/strong><\/strong><\/strong><\/td><td><strong><strong><strong>Duraci\u00f3n<\/strong><\/strong><\/strong><\/td><\/tr><tr><td>Google Analytics<\/td><td>Crea estad\u00edsticas detalladas sobre el comportamiento de los usuarios en el sitio.<\/td><td>.expat-assurance.com<\/td><td>24 meses<\/td><\/tr><tr><td>HubSpot<\/td><td>Registra sesiones y ajusta datos de sesi\u00f3n, rastreo de visitantes.<\/td><td>hubspot.com<\/td><td>5 meses<\/td><\/tr><tr><td>Facebook<\/td><td>Integraci\u00f3n de p\u00e1ginas de Facebook \/ botones de compartir y me gusta en sitios web para mejorar el sitio.<\/td><td>.facebook.com<\/td><td>1 a\u00f1o, 7 d\u00edas, 1 a\u00f1o, 13 meses<\/td><\/tr><\/tbody><\/table><\/figure>\n\n\n\n<h2 class=\"wp-block-heading\" id=\"h-4-como-gestionar-sus-cookies\">4. \u00bfC\u00f3mo gestionar sus cookies?&nbsp;<\/h2>\n\n\n\n<p>La mayor\u00eda de los navegadores le permiten rechazar las cookies. Los m\u00e9todos var\u00edan de un navegador a otro y de una versi\u00f3n a otra.<\/p>\n\n\n\n<ul>\n<li><a href=\"https:\/\/support.google.com\/accounts\/answer\/61416?hl=es-419&amp;co=GENIE.Platform=Desktop\" target=\"_blank\" rel=\"noreferrer noopener\">Google Chrome<\/a><\/li>\n\n\n\n<li><a href=\"https:\/\/support.mozilla.org\/es\/kb\/Protecci%25C3%25B3n-contra-el-rastreo-mejorada-en-Firefox-para-escritorio\" target=\"_blank\" rel=\"noreferrer noopener\">Mozilla Firefox<\/a><\/li>\n\n\n\n<li><a href=\"https:\/\/help.opera.com\/en\/latest\/web-preferences\/\" target=\"_blank\" rel=\"noreferrer noopener\">Opera<\/a><\/li>\n\n\n\n<li><a href=\"https:\/\/support.microsoft.com\/es-es\/windows\/eliminar-y-administrar-cookies-168dab11-0753-043d-7c16-ede5947fc64d\" target=\"_blank\" rel=\"noreferrer noopener\">Internet explorer<\/a><\/li>\n\n\n\n<li><a href=\"https:\/\/support.apple.com\/es-es\/guide\/safari\/ibrw850f6c51\/mac\" target=\"_blank\" rel=\"noreferrer noopener\">Safari<\/a><\/li>\n\n\n\n<li><a href=\"https:\/\/support.microsoft.com\/es-es\/windows\/microsoft-edge-datos-de-exploraci%25C3%25B3n-y-privacidad-bb8174ba-9d73-dcf2-9b4a-c582b4e640dd\" target=\"_blank\" rel=\"noreferrer noopener\">Microsoft Edge<\/a><\/li>\n<\/ul>\n\n\n\n<p>La configuraci\u00f3n de su navegador para rechazar o limitar el uso de cookies puede limitar o restringir el acceso a ciertos servicios, p\u00e1ginas o contenidos y a algunas funciones de nuestro sitio.<\/p>\n\n\n<p><style>.singePostHubspotSection,.relatedPostsSection,.stickySection{display:none!important}<\/style>\n<\/p>","protected":false},"excerpt":{"rendered":"<p>Las cookies son muy \u00fatiles, tanto para usted como para nosotros. En esta pol\u00edtica, le explicamos por qu\u00e9 utilizamos cookies, cu\u00e1les utilizamos y, sobre todo, c\u00f3mo estas cookies hacen que su navegaci\u00f3n sea m\u00e1s agradable. 1. \u00bfQu\u00e9 es una cookie? Una cookie es un peque\u00f1o archivo de texto que su navegador guarda y\/o lee en [&hellip;]<\/p>\n","protected":false},"author":5,"featured_media":0,"parent":0,"menu_order":0,"comment_status":"closed","ping_status":"closed","template":"","meta":{"footnotes":""},"acf":[],"yoast_head":"<!-- This site is optimized with the Yoast SEO Premium plugin v20.9 (Yoast SEO v24.5) - https:\/\/yoast.com\/wordpress\/plugins\/seo\/ -->\n<title>POL\u00cdTICA DE COOKIES - Expat Assurance<\/title>\n<meta name=\"robots\" content=\"index, follow, max-snippet:-1, max-image-preview:large, max-video-preview:-1\" \/>\n<link rel=\"canonical\" href=\"https:\/\/expat-assurance.com\/es\/politica-cookie\/\" \/>\n<meta property=\"og:locale\" content=\"es_ES\" \/>\n<meta property=\"og:type\" content=\"article\" \/>\n<meta property=\"og:title\" content=\"POL\u00cdTICA DE COOKIES\" \/>\n<meta property=\"og:description\" content=\"Las cookies son muy \u00fatiles, tanto para usted como para nosotros. En esta pol\u00edtica, le explicamos por qu\u00e9 utilizamos cookies, cu\u00e1les utilizamos y, sobre todo, c\u00f3mo estas cookies hacen que su navegaci\u00f3n sea m\u00e1s agradable. 1. \u00bfQu\u00e9 es una cookie? Una cookie es un peque\u00f1o archivo de texto que su navegador guarda y\/o lee en [&hellip;]\" \/>\n<meta property=\"og:url\" content=\"https:\/\/expat-assurance.com\/es\/politica-cookie\/\" \/>\n<meta property=\"og:site_name\" content=\"Expat Assurance\" \/>\n<meta property=\"article:publisher\" content=\"http:\/\/www.facebook.com\/expatassurance\/\" \/>\n<meta property=\"article:modified_time\" content=\"2024-02-22T08:09:01+00:00\" \/>\n<meta property=\"og:image\" content=\"https:\/\/expat-assurance.com\/wp-content\/uploads\/2019\/04\/Logo-EA-Sticker.jpg\" \/>\n\t<meta property=\"og:image:width\" content=\"1200\" \/>\n\t<meta property=\"og:image:height\" content=\"630\" \/>\n\t<meta property=\"og:image:type\" content=\"image\/jpeg\" \/>\n<meta name=\"twitter:card\" content=\"summary_large_image\" \/>\n<meta name=\"twitter:label1\" content=\"Est. reading time\" \/>\n\t<meta name=\"twitter:data1\" content=\"3 minutes\" \/>\n<script type=\"application\/ld+json\" class=\"yoast-schema-graph\">{\"@context\":\"https:\/\/schema.org\",\"@graph\":[{\"@type\":\"WebPage\",\"@id\":\"https:\/\/expat-assurance.com\/es\/politica-cookie\/\",\"url\":\"https:\/\/expat-assurance.com\/es\/politica-cookie\/\",\"name\":\"POL\u00cdTICA DE COOKIES - Expat Assurance\",\"isPartOf\":{\"@id\":\"https:\/\/expat-assurance.com\/es\/#website\"},\"datePublished\":\"2023-11-01T12:36:00+00:00\",\"dateModified\":\"2024-02-22T08:09:01+00:00\",\"breadcrumb\":{\"@id\":\"https:\/\/expat-assurance.com\/es\/politica-cookie\/#breadcrumb\"},\"inLanguage\":\"es\",\"potentialAction\":[{\"@type\":\"ReadAction\",\"target\":[\"https:\/\/expat-assurance.com\/es\/politica-cookie\/\"]}]},{\"@type\":\"BreadcrumbList\",\"@id\":\"https:\/\/expat-assurance.com\/es\/politica-cookie\/#breadcrumb\",\"itemListElement\":[{\"@type\":\"ListItem\",\"position\":1,\"name\":\"Expat Assurance\",\"item\":\"https:\/\/expat-assurance.com\/es\/\"},{\"@type\":\"ListItem\",\"position\":2,\"name\":\"POL\u00cdTICA DE COOKIES\"}]},{\"@type\":\"WebSite\",\"@id\":\"https:\/\/expat-assurance.com\/es\/#website\",\"url\":\"https:\/\/expat-assurance.com\/es\/\",\"name\":\"Expat Assurance\",\"description\":\"Expert de l&#039;assurance sant\u00e9 pour expatri\u00e9s sur le continent Am\u00e9ricain.\",\"publisher\":{\"@id\":\"https:\/\/expat-assurance.com\/es\/#organization\"},\"potentialAction\":[{\"@type\":\"SearchAction\",\"target\":{\"@type\":\"EntryPoint\",\"urlTemplate\":\"https:\/\/expat-assurance.com\/es\/?s={search_term_string}\"},\"query-input\":{\"@type\":\"PropertyValueSpecification\",\"valueRequired\":true,\"valueName\":\"search_term_string\"}}],\"inLanguage\":\"es\"},{\"@type\":\"Organization\",\"@id\":\"https:\/\/expat-assurance.com\/es\/#organization\",\"name\":\"Expat Assurance\",\"url\":\"https:\/\/expat-assurance.com\/es\/\",\"logo\":{\"@type\":\"ImageObject\",\"inLanguage\":\"es\",\"@id\":\"https:\/\/expat-assurance.com\/es\/#\/schema\/logo\/image\/\",\"url\":\"https:\/\/expat-assurance.com\/wp-content\/uploads\/2020\/11\/expat-logo.svg\",\"contentUrl\":\"https:\/\/expat-assurance.com\/wp-content\/uploads\/2020\/11\/expat-logo.svg\",\"width\":1,\"height\":1,\"caption\":\"Expat Assurance\"},\"image\":{\"@id\":\"https:\/\/expat-assurance.com\/es\/#\/schema\/logo\/image\/\"},\"sameAs\":[\"http:\/\/www.facebook.com\/expatassurance\/\"]}]}<\/script>\n<!-- \/ Yoast SEO Premium plugin. -->","yoast_head_json":{"title":"POL\u00cdTICA DE COOKIES - Expat Assurance","robots":{"index":"index","follow":"follow","max-snippet":"max-snippet:-1","max-image-preview":"max-image-preview:large","max-video-preview":"max-video-preview:-1"},"canonical":"https:\/\/expat-assurance.com\/es\/politica-cookie\/","og_locale":"es_ES","og_type":"article","og_title":"POL\u00cdTICA DE COOKIES","og_description":"Las cookies son muy \u00fatiles, tanto para usted como para nosotros. En esta pol\u00edtica, le explicamos por qu\u00e9 utilizamos cookies, cu\u00e1les utilizamos y, sobre todo, c\u00f3mo estas cookies hacen que su navegaci\u00f3n sea m\u00e1s agradable. 1. \u00bfQu\u00e9 es una cookie? Una cookie es un peque\u00f1o archivo de texto que su navegador guarda y\/o lee en [&hellip;]","og_url":"https:\/\/expat-assurance.com\/es\/politica-cookie\/","og_site_name":"Expat Assurance","article_publisher":"http:\/\/www.facebook.com\/expatassurance\/","article_modified_time":"2024-02-22T08:09:01+00:00","og_image":[{"width":1200,"height":630,"url":"https:\/\/expat-assurance.com\/wp-content\/uploads\/2019\/04\/Logo-EA-Sticker.jpg","type":"image\/jpeg"}],"twitter_card":"summary_large_image","twitter_misc":{"Est. reading time":"3 minutes"},"schema":{"@context":"https:\/\/schema.org","@graph":[{"@type":"WebPage","@id":"https:\/\/expat-assurance.com\/es\/politica-cookie\/","url":"https:\/\/expat-assurance.com\/es\/politica-cookie\/","name":"POL\u00cdTICA DE COOKIES - Expat Assurance","isPartOf":{"@id":"https:\/\/expat-assurance.com\/es\/#website"},"datePublished":"2023-11-01T12:36:00+00:00","dateModified":"2024-02-22T08:09:01+00:00","breadcrumb":{"@id":"https:\/\/expat-assurance.com\/es\/politica-cookie\/#breadcrumb"},"inLanguage":"es","potentialAction":[{"@type":"ReadAction","target":["https:\/\/expat-assurance.com\/es\/politica-cookie\/"]}]},{"@type":"BreadcrumbList","@id":"https:\/\/expat-assurance.com\/es\/politica-cookie\/#breadcrumb","itemListElement":[{"@type":"ListItem","position":1,"name":"Expat Assurance","item":"https:\/\/expat-assurance.com\/es\/"},{"@type":"ListItem","position":2,"name":"POL\u00cdTICA DE COOKIES"}]},{"@type":"WebSite","@id":"https:\/\/expat-assurance.com\/es\/#website","url":"https:\/\/expat-assurance.com\/es\/","name":"Expat Assurance","description":"Expert de l&#039;assurance sant\u00e9 pour expatri\u00e9s sur le continent Am\u00e9ricain.","publisher":{"@id":"https:\/\/expat-assurance.com\/es\/#organization"},"potentialAction":[{"@type":"SearchAction","target":{"@type":"EntryPoint","urlTemplate":"https:\/\/expat-assurance.com\/es\/?s={search_term_string}"},"query-input":{"@type":"PropertyValueSpecification","valueRequired":true,"valueName":"search_term_string"}}],"inLanguage":"es"},{"@type":"Organization","@id":"https:\/\/expat-assurance.com\/es\/#organization","name":"Expat Assurance","url":"https:\/\/expat-assurance.com\/es\/","logo":{"@type":"ImageObject","inLanguage":"es","@id":"https:\/\/expat-assurance.com\/es\/#\/schema\/logo\/image\/","url":"https:\/\/expat-assurance.com\/wp-content\/uploads\/2020\/11\/expat-logo.svg","contentUrl":"https:\/\/expat-assurance.com\/wp-content\/uploads\/2020\/11\/expat-logo.svg","width":1,"height":1,"caption":"Expat Assurance"},"image":{"@id":"https:\/\/expat-assurance.com\/es\/#\/schema\/logo\/image\/"},"sameAs":["http:\/\/www.facebook.com\/expatassurance\/"]}]}},"_links":{"self":[{"href":"https:\/\/expat-assurance.com\/es\/wp-json\/wp\/v2\/pages\/38342"}],"collection":[{"href":"https:\/\/expat-assurance.com\/es\/wp-json\/wp\/v2\/pages"}],"about":[{"href":"https:\/\/expat-assurance.com\/es\/wp-json\/wp\/v2\/types\/page"}],"author":[{"embeddable":true,"href":"https:\/\/expat-assurance.com\/es\/wp-json\/wp\/v2\/users\/5"}],"replies":[{"embeddable":true,"href":"https:\/\/expat-assurance.com\/es\/wp-json\/wp\/v2\/comments?post=38342"}],"version-history":[{"count":4,"href":"https:\/\/expat-assurance.com\/es\/wp-json\/wp\/v2\/pages\/38342\/revisions"}],"predecessor-version":[{"id":39220,"href":"https:\/\/expat-assurance.com\/es\/wp-json\/wp\/v2\/pages\/38342\/revisions\/39220"}],"wp:attachment":[{"href":"https:\/\/expat-assurance.com\/es\/wp-json\/wp\/v2\/media?parent=38342"}],"curies":[{"name":"wp","href":"https:\/\/api.w.org\/{rel}","templated":true}]}}