{"id":3757,"date":"2018-08-21T07:22:42","date_gmt":"2018-08-21T13:22:42","guid":{"rendered":"https:\/\/expat-assurance.com\/?page_id=3757"},"modified":"2020-12-07T05:52:18","modified_gmt":"2020-12-07T11:52:18","slug":"seguros-salud-viaje-pvt-whv","status":"publish","type":"page","link":"https:\/\/expat-assurance.com\/es\/seguros-salud-viaje-pvt-whv\/","title":{"rendered":"Seguros de viaje Pvt \/ Whv"},"content":{"rendered":"<p>VVT \/ WHV \/ PVT<\/p>\n<p>Buscan un seguro medico para su VVT \/ WHV \/ PVT en Francia y la obtenci\u00f3n de su Visa Vacances Travail (Working Holiday Visa)?<\/p>\n<p>Nuestras propuestas cumplen con dos requisitos fundamentales:<\/p>\n<ul>\n<li>Las tres soluciones que les presentamos a continuaci\u00f3n, <b>conforme a los requerimientos del consulado de Francia<\/b>; son productos que responden a las exigencias del gobierno franc\u00e9s.<\/li>\n<\/ul>\n<ul>\n<li>Son aseguradoras francesas especializadas en seguros para expatriados. Las tres compa\u00f1\u00edas April International, Chapka y MSH International tienen <strong>su casa matriz<\/strong> en Francia para ayudarles directamente all\u00e1 en caso de problema de salud o de hospitalizaci\u00f3n.<\/li>\n<\/ul>\n<p>Como suscribir ?<\/p>\n<p>con el link de adhesi\u00f3n:<br \/>\nPara April y MSH despu\u00e9s de suscribir en l\u00ednea habr\u00e1 que regresar firmado por mail el cuestionario medico.<br \/>\nPara Chapka, no ser\u00e1 necesario, no hay cuestionario medico.<\/p>\n<p>A trav\u00e9s del chat o por mail: <a href=\"mailto:Ines@expat-assurance.com\">ines@expat-assurance.com<\/a> o por tel\u00e9fono:<a href=\"tel:+5215527890329\">\u00a0(55) 27 89 03 29<\/a><\/p>\n<p>Oaxaca 96 201 B, Col. Roma Norte Del. Cuauhtemoc, CP 06700 CDMX, M\u00e9xico de Lunes a Jueves de 9h a 14h y de 15h a 17h.<\/p>\n<p>Comparador Seguros Medicos VVT \/ WHV \/ PVT<\/p>\n<p>Tope aplicado solo para un cuarto privado , cuesta 40 euros en promedio en Francia<\/p>\n","protected":false},"excerpt":{"rendered":"<p>VVT \/ WHV \/ PVT Buscan un seguro medico para su VVT \/ WHV \/ PVT en Francia y la obtenci\u00f3n de su Visa Vacances Travail (Working Holiday Visa)? Nuestras propuestas cumplen con dos requisitos fundamentales: Las tres soluciones que les presentamos a continuaci\u00f3n, conforme a los requerimientos del consulado de Francia; son productos que [&hellip;]<\/p>\n","protected":false},"author":1,"featured_media":0,"parent":0,"menu_order":0,"comment_status":"closed","ping_status":"closed","template":"","meta":{"footnotes":""},"acf":[],"yoast_head":"<!-- This site is optimized with the Yoast SEO Premium plugin v20.9 (Yoast SEO v24.5) - https:\/\/yoast.com\/wordpress\/plugins\/seo\/ -->\n<title>Seguros de viaje Pvt \/ Whv - Expat Assurance<\/title>\n<meta name=\"description\" content=\"Expat assurance, seguros de gastos medicos para la obtencion de su visa PVT\/WHV en el consulado de Francia en Mexico.\" \/>\n<meta name=\"robots\" content=\"index, follow, max-snippet:-1, max-image-preview:large, max-video-preview:-1\" \/>\n<link rel=\"canonical\" href=\"https:\/\/expat-assurance.com\/es\/seguros-salud-viaje-pvt-whv\/\" \/>\n<meta property=\"og:locale\" content=\"es_ES\" \/>\n<meta property=\"og:type\" content=\"article\" \/>\n<meta property=\"og:title\" content=\"Seguros de viaje Pvt \/ Whv\" \/>\n<meta property=\"og:description\" content=\"Expat assurance, seguros de gastos medicos para la obtencion de su visa PVT\/WHV en el consulado de Francia en Mexico.\" \/>\n<meta property=\"og:url\" content=\"https:\/\/expat-assurance.com\/es\/seguros-salud-viaje-pvt-whv\/\" \/>\n<meta property=\"og:site_name\" content=\"Expat Assurance\" \/>\n<meta property=\"article:publisher\" content=\"http:\/\/www.facebook.com\/expatassurance\/\" \/>\n<meta property=\"article:modified_time\" content=\"2020-12-07T11:52:18+00:00\" \/>\n<meta property=\"og:image\" content=\"https:\/\/expat-assurance.com\/wp-content\/uploads\/2018\/10\/Logo-expat-assurance-Image-SEO.png\" \/>\n\t<meta property=\"og:image:width\" content=\"1200\" \/>\n\t<meta property=\"og:image:height\" content=\"630\" \/>\n\t<meta property=\"og:image:type\" content=\"image\/png\" \/>\n<meta name=\"twitter:card\" content=\"summary_large_image\" \/>\n<meta name=\"twitter:label1\" content=\"Est. reading time\" \/>\n\t<meta name=\"twitter:data1\" content=\"1 minute\" \/>\n<script type=\"application\/ld+json\" class=\"yoast-schema-graph\">{\"@context\":\"https:\/\/schema.org\",\"@graph\":[{\"@type\":\"WebPage\",\"@id\":\"https:\/\/expat-assurance.com\/es\/seguros-salud-viaje-pvt-whv\/\",\"url\":\"https:\/\/expat-assurance.com\/es\/seguros-salud-viaje-pvt-whv\/\",\"name\":\"Seguros de viaje Pvt \/ Whv - Expat Assurance\",\"isPartOf\":{\"@id\":\"https:\/\/expat-assurance.com\/es\/#website\"},\"datePublished\":\"2018-08-21T13:22:42+00:00\",\"dateModified\":\"2020-12-07T11:52:18+00:00\",\"description\":\"Expat assurance, seguros de gastos medicos para la obtencion de su visa PVT\/WHV en el consulado de Francia en Mexico.\",\"breadcrumb\":{\"@id\":\"https:\/\/expat-assurance.com\/es\/seguros-salud-viaje-pvt-whv\/#breadcrumb\"},\"inLanguage\":\"es\",\"potentialAction\":[{\"@type\":\"ReadAction\",\"target\":[\"https:\/\/expat-assurance.com\/es\/seguros-salud-viaje-pvt-whv\/\"]}]},{\"@type\":\"BreadcrumbList\",\"@id\":\"https:\/\/expat-assurance.com\/es\/seguros-salud-viaje-pvt-whv\/#breadcrumb\",\"itemListElement\":[{\"@type\":\"ListItem\",\"position\":1,\"name\":\"Expat Assurance\",\"item\":\"https:\/\/expat-assurance.com\/es\/\"},{\"@type\":\"ListItem\",\"position\":2,\"name\":\"Seguros de viaje Pvt \/ Whv\"}]},{\"@type\":\"WebSite\",\"@id\":\"https:\/\/expat-assurance.com\/es\/#website\",\"url\":\"https:\/\/expat-assurance.com\/es\/\",\"name\":\"Expat Assurance\",\"description\":\"Expert de l&#039;assurance sant\u00e9 pour expatri\u00e9s sur le continent Am\u00e9ricain.\",\"publisher\":{\"@id\":\"https:\/\/expat-assurance.com\/es\/#organization\"},\"potentialAction\":[{\"@type\":\"SearchAction\",\"target\":{\"@type\":\"EntryPoint\",\"urlTemplate\":\"https:\/\/expat-assurance.com\/es\/?s={search_term_string}\"},\"query-input\":{\"@type\":\"PropertyValueSpecification\",\"valueRequired\":true,\"valueName\":\"search_term_string\"}}],\"inLanguage\":\"es\"},{\"@type\":\"Organization\",\"@id\":\"https:\/\/expat-assurance.com\/es\/#organization\",\"name\":\"Expat Assurance\",\"url\":\"https:\/\/expat-assurance.com\/es\/\",\"logo\":{\"@type\":\"ImageObject\",\"inLanguage\":\"es\",\"@id\":\"https:\/\/expat-assurance.com\/es\/#\/schema\/logo\/image\/\",\"url\":\"https:\/\/expat-assurance.com\/wp-content\/uploads\/2020\/11\/expat-logo.svg\",\"contentUrl\":\"https:\/\/expat-assurance.com\/wp-content\/uploads\/2020\/11\/expat-logo.svg\",\"width\":1,\"height\":1,\"caption\":\"Expat Assurance\"},\"image\":{\"@id\":\"https:\/\/expat-assurance.com\/es\/#\/schema\/logo\/image\/\"},\"sameAs\":[\"http:\/\/www.facebook.com\/expatassurance\/\"]}]}<\/script>\n<!-- \/ Yoast SEO Premium plugin. -->","yoast_head_json":{"title":"Seguros de viaje Pvt \/ Whv - Expat Assurance","description":"Expat assurance, seguros de gastos medicos para la obtencion de su visa PVT\/WHV en el consulado de Francia en Mexico.","robots":{"index":"index","follow":"follow","max-snippet":"max-snippet:-1","max-image-preview":"max-image-preview:large","max-video-preview":"max-video-preview:-1"},"canonical":"https:\/\/expat-assurance.com\/es\/seguros-salud-viaje-pvt-whv\/","og_locale":"es_ES","og_type":"article","og_title":"Seguros de viaje Pvt \/ Whv","og_description":"Expat assurance, seguros de gastos medicos para la obtencion de su visa PVT\/WHV en el consulado de Francia en Mexico.","og_url":"https:\/\/expat-assurance.com\/es\/seguros-salud-viaje-pvt-whv\/","og_site_name":"Expat Assurance","article_publisher":"http:\/\/www.facebook.com\/expatassurance\/","article_modified_time":"2020-12-07T11:52:18+00:00","og_image":[{"width":1200,"height":630,"url":"https:\/\/expat-assurance.com\/wp-content\/uploads\/2018\/10\/Logo-expat-assurance-Image-SEO.png","type":"image\/png"}],"twitter_card":"summary_large_image","twitter_misc":{"Est. reading time":"1 minute"},"schema":{"@context":"https:\/\/schema.org","@graph":[{"@type":"WebPage","@id":"https:\/\/expat-assurance.com\/es\/seguros-salud-viaje-pvt-whv\/","url":"https:\/\/expat-assurance.com\/es\/seguros-salud-viaje-pvt-whv\/","name":"Seguros de viaje Pvt \/ Whv - Expat Assurance","isPartOf":{"@id":"https:\/\/expat-assurance.com\/es\/#website"},"datePublished":"2018-08-21T13:22:42+00:00","dateModified":"2020-12-07T11:52:18+00:00","description":"Expat assurance, seguros de gastos medicos para la obtencion de su visa PVT\/WHV en el consulado de Francia en Mexico.","breadcrumb":{"@id":"https:\/\/expat-assurance.com\/es\/seguros-salud-viaje-pvt-whv\/#breadcrumb"},"inLanguage":"es","potentialAction":[{"@type":"ReadAction","target":["https:\/\/expat-assurance.com\/es\/seguros-salud-viaje-pvt-whv\/"]}]},{"@type":"BreadcrumbList","@id":"https:\/\/expat-assurance.com\/es\/seguros-salud-viaje-pvt-whv\/#breadcrumb","itemListElement":[{"@type":"ListItem","position":1,"name":"Expat Assurance","item":"https:\/\/expat-assurance.com\/es\/"},{"@type":"ListItem","position":2,"name":"Seguros de viaje Pvt \/ Whv"}]},{"@type":"WebSite","@id":"https:\/\/expat-assurance.com\/es\/#website","url":"https:\/\/expat-assurance.com\/es\/","name":"Expat Assurance","description":"Expert de l&#039;assurance sant\u00e9 pour expatri\u00e9s sur le continent Am\u00e9ricain.","publisher":{"@id":"https:\/\/expat-assurance.com\/es\/#organization"},"potentialAction":[{"@type":"SearchAction","target":{"@type":"EntryPoint","urlTemplate":"https:\/\/expat-assurance.com\/es\/?s={search_term_string}"},"query-input":{"@type":"PropertyValueSpecification","valueRequired":true,"valueName":"search_term_string"}}],"inLanguage":"es"},{"@type":"Organization","@id":"https:\/\/expat-assurance.com\/es\/#organization","name":"Expat Assurance","url":"https:\/\/expat-assurance.com\/es\/","logo":{"@type":"ImageObject","inLanguage":"es","@id":"https:\/\/expat-assurance.com\/es\/#\/schema\/logo\/image\/","url":"https:\/\/expat-assurance.com\/wp-content\/uploads\/2020\/11\/expat-logo.svg","contentUrl":"https:\/\/expat-assurance.com\/wp-content\/uploads\/2020\/11\/expat-logo.svg","width":1,"height":1,"caption":"Expat Assurance"},"image":{"@id":"https:\/\/expat-assurance.com\/es\/#\/schema\/logo\/image\/"},"sameAs":["http:\/\/www.facebook.com\/expatassurance\/"]}]}},"_links":{"self":[{"href":"https:\/\/expat-assurance.com\/es\/wp-json\/wp\/v2\/pages\/3757"}],"collection":[{"href":"https:\/\/expat-assurance.com\/es\/wp-json\/wp\/v2\/pages"}],"about":[{"href":"https:\/\/expat-assurance.com\/es\/wp-json\/wp\/v2\/types\/page"}],"author":[{"embeddable":true,"href":"https:\/\/expat-assurance.com\/es\/wp-json\/wp\/v2\/users\/1"}],"replies":[{"embeddable":true,"href":"https:\/\/expat-assurance.com\/es\/wp-json\/wp\/v2\/comments?post=3757"}],"version-history":[{"count":0,"href":"https:\/\/expat-assurance.com\/es\/wp-json\/wp\/v2\/pages\/3757\/revisions"}],"wp:attachment":[{"href":"https:\/\/expat-assurance.com\/es\/wp-json\/wp\/v2\/media?parent=3757"}],"curies":[{"name":"wp","href":"https:\/\/api.w.org\/{rel}","templated":true}]}}