{"id":3503,"date":"2018-05-14T06:37:55","date_gmt":"2018-05-14T12:37:55","guid":{"rendered":"https:\/\/expat-assurance.com\/recomiendanos-a-sus-conocidos\/"},"modified":"2020-12-21T08:56:26","modified_gmt":"2020-12-21T06:56:26","slug":"recomiendanos-a-sus-conocidos","status":"publish","type":"page","link":"https:\/\/expat-assurance.com\/es\/recomiendanos-a-sus-conocidos\/","title":{"rendered":"Recomiendanos a sus conocidos"},"content":{"rendered":"<h2>Recomiendanos a sus conocidos<\/h2>\n<p>Expat Assurance ha establecido un sistema de patrocinio para recompensar a los clientes que recomiendan nuestras soluciones y servicios a sus parientes y amigos.<\/p>\n<p>El seguro de salud es una cuesti\u00f3n de confianza. Por lo tanto, tendemos a escuchar los consejos de nuestros amigos.<\/p>\n<p>Como tal, Expat Assurance lanza un sistema de recomendaci\u00f3n para sus clientes. Esperamos que nuestro servicio de calidad lo convenza de recomendarlo a sus seres queridos.<\/p>\n<p>Como agradecimiento, aquellos de ustedes que nos recomendar\u00e1n con \u00e9xito 2, 3 y 5 seres queridos disfrutar\u00e1n de una cena en los mejores restaurantes franceses en la Ciudad de M\u00e9xico o canastas gourmet entregados durante 3 o 6 meses.<\/p>\n<p style=\"text-align: center;\">*Oferta v\u00e1lida \u00fanicamente para clientes en CDMX.<\/p>\n","protected":false},"excerpt":{"rendered":"<p>Recomiendanos a sus conocidos Expat Assurance ha establecido un sistema de patrocinio para recompensar a los clientes que recomiendan nuestras soluciones y servicios a sus parientes y amigos. El seguro de salud es una cuesti\u00f3n de confianza. Por lo tanto, tendemos a escuchar los consejos de nuestros amigos. Como tal, Expat Assurance lanza un sistema [&hellip;]<\/p>\n","protected":false},"author":1,"featured_media":0,"parent":0,"menu_order":0,"comment_status":"closed","ping_status":"closed","template":"","meta":{"footnotes":""},"acf":[],"yoast_head":"<!-- This site is optimized with the Yoast SEO Premium plugin v20.9 (Yoast SEO v24.5) - https:\/\/yoast.com\/wordpress\/plugins\/seo\/ -->\n<title>Recomiendanos a sus conocidos - Expat Assurance<\/title>\n<meta name=\"description\" content=\"Expat Assurance ha establecido un sistema de patrocinio para recompensar a los clientes que recomiendan nuestras soluciones a sus parientes y amigos.\" \/>\n<meta name=\"robots\" content=\"index, follow, max-snippet:-1, max-image-preview:large, max-video-preview:-1\" \/>\n<link rel=\"canonical\" href=\"https:\/\/expat-assurance.com\/es\/recomiendanos-a-sus-conocidos\/\" \/>\n<meta property=\"og:locale\" content=\"es_ES\" \/>\n<meta property=\"og:type\" content=\"article\" \/>\n<meta property=\"og:title\" content=\"Recomiendanos a sus conocidos\" \/>\n<meta property=\"og:description\" content=\"Expat Assurance ha establecido un sistema de patrocinio para recompensar a los clientes que recomiendan nuestras soluciones a sus parientes y amigos.\" \/>\n<meta property=\"og:url\" content=\"https:\/\/expat-assurance.com\/es\/recomiendanos-a-sus-conocidos\/\" \/>\n<meta property=\"og:site_name\" content=\"Expat Assurance\" \/>\n<meta property=\"article:publisher\" content=\"http:\/\/www.facebook.com\/expatassurance\/\" \/>\n<meta property=\"article:modified_time\" content=\"2020-12-21T06:56:26+00:00\" \/>\n<meta property=\"og:image\" content=\"https:\/\/expat-assurance.com\/wp-content\/uploads\/2019\/04\/Logo-EA-Sticker.jpg\" \/>\n\t<meta property=\"og:image:width\" content=\"1200\" \/>\n\t<meta property=\"og:image:height\" content=\"630\" \/>\n\t<meta property=\"og:image:type\" content=\"image\/jpeg\" \/>\n<meta name=\"twitter:card\" content=\"summary_large_image\" \/>\n<meta name=\"twitter:label1\" content=\"Est. reading time\" \/>\n\t<meta name=\"twitter:data1\" content=\"1 minute\" \/>\n<script type=\"application\/ld+json\" class=\"yoast-schema-graph\">{\"@context\":\"https:\/\/schema.org\",\"@graph\":[{\"@type\":\"WebPage\",\"@id\":\"https:\/\/expat-assurance.com\/es\/recomiendanos-a-sus-conocidos\/\",\"url\":\"https:\/\/expat-assurance.com\/es\/recomiendanos-a-sus-conocidos\/\",\"name\":\"Recomiendanos a sus conocidos - Expat Assurance\",\"isPartOf\":{\"@id\":\"https:\/\/expat-assurance.com\/es\/#website\"},\"datePublished\":\"2018-05-14T12:37:55+00:00\",\"dateModified\":\"2020-12-21T06:56:26+00:00\",\"description\":\"Expat Assurance ha establecido un sistema de patrocinio para recompensar a los clientes que recomiendan nuestras soluciones a sus parientes y amigos.\",\"breadcrumb\":{\"@id\":\"https:\/\/expat-assurance.com\/es\/recomiendanos-a-sus-conocidos\/#breadcrumb\"},\"inLanguage\":\"es\",\"potentialAction\":[{\"@type\":\"ReadAction\",\"target\":[\"https:\/\/expat-assurance.com\/es\/recomiendanos-a-sus-conocidos\/\"]}]},{\"@type\":\"BreadcrumbList\",\"@id\":\"https:\/\/expat-assurance.com\/es\/recomiendanos-a-sus-conocidos\/#breadcrumb\",\"itemListElement\":[{\"@type\":\"ListItem\",\"position\":1,\"name\":\"Expat Assurance\",\"item\":\"https:\/\/expat-assurance.com\/es\/\"},{\"@type\":\"ListItem\",\"position\":2,\"name\":\"Recomiendanos a sus conocidos\"}]},{\"@type\":\"WebSite\",\"@id\":\"https:\/\/expat-assurance.com\/es\/#website\",\"url\":\"https:\/\/expat-assurance.com\/es\/\",\"name\":\"Expat Assurance\",\"description\":\"Expert de l&#039;assurance sant\u00e9 pour expatri\u00e9s sur le continent Am\u00e9ricain.\",\"publisher\":{\"@id\":\"https:\/\/expat-assurance.com\/es\/#organization\"},\"potentialAction\":[{\"@type\":\"SearchAction\",\"target\":{\"@type\":\"EntryPoint\",\"urlTemplate\":\"https:\/\/expat-assurance.com\/es\/?s={search_term_string}\"},\"query-input\":{\"@type\":\"PropertyValueSpecification\",\"valueRequired\":true,\"valueName\":\"search_term_string\"}}],\"inLanguage\":\"es\"},{\"@type\":\"Organization\",\"@id\":\"https:\/\/expat-assurance.com\/es\/#organization\",\"name\":\"Expat Assurance\",\"url\":\"https:\/\/expat-assurance.com\/es\/\",\"logo\":{\"@type\":\"ImageObject\",\"inLanguage\":\"es\",\"@id\":\"https:\/\/expat-assurance.com\/es\/#\/schema\/logo\/image\/\",\"url\":\"https:\/\/expat-assurance.com\/wp-content\/uploads\/2020\/11\/expat-logo.svg\",\"contentUrl\":\"https:\/\/expat-assurance.com\/wp-content\/uploads\/2020\/11\/expat-logo.svg\",\"width\":1,\"height\":1,\"caption\":\"Expat Assurance\"},\"image\":{\"@id\":\"https:\/\/expat-assurance.com\/es\/#\/schema\/logo\/image\/\"},\"sameAs\":[\"http:\/\/www.facebook.com\/expatassurance\/\"]}]}<\/script>\n<!-- \/ Yoast SEO Premium plugin. -->","yoast_head_json":{"title":"Recomiendanos a sus conocidos - Expat Assurance","description":"Expat Assurance ha establecido un sistema de patrocinio para recompensar a los clientes que recomiendan nuestras soluciones a sus parientes y amigos.","robots":{"index":"index","follow":"follow","max-snippet":"max-snippet:-1","max-image-preview":"max-image-preview:large","max-video-preview":"max-video-preview:-1"},"canonical":"https:\/\/expat-assurance.com\/es\/recomiendanos-a-sus-conocidos\/","og_locale":"es_ES","og_type":"article","og_title":"Recomiendanos a sus conocidos","og_description":"Expat Assurance ha establecido un sistema de patrocinio para recompensar a los clientes que recomiendan nuestras soluciones a sus parientes y amigos.","og_url":"https:\/\/expat-assurance.com\/es\/recomiendanos-a-sus-conocidos\/","og_site_name":"Expat Assurance","article_publisher":"http:\/\/www.facebook.com\/expatassurance\/","article_modified_time":"2020-12-21T06:56:26+00:00","og_image":[{"width":1200,"height":630,"url":"https:\/\/expat-assurance.com\/wp-content\/uploads\/2019\/04\/Logo-EA-Sticker.jpg","type":"image\/jpeg"}],"twitter_card":"summary_large_image","twitter_misc":{"Est. reading time":"1 minute"},"schema":{"@context":"https:\/\/schema.org","@graph":[{"@type":"WebPage","@id":"https:\/\/expat-assurance.com\/es\/recomiendanos-a-sus-conocidos\/","url":"https:\/\/expat-assurance.com\/es\/recomiendanos-a-sus-conocidos\/","name":"Recomiendanos a sus conocidos - Expat Assurance","isPartOf":{"@id":"https:\/\/expat-assurance.com\/es\/#website"},"datePublished":"2018-05-14T12:37:55+00:00","dateModified":"2020-12-21T06:56:26+00:00","description":"Expat Assurance ha establecido un sistema de patrocinio para recompensar a los clientes que recomiendan nuestras soluciones a sus parientes y amigos.","breadcrumb":{"@id":"https:\/\/expat-assurance.com\/es\/recomiendanos-a-sus-conocidos\/#breadcrumb"},"inLanguage":"es","potentialAction":[{"@type":"ReadAction","target":["https:\/\/expat-assurance.com\/es\/recomiendanos-a-sus-conocidos\/"]}]},{"@type":"BreadcrumbList","@id":"https:\/\/expat-assurance.com\/es\/recomiendanos-a-sus-conocidos\/#breadcrumb","itemListElement":[{"@type":"ListItem","position":1,"name":"Expat Assurance","item":"https:\/\/expat-assurance.com\/es\/"},{"@type":"ListItem","position":2,"name":"Recomiendanos a sus conocidos"}]},{"@type":"WebSite","@id":"https:\/\/expat-assurance.com\/es\/#website","url":"https:\/\/expat-assurance.com\/es\/","name":"Expat Assurance","description":"Expert de l&#039;assurance sant\u00e9 pour expatri\u00e9s sur le continent Am\u00e9ricain.","publisher":{"@id":"https:\/\/expat-assurance.com\/es\/#organization"},"potentialAction":[{"@type":"SearchAction","target":{"@type":"EntryPoint","urlTemplate":"https:\/\/expat-assurance.com\/es\/?s={search_term_string}"},"query-input":{"@type":"PropertyValueSpecification","valueRequired":true,"valueName":"search_term_string"}}],"inLanguage":"es"},{"@type":"Organization","@id":"https:\/\/expat-assurance.com\/es\/#organization","name":"Expat Assurance","url":"https:\/\/expat-assurance.com\/es\/","logo":{"@type":"ImageObject","inLanguage":"es","@id":"https:\/\/expat-assurance.com\/es\/#\/schema\/logo\/image\/","url":"https:\/\/expat-assurance.com\/wp-content\/uploads\/2020\/11\/expat-logo.svg","contentUrl":"https:\/\/expat-assurance.com\/wp-content\/uploads\/2020\/11\/expat-logo.svg","width":1,"height":1,"caption":"Expat Assurance"},"image":{"@id":"https:\/\/expat-assurance.com\/es\/#\/schema\/logo\/image\/"},"sameAs":["http:\/\/www.facebook.com\/expatassurance\/"]}]}},"_links":{"self":[{"href":"https:\/\/expat-assurance.com\/es\/wp-json\/wp\/v2\/pages\/3503"}],"collection":[{"href":"https:\/\/expat-assurance.com\/es\/wp-json\/wp\/v2\/pages"}],"about":[{"href":"https:\/\/expat-assurance.com\/es\/wp-json\/wp\/v2\/types\/page"}],"author":[{"embeddable":true,"href":"https:\/\/expat-assurance.com\/es\/wp-json\/wp\/v2\/users\/1"}],"replies":[{"embeddable":true,"href":"https:\/\/expat-assurance.com\/es\/wp-json\/wp\/v2\/comments?post=3503"}],"version-history":[{"count":0,"href":"https:\/\/expat-assurance.com\/es\/wp-json\/wp\/v2\/pages\/3503\/revisions"}],"wp:attachment":[{"href":"https:\/\/expat-assurance.com\/es\/wp-json\/wp\/v2\/media?parent=3503"}],"curies":[{"name":"wp","href":"https:\/\/api.w.org\/{rel}","templated":true}]}}