{"id":29291,"date":"2022-07-01T18:19:14","date_gmt":"2022-07-01T15:19:14","guid":{"rendered":"https:\/\/expat-assurance.com\/test-page\/"},"modified":"2022-07-01T18:19:14","modified_gmt":"2022-07-01T15:19:14","slug":"test-page","status":"publish","type":"page","link":"https:\/\/expat-assurance.com\/es\/test-page\/","title":{"rendered":"Test page"},"content":{"rendered":"","protected":true},"excerpt":{"rendered":"","protected":true},"author":19,"featured_media":0,"parent":0,"menu_order":0,"comment_status":"closed","ping_status":"closed","template":"","meta":{"footnotes":""},"acf":[],"yoast_head":"<!-- This site is optimized with the Yoast SEO Premium plugin v20.9 (Yoast SEO v24.5) - https:\/\/yoast.com\/wordpress\/plugins\/seo\/ -->\n<title>Test page - Expat Assurance<\/title>\n<meta name=\"robots\" content=\"index, follow, max-snippet:-1, max-image-preview:large, max-video-preview:-1\" \/>\n<link rel=\"canonical\" href=\"https:\/\/expat-assurance.com\/es\/test-page\/\" \/>\n<meta property=\"og:locale\" content=\"es_ES\" \/>\n<meta property=\"og:type\" content=\"article\" \/>\n<meta property=\"og:title\" content=\"Test page\" \/>\n<meta property=\"og:description\" content=\"There is no excerpt because this is a protected post.\" \/>\n<meta property=\"og:url\" content=\"https:\/\/expat-assurance.com\/es\/test-page\/\" \/>\n<meta property=\"og:site_name\" content=\"Expat Assurance\" \/>\n<meta property=\"article:publisher\" content=\"http:\/\/www.facebook.com\/expatassurance\/\" \/>\n<meta name=\"twitter:card\" content=\"summary_large_image\" \/>\n<script type=\"application\/ld+json\" class=\"yoast-schema-graph\">{\"@context\":\"https:\/\/schema.org\",\"@graph\":[{\"@type\":\"WebPage\",\"@id\":\"https:\/\/expat-assurance.com\/es\/test-page\/\",\"url\":\"https:\/\/expat-assurance.com\/es\/test-page\/\",\"name\":\"Test page - Expat Assurance\",\"isPartOf\":{\"@id\":\"https:\/\/expat-assurance.com\/es\/#website\"},\"datePublished\":\"2022-07-01T15:19:14+00:00\",\"breadcrumb\":{\"@id\":\"https:\/\/expat-assurance.com\/es\/test-page\/#breadcrumb\"},\"inLanguage\":\"es\"},{\"@type\":\"WebSite\",\"@id\":\"https:\/\/expat-assurance.com\/es\/#website\",\"url\":\"https:\/\/expat-assurance.com\/es\/\",\"name\":\"Expat Assurance\",\"description\":\"Expert de l&#039;assurance sant\u00e9 pour expatri\u00e9s sur le continent Am\u00e9ricain.\",\"publisher\":{\"@id\":\"https:\/\/expat-assurance.com\/es\/#organization\"},\"potentialAction\":[{\"@type\":\"SearchAction\",\"target\":{\"@type\":\"EntryPoint\",\"urlTemplate\":\"https:\/\/expat-assurance.com\/es\/?s={search_term_string}\"},\"query-input\":{\"@type\":\"PropertyValueSpecification\",\"valueRequired\":true,\"valueName\":\"search_term_string\"}}],\"inLanguage\":\"es\"},{\"@type\":\"Organization\",\"@id\":\"https:\/\/expat-assurance.com\/es\/#organization\",\"name\":\"Expat Assurance\",\"url\":\"https:\/\/expat-assurance.com\/es\/\",\"logo\":{\"@type\":\"ImageObject\",\"inLanguage\":\"es\",\"@id\":\"https:\/\/expat-assurance.com\/es\/#\/schema\/logo\/image\/\",\"url\":\"https:\/\/expat-assurance.com\/wp-content\/uploads\/2020\/11\/expat-logo.svg\",\"contentUrl\":\"https:\/\/expat-assurance.com\/wp-content\/uploads\/2020\/11\/expat-logo.svg\",\"width\":1,\"height\":1,\"caption\":\"Expat Assurance\"},\"image\":{\"@id\":\"https:\/\/expat-assurance.com\/es\/#\/schema\/logo\/image\/\"},\"sameAs\":[\"http:\/\/www.facebook.com\/expatassurance\/\"]}]}<\/script>\n<!-- \/ Yoast SEO Premium plugin. -->","yoast_head_json":{"title":"Test page - Expat Assurance","robots":{"index":"index","follow":"follow","max-snippet":"max-snippet:-1","max-image-preview":"max-image-preview:large","max-video-preview":"max-video-preview:-1"},"canonical":"https:\/\/expat-assurance.com\/es\/test-page\/","og_locale":"es_ES","og_type":"article","og_title":"Test page","og_description":"There is no excerpt because this is a protected post.","og_url":"https:\/\/expat-assurance.com\/es\/test-page\/","og_site_name":"Expat Assurance","article_publisher":"http:\/\/www.facebook.com\/expatassurance\/","twitter_card":"summary_large_image","schema":{"@context":"https:\/\/schema.org","@graph":[{"@type":"WebPage","@id":"https:\/\/expat-assurance.com\/es\/test-page\/","url":"https:\/\/expat-assurance.com\/es\/test-page\/","name":"Test page - Expat Assurance","isPartOf":{"@id":"https:\/\/expat-assurance.com\/es\/#website"},"datePublished":"2022-07-01T15:19:14+00:00","breadcrumb":{"@id":"https:\/\/expat-assurance.com\/es\/test-page\/#breadcrumb"},"inLanguage":"es"},{"@type":"WebSite","@id":"https:\/\/expat-assurance.com\/es\/#website","url":"https:\/\/expat-assurance.com\/es\/","name":"Expat Assurance","description":"Expert de l&#039;assurance sant\u00e9 pour expatri\u00e9s sur le continent Am\u00e9ricain.","publisher":{"@id":"https:\/\/expat-assurance.com\/es\/#organization"},"potentialAction":[{"@type":"SearchAction","target":{"@type":"EntryPoint","urlTemplate":"https:\/\/expat-assurance.com\/es\/?s={search_term_string}"},"query-input":{"@type":"PropertyValueSpecification","valueRequired":true,"valueName":"search_term_string"}}],"inLanguage":"es"},{"@type":"Organization","@id":"https:\/\/expat-assurance.com\/es\/#organization","name":"Expat Assurance","url":"https:\/\/expat-assurance.com\/es\/","logo":{"@type":"ImageObject","inLanguage":"es","@id":"https:\/\/expat-assurance.com\/es\/#\/schema\/logo\/image\/","url":"https:\/\/expat-assurance.com\/wp-content\/uploads\/2020\/11\/expat-logo.svg","contentUrl":"https:\/\/expat-assurance.com\/wp-content\/uploads\/2020\/11\/expat-logo.svg","width":1,"height":1,"caption":"Expat Assurance"},"image":{"@id":"https:\/\/expat-assurance.com\/es\/#\/schema\/logo\/image\/"},"sameAs":["http:\/\/www.facebook.com\/expatassurance\/"]}]}},"_links":{"self":[{"href":"https:\/\/expat-assurance.com\/es\/wp-json\/wp\/v2\/pages\/29291"}],"collection":[{"href":"https:\/\/expat-assurance.com\/es\/wp-json\/wp\/v2\/pages"}],"about":[{"href":"https:\/\/expat-assurance.com\/es\/wp-json\/wp\/v2\/types\/page"}],"author":[{"embeddable":true,"href":"https:\/\/expat-assurance.com\/es\/wp-json\/wp\/v2\/users\/19"}],"replies":[{"embeddable":true,"href":"https:\/\/expat-assurance.com\/es\/wp-json\/wp\/v2\/comments?post=29291"}],"version-history":[{"count":0,"href":"https:\/\/expat-assurance.com\/es\/wp-json\/wp\/v2\/pages\/29291\/revisions"}],"wp:attachment":[{"href":"https:\/\/expat-assurance.com\/es\/wp-json\/wp\/v2\/media?parent=29291"}],"curies":[{"name":"wp","href":"https:\/\/api.w.org\/{rel}","templated":true}]}}