{"id":12484,"date":"2020-11-27T03:12:04","date_gmt":"2020-11-27T09:12:04","guid":{"rendered":"https:\/\/expat-assurance.com\/pourquoi-assurance-francaise\/"},"modified":"2020-12-07T06:48:07","modified_gmt":"2020-12-07T12:48:07","slug":"porque-seguro-europeo","status":"publish","type":"page","link":"https:\/\/expat-assurance.com\/es\/porque-seguro-europeo\/","title":{"rendered":"Por qu\u00e9 elegir un seguro europeo?"},"content":{"rendered":"<h3>Honestidad<\/h3>\n<p>Nuestros socios ofrecen garant\u00edas legibles y claras que se cumplen.<\/p>\n<h3>Cobertura internacional<\/h3>\n<p>\u00bfEst\u00e1 planeando una cirug\u00eda en Europa? \u00bfTiene una emergencia? Usted puede contar con una cobertura que \u00a1es v\u00e1lida en todo el mundo!<\/p>\n<h3>Elecci\u00f3n libre de proveedores<\/h3>\n<p>Puede seleccionar el hospital, los m\u00e9dicos, los laboratorios y farmacias de su preferencia sin restricciones.<\/p>\n<p>Leer m\u00e1s&#8230;<\/p>\n<h3>Sin Copagos<\/h3>\n<p>\u00a1Aproveche las ventajas de su p\u00f3liza desde los primeros gastos!<\/p>\n<p>Leer m\u00e1s&#8230;<\/p>\n<h2>Benef\u00edcios de un seguro europeo<\/h2>\n<p>La falta de regulaci\u00f3n tarifaria en el sector salud en el continente americano, as\u00ed como el cumplimiento \u00e9tico variable, hacen de la selecci\u00f3n de su seguro de salud un tema prioritario a la hora de una incursi\u00f3n en el continente americano.<\/p>\n<p>Con nosotros, usted estar\u00e1 tratando con empresas especializadas en la realizaci\u00f3n de pagos internacionales v\u00eda terceros, garant\u00edas simples y legibles, y socios que cumplen sus promesas y respetan una \u00e9tica profesional.<\/p>\n<p>Las compa\u00f1\u00edas europeas de seguros ofrecen soluciones \u00fanicas, permiti\u00e9ndole cuidar de su salud en su pa\u00eds de residencia, en su pa\u00eds de origen y en cualquier caso de emergencia en todo el mundo.<\/p>\n<p>Su p\u00f3liza es inigualable en t\u00e9rminos de cobertura, incluye desde <a href=\"https:\/\/expat-assurance.com\/es\/opciones-seguro\/hospitalizacion\/\">la hospitalizaci\u00f3n<\/a> hasta <a href=\"https:\/\/expat-assurance.com\/es\/opciones-seguro\/oftalmologia-dental\/\">los cuidados de oftalmolog\u00eda \/ cobertura dental<\/a>, medicina alternativa, <a href=\"https:\/\/expat-assurance.com\/es\/opciones-seguro\/maternidad\/\">maternidad<\/a> y todos <a href=\"https:\/\/expat-assurance.com\/es\/opciones-seguro\/servicios-medicos-rutina\/\">los cuidados de rutina<\/a>.<\/p>\n<p>Por \u00faltimo, estas soluciones le acompa\u00f1ar\u00e1n si cambia su pa\u00eds de residencia y a lo largo de su vida. Son soluciones que se adaptan y cambian, de acuerdo a sus necesidades.<\/p>\n<p>N\u00famero de clientes satisfechosN\u00famero de hospitalizaciones administradasN\u00famero de reembolsos obtenidos<\/p>\n<h3>Honestidad<\/h3>\n<p>Las empresas que representamos ofrecen garant\u00edas claras y se comprometen a cumplirlas.<\/p>\n<p>Los aumentos anuales de las p\u00f3lizas que representamos no se hacen de manera individual sino global, raz\u00f3n por la que los beneficiarios no sufrir\u00e1n un aumento de sus p\u00f3lizas por enfermedad o por costar mucho dinero a la compa\u00f1\u00eda, esto es formalmente prohibido.Si contrata una p\u00f3liza de largo plazo, mientras pague sus contribuciones, usted estar\u00e1 cubierto, sin importar la edad que tenga. Hay un l\u00edmite de edad para la suscripci\u00f3n (70 a\u00f1os) pero no para el t\u00e9rmino de la cobertura.<\/p>\n<h3>Cobertura internacional<\/h3>\n<p>Puede programar una operaci\u00f3n (o tratamiento) en Europa, en su pa\u00eds de residencia y en todos los pa\u00edses que correspondan a su \u00e1rea de cobertura (desglose en 3 \u00f3 4 zonas tarifarias).<\/p>\n<p>En caso de emergencia, usted est\u00e1 cubierto en todo el mundo con pagos directos a los hospitales y en las mismas condiciones que en su pa\u00eds de residencia. Esto es bastante excepcional, muy pocas empresas lo ofrecen, especialmente en t\u00e9rminos de pago v\u00eda terceros.<\/p>\n<p>Portabilidad del contrato si cambia de pa\u00eds de residencia. Las compa\u00f1\u00edas de seguros definen sus primas en funci\u00f3n a la zona geogr\u00e1fica, s\u00f3lo tendr\u00e1 que adaptar las primas a la zona correspondiente a su nuevo pa\u00eds de residencia.<\/p>\n<h3>Libre elecci\u00f3n de proveedores<\/h3>\n<p>Nuestros seguros no imponen una lista de hospitales o m\u00e9dicos, usted podr\u00e1 ser operado en el hospital y por el cirujano de su elecci\u00f3n, comprar sus medicamentos donde quiera, hacer sus pruebas en el laboratorio que se adapte a sus necesidades, etc&#8230;<\/p>\n<h3>No deducible o coaseguro<\/h3>\n<p>El deducible es una cantidad fija a cargo del asegurado por evento o por a\u00f1o, el seguro pagar\u00e1 el monto restante. El coaseguro es un porcentaje que debe pagarse dependiendo del asegurado por evento o tipo de cuidado.<\/p>\n<p>Todas nuestras soluciones pueden ser contratadas sin deducible ni coaseguro. Es decir, usted estar\u00e1 cubierto desde el primer euro gastado.<\/p>\n<h3>En el continente americano, tenemos excelentes hospitales y m\u00e9dicos. Sin embargo, hay que recordar que la atenci\u00f3n m\u00e9dica es un negocio en la regi\u00f3n. Esto puede tener consecuencias importantes:<\/h3>\n<p>Programaci\u00f3n de cirug\u00edas innecesarias o contraproducentes: Menisco, hernias, espalda, etc&#8230;El porcentaje de ces\u00e1reas es extremadamente alto en el sector privado. (\u00a1Brasil tiene el r\u00e9cord mundial!)Los tratamientos muy costosos no siempre son adecuados, y esto pasa a menudo en casos de ortodoncia, pr\u00f3tesis dentales o implantes, y resonancias magn\u00e9ticas.Exceso de tratamientos prescritos que afectan el estado emocional de la familia: hormonas de crecimiento, tratamientos para el desorden de d\u00e9ficit de atenci\u00f3n, etc&#8230;<\/p>\n<h3>En el continente americano la atenci\u00f3n m\u00e9dica es un negocio. Esto puede tener consecuencias importantes:<\/h3>\n<p>Programaci\u00f3n de cirug\u00edas innecesarias o contraproducentes: Menisco, hernias, espalda, etc&#8230;El porcentaje de ces\u00e1reas es extremadamente alto en el sector privado. (\u00a1Brasil tiene el r\u00e9cord mundial!)<\/p>\n<p>Los tratamientos muy costosos no siempre son adecuados, y esto pasa a menudo en casos de ortodoncia, pr\u00f3tesis dentales o implantes, y resonancias magn\u00e9ticas.<\/p>\n<p>Exceso de tratamientos prescritos que afectan el estado emocional de la familia: hormonas de crecimiento, tratamientos para el desorden de d\u00e9ficit de atenci\u00f3n, etc.<\/p>\n","protected":false},"excerpt":{"rendered":"<p>Honestidad Nuestros socios ofrecen garant\u00edas legibles y claras que se cumplen. Cobertura internacional \u00bfEst\u00e1 planeando una cirug\u00eda en Europa? \u00bfTiene una emergencia? Usted puede contar con una cobertura que \u00a1es v\u00e1lida en todo el mundo! Elecci\u00f3n libre de proveedores Puede seleccionar el hospital, los m\u00e9dicos, los laboratorios y farmacias de su preferencia sin restricciones. Leer [&hellip;]<\/p>\n","protected":false},"author":11,"featured_media":0,"parent":0,"menu_order":0,"comment_status":"closed","ping_status":"closed","template":"","meta":{"footnotes":""},"acf":[],"yoast_head":"<!-- This site is optimized with the Yoast SEO Premium plugin v20.9 (Yoast SEO v24.5) - https:\/\/yoast.com\/wordpress\/plugins\/seo\/ -->\n<title>Por qu\u00e9 elegir un seguro europeo? - Expat Assurance<\/title>\n<meta name=\"description\" content=\"Un seguro franc\u00e9s para su expatriaci\u00f3n le ofrece una cobertura m\u00e9dica internacional sin deducible. \u00a1Contacta con nuestros expertos!\" \/>\n<meta name=\"robots\" content=\"index, follow, max-snippet:-1, max-image-preview:large, max-video-preview:-1\" \/>\n<link rel=\"canonical\" href=\"https:\/\/expat-assurance.com\/es\/porque-seguro-europeo\/\" \/>\n<meta property=\"og:locale\" content=\"es_ES\" \/>\n<meta property=\"og:type\" content=\"article\" \/>\n<meta property=\"og:title\" content=\"Por qu\u00e9 elegir un seguro europeo?\" \/>\n<meta property=\"og:description\" content=\"Un seguro franc\u00e9s para su expatriaci\u00f3n le ofrece una cobertura m\u00e9dica internacional sin deducible. \u00a1Contacta con nuestros expertos!\" \/>\n<meta property=\"og:url\" content=\"https:\/\/expat-assurance.com\/es\/porque-seguro-europeo\/\" \/>\n<meta property=\"og:site_name\" content=\"Expat Assurance\" \/>\n<meta property=\"article:publisher\" content=\"http:\/\/www.facebook.com\/expatassurance\/\" \/>\n<meta property=\"article:modified_time\" content=\"2020-12-07T12:48:07+00:00\" \/>\n<meta property=\"og:image\" content=\"https:\/\/expat-assurance.com\/wp-content\/uploads\/2019\/04\/Logo-EA-Sticker.jpg\" \/>\n\t<meta property=\"og:image:width\" content=\"1200\" \/>\n\t<meta property=\"og:image:height\" content=\"630\" \/>\n\t<meta property=\"og:image:type\" content=\"image\/jpeg\" \/>\n<meta name=\"twitter:card\" content=\"summary_large_image\" \/>\n<meta name=\"twitter:label1\" content=\"Est. reading time\" \/>\n\t<meta name=\"twitter:data1\" content=\"4 minutes\" \/>\n<script type=\"application\/ld+json\" class=\"yoast-schema-graph\">{\"@context\":\"https:\/\/schema.org\",\"@graph\":[{\"@type\":\"WebPage\",\"@id\":\"https:\/\/expat-assurance.com\/es\/porque-seguro-europeo\/\",\"url\":\"https:\/\/expat-assurance.com\/es\/porque-seguro-europeo\/\",\"name\":\"Por qu\u00e9 elegir un seguro europeo? - Expat Assurance\",\"isPartOf\":{\"@id\":\"https:\/\/expat-assurance.com\/es\/#website\"},\"datePublished\":\"2020-11-27T09:12:04+00:00\",\"dateModified\":\"2020-12-07T12:48:07+00:00\",\"description\":\"Un seguro franc\u00e9s para su expatriaci\u00f3n le ofrece una cobertura m\u00e9dica internacional sin deducible. \u00a1Contacta con nuestros expertos!\",\"breadcrumb\":{\"@id\":\"https:\/\/expat-assurance.com\/es\/porque-seguro-europeo\/#breadcrumb\"},\"inLanguage\":\"es\",\"potentialAction\":[{\"@type\":\"ReadAction\",\"target\":[\"https:\/\/expat-assurance.com\/es\/porque-seguro-europeo\/\"]}]},{\"@type\":\"BreadcrumbList\",\"@id\":\"https:\/\/expat-assurance.com\/es\/porque-seguro-europeo\/#breadcrumb\",\"itemListElement\":[{\"@type\":\"ListItem\",\"position\":1,\"name\":\"Expat Assurance\",\"item\":\"https:\/\/expat-assurance.com\/es\/\"},{\"@type\":\"ListItem\",\"position\":2,\"name\":\"Por qu\u00e9 elegir un seguro europeo?\"}]},{\"@type\":\"WebSite\",\"@id\":\"https:\/\/expat-assurance.com\/es\/#website\",\"url\":\"https:\/\/expat-assurance.com\/es\/\",\"name\":\"Expat Assurance\",\"description\":\"Expert de l&#039;assurance sant\u00e9 pour expatri\u00e9s sur le continent Am\u00e9ricain.\",\"publisher\":{\"@id\":\"https:\/\/expat-assurance.com\/es\/#organization\"},\"potentialAction\":[{\"@type\":\"SearchAction\",\"target\":{\"@type\":\"EntryPoint\",\"urlTemplate\":\"https:\/\/expat-assurance.com\/es\/?s={search_term_string}\"},\"query-input\":{\"@type\":\"PropertyValueSpecification\",\"valueRequired\":true,\"valueName\":\"search_term_string\"}}],\"inLanguage\":\"es\"},{\"@type\":\"Organization\",\"@id\":\"https:\/\/expat-assurance.com\/es\/#organization\",\"name\":\"Expat Assurance\",\"url\":\"https:\/\/expat-assurance.com\/es\/\",\"logo\":{\"@type\":\"ImageObject\",\"inLanguage\":\"es\",\"@id\":\"https:\/\/expat-assurance.com\/es\/#\/schema\/logo\/image\/\",\"url\":\"https:\/\/expat-assurance.com\/wp-content\/uploads\/2020\/11\/expat-logo.svg\",\"contentUrl\":\"https:\/\/expat-assurance.com\/wp-content\/uploads\/2020\/11\/expat-logo.svg\",\"width\":1,\"height\":1,\"caption\":\"Expat Assurance\"},\"image\":{\"@id\":\"https:\/\/expat-assurance.com\/es\/#\/schema\/logo\/image\/\"},\"sameAs\":[\"http:\/\/www.facebook.com\/expatassurance\/\"]}]}<\/script>\n<!-- \/ Yoast SEO Premium plugin. -->","yoast_head_json":{"title":"Por qu\u00e9 elegir un seguro europeo? - Expat Assurance","description":"Un seguro franc\u00e9s para su expatriaci\u00f3n le ofrece una cobertura m\u00e9dica internacional sin deducible. \u00a1Contacta con nuestros expertos!","robots":{"index":"index","follow":"follow","max-snippet":"max-snippet:-1","max-image-preview":"max-image-preview:large","max-video-preview":"max-video-preview:-1"},"canonical":"https:\/\/expat-assurance.com\/es\/porque-seguro-europeo\/","og_locale":"es_ES","og_type":"article","og_title":"Por qu\u00e9 elegir un seguro europeo?","og_description":"Un seguro franc\u00e9s para su expatriaci\u00f3n le ofrece una cobertura m\u00e9dica internacional sin deducible. \u00a1Contacta con nuestros expertos!","og_url":"https:\/\/expat-assurance.com\/es\/porque-seguro-europeo\/","og_site_name":"Expat Assurance","article_publisher":"http:\/\/www.facebook.com\/expatassurance\/","article_modified_time":"2020-12-07T12:48:07+00:00","og_image":[{"width":1200,"height":630,"url":"https:\/\/expat-assurance.com\/wp-content\/uploads\/2019\/04\/Logo-EA-Sticker.jpg","type":"image\/jpeg"}],"twitter_card":"summary_large_image","twitter_misc":{"Est. reading time":"4 minutes"},"schema":{"@context":"https:\/\/schema.org","@graph":[{"@type":"WebPage","@id":"https:\/\/expat-assurance.com\/es\/porque-seguro-europeo\/","url":"https:\/\/expat-assurance.com\/es\/porque-seguro-europeo\/","name":"Por qu\u00e9 elegir un seguro europeo? - Expat Assurance","isPartOf":{"@id":"https:\/\/expat-assurance.com\/es\/#website"},"datePublished":"2020-11-27T09:12:04+00:00","dateModified":"2020-12-07T12:48:07+00:00","description":"Un seguro franc\u00e9s para su expatriaci\u00f3n le ofrece una cobertura m\u00e9dica internacional sin deducible. \u00a1Contacta con nuestros expertos!","breadcrumb":{"@id":"https:\/\/expat-assurance.com\/es\/porque-seguro-europeo\/#breadcrumb"},"inLanguage":"es","potentialAction":[{"@type":"ReadAction","target":["https:\/\/expat-assurance.com\/es\/porque-seguro-europeo\/"]}]},{"@type":"BreadcrumbList","@id":"https:\/\/expat-assurance.com\/es\/porque-seguro-europeo\/#breadcrumb","itemListElement":[{"@type":"ListItem","position":1,"name":"Expat Assurance","item":"https:\/\/expat-assurance.com\/es\/"},{"@type":"ListItem","position":2,"name":"Por qu\u00e9 elegir un seguro europeo?"}]},{"@type":"WebSite","@id":"https:\/\/expat-assurance.com\/es\/#website","url":"https:\/\/expat-assurance.com\/es\/","name":"Expat Assurance","description":"Expert de l&#039;assurance sant\u00e9 pour expatri\u00e9s sur le continent Am\u00e9ricain.","publisher":{"@id":"https:\/\/expat-assurance.com\/es\/#organization"},"potentialAction":[{"@type":"SearchAction","target":{"@type":"EntryPoint","urlTemplate":"https:\/\/expat-assurance.com\/es\/?s={search_term_string}"},"query-input":{"@type":"PropertyValueSpecification","valueRequired":true,"valueName":"search_term_string"}}],"inLanguage":"es"},{"@type":"Organization","@id":"https:\/\/expat-assurance.com\/es\/#organization","name":"Expat Assurance","url":"https:\/\/expat-assurance.com\/es\/","logo":{"@type":"ImageObject","inLanguage":"es","@id":"https:\/\/expat-assurance.com\/es\/#\/schema\/logo\/image\/","url":"https:\/\/expat-assurance.com\/wp-content\/uploads\/2020\/11\/expat-logo.svg","contentUrl":"https:\/\/expat-assurance.com\/wp-content\/uploads\/2020\/11\/expat-logo.svg","width":1,"height":1,"caption":"Expat Assurance"},"image":{"@id":"https:\/\/expat-assurance.com\/es\/#\/schema\/logo\/image\/"},"sameAs":["http:\/\/www.facebook.com\/expatassurance\/"]}]}},"_links":{"self":[{"href":"https:\/\/expat-assurance.com\/es\/wp-json\/wp\/v2\/pages\/12484"}],"collection":[{"href":"https:\/\/expat-assurance.com\/es\/wp-json\/wp\/v2\/pages"}],"about":[{"href":"https:\/\/expat-assurance.com\/es\/wp-json\/wp\/v2\/types\/page"}],"author":[{"embeddable":true,"href":"https:\/\/expat-assurance.com\/es\/wp-json\/wp\/v2\/users\/11"}],"replies":[{"embeddable":true,"href":"https:\/\/expat-assurance.com\/es\/wp-json\/wp\/v2\/comments?post=12484"}],"version-history":[{"count":0,"href":"https:\/\/expat-assurance.com\/es\/wp-json\/wp\/v2\/pages\/12484\/revisions"}],"wp:attachment":[{"href":"https:\/\/expat-assurance.com\/es\/wp-json\/wp\/v2\/media?parent=12484"}],"curies":[{"name":"wp","href":"https:\/\/api.w.org\/{rel}","templated":true}]}}