{"id":12483,"date":"2020-11-27T03:17:06","date_gmt":"2020-11-27T09:17:06","guid":{"rendered":"https:\/\/expat-assurance.com\/exclusions-communes-assurances\/"},"modified":"2020-12-21T08:56:44","modified_gmt":"2020-12-21T06:56:44","slug":"exclusiones-communes-seguros","status":"publish","type":"page","link":"https:\/\/expat-assurance.com\/es\/exclusiones-communes-seguros\/","title":{"rendered":"Exclusiones communes para los contratos de seguro"},"content":{"rendered":"<h2>Exclusiones comunes del seguro de salud.<\/h2>\n<p>Para evitar malentendidos sobre los beneficios de un contrato de seguro de salud y previsi\u00f3n, he aqu\u00ed una lista de las exclusiones que encontramos con m\u00e1s frecuencia.<\/p>\n<p>Es muy importante conocerlas, siempre est\u00e1n detalladas en las condiciones generales de su contrato que desgraciadamente nadie consulta.<\/p>\n<ul>\n<li>Tratamiento que requiere de un acuerdo previo proporcionado sin previo acuerdo (fisioterapia, terapia del habla, dentaduras postizas, implantes, ortodoncia, normalmente la mayor\u00eda de los tratamientos en serie)<\/li>\n<li>Costes auxiliares (distintos de los previstos en la Tabla de Beneficios) por Hospitalizaci\u00f3n o gastos extravagantes, no razonables o inusuales en relaci\u00f3n con el pa\u00eds en el que se han incurrido.<\/li>\n<li>Consultas con psic\u00f3logos, tratamientos de psicoterapia.<\/li>\n<li>Pagos de farmacia, cuidados cosm\u00e9ticos, productos de higiene, cremas solares y\/o hidratantes, productos de maquillaje, tratamientos de confort, vitaminas y minerales, suplementos alimenticios, productos diet\u00e9ticos, comida para beb\u00e9s, aguas minerales.<\/li>\n<li>Tratamiento del alcoholismo, la drogadicci\u00f3n o cualquier otra adicci\u00f3n o enfermedad relacionada con dicha adicci\u00f3n; estancias en gerontolog\u00eda, institutos m\u00e9dico-pedag\u00f3gicos e instituciones similares.<\/li>\n<li>Estancia en asilos o casas de convalecencia que no se han producido despu\u00e9s de la hospitalizaci\u00f3n por una enfermedad temible o un accidente.<\/li>\n<li>Hormonas de crecimiento.<\/li>\n<li>Cirug\u00eda est\u00e9tica.<\/li>\n<li>El consumo de alcohol y sus consecuencias de acuerdo con la legislaci\u00f3n vigente en el pa\u00eds de ocurrencia.<\/li>\n<li>De la caza.<\/li>\n<li>Accidentes o enfermedades preexistentes anteriores a la fecha de entrada en vigor del contrato, sujetos a reca\u00edda o no consolidados, enfermedades o malformaciones cong\u00e9nitas y no declarados en el momento de la inscripci\u00f3n.<\/li>\n<li>Participaci\u00f3n en todas las competiciones deportivas y sesiones de entrenamiento, la pr\u00e1ctica de deportes en el marco de un club o federaci\u00f3n a t\u00edtulo profesional, as\u00ed como cualquier deporte que requiera el uso de cualquier equipo de locomoci\u00f3n terrestre, acu\u00e1tico o a\u00e9reo.<\/li>\n<li>Jugando deportes peligrosos como..: conducir un autom\u00f3vil, una motocicleta o un karting, el paracaidismo, el alpinismo, la escalada (excepto en soportes artificiales), la escalada en roca, el submarinismo (excepto la inmersi\u00f3n en apnea a menos de 50 metros), la espeleolog\u00eda, el esqueleto, el salto de esqu\u00ed, el bobsleigh, el puenting, el rafting, el barranquismo, el kitesurf, el globo aerost\u00e1tico, la moto acu\u00e1tica, as\u00ed como los siguientes deportes practicados fuera de pista: &#8230;esqu\u00ed, esqu\u00ed de fondo, trineos, snowboard&#8230;<\/li>\n<\/ul>\n","protected":false},"excerpt":{"rendered":"<p>Exclusiones comunes del seguro de salud. Para evitar malentendidos sobre los beneficios de un contrato de seguro de salud y previsi\u00f3n, he aqu\u00ed una lista de las exclusiones que encontramos con m\u00e1s frecuencia. Es muy importante conocerlas, siempre est\u00e1n detalladas en las condiciones generales de su contrato que desgraciadamente nadie consulta. Tratamiento que requiere de [&hellip;]<\/p>\n","protected":false},"author":11,"featured_media":0,"parent":0,"menu_order":0,"comment_status":"closed","ping_status":"closed","template":"","meta":{"footnotes":""},"acf":[],"yoast_head":"<!-- This site is optimized with the Yoast SEO Premium plugin v20.9 (Yoast SEO v24.5) - https:\/\/yoast.com\/wordpress\/plugins\/seo\/ -->\n<title>Exclusiones communes para los contratos de seguro - Expat Assurance<\/title>\n<meta name=\"description\" content=\"Para evitar malentendidos sobre los beneficios de un contrato de seguro de salud y previsi\u00f3n, he aqu\u00ed una lista de las exclusiones que encontramos.\" \/>\n<meta name=\"robots\" content=\"index, follow, max-snippet:-1, max-image-preview:large, max-video-preview:-1\" \/>\n<link rel=\"canonical\" href=\"https:\/\/expat-assurance.com\/es\/exclusiones-communes-seguros\/\" \/>\n<meta property=\"og:locale\" content=\"es_ES\" \/>\n<meta property=\"og:type\" content=\"article\" \/>\n<meta property=\"og:title\" content=\"Exclusiones communes para los contratos de seguro\" \/>\n<meta property=\"og:description\" content=\"Para evitar malentendidos sobre los beneficios de un contrato de seguro de salud y previsi\u00f3n, he aqu\u00ed una lista de las exclusiones que encontramos.\" \/>\n<meta property=\"og:url\" content=\"https:\/\/expat-assurance.com\/es\/exclusiones-communes-seguros\/\" \/>\n<meta property=\"og:site_name\" content=\"Expat Assurance\" \/>\n<meta property=\"article:publisher\" content=\"http:\/\/www.facebook.com\/expatassurance\/\" \/>\n<meta property=\"article:modified_time\" content=\"2020-12-21T06:56:44+00:00\" \/>\n<meta property=\"og:image\" content=\"https:\/\/expat-assurance.com\/wp-content\/uploads\/2019\/04\/Logo-EA-Sticker.jpg\" \/>\n\t<meta property=\"og:image:width\" content=\"1200\" \/>\n\t<meta property=\"og:image:height\" content=\"630\" \/>\n\t<meta property=\"og:image:type\" content=\"image\/jpeg\" \/>\n<meta name=\"twitter:card\" content=\"summary_large_image\" \/>\n<meta name=\"twitter:label1\" content=\"Est. reading time\" \/>\n\t<meta name=\"twitter:data1\" content=\"2 minutes\" \/>\n<script type=\"application\/ld+json\" class=\"yoast-schema-graph\">{\"@context\":\"https:\/\/schema.org\",\"@graph\":[{\"@type\":\"WebPage\",\"@id\":\"https:\/\/expat-assurance.com\/es\/exclusiones-communes-seguros\/\",\"url\":\"https:\/\/expat-assurance.com\/es\/exclusiones-communes-seguros\/\",\"name\":\"Exclusiones communes para los contratos de seguro - Expat Assurance\",\"isPartOf\":{\"@id\":\"https:\/\/expat-assurance.com\/es\/#website\"},\"datePublished\":\"2020-11-27T09:17:06+00:00\",\"dateModified\":\"2020-12-21T06:56:44+00:00\",\"description\":\"Para evitar malentendidos sobre los beneficios de un contrato de seguro de salud y previsi\u00f3n, he aqu\u00ed una lista de las exclusiones que encontramos.\",\"breadcrumb\":{\"@id\":\"https:\/\/expat-assurance.com\/es\/exclusiones-communes-seguros\/#breadcrumb\"},\"inLanguage\":\"es\",\"potentialAction\":[{\"@type\":\"ReadAction\",\"target\":[\"https:\/\/expat-assurance.com\/es\/exclusiones-communes-seguros\/\"]}]},{\"@type\":\"BreadcrumbList\",\"@id\":\"https:\/\/expat-assurance.com\/es\/exclusiones-communes-seguros\/#breadcrumb\",\"itemListElement\":[{\"@type\":\"ListItem\",\"position\":1,\"name\":\"Expat Assurance\",\"item\":\"https:\/\/expat-assurance.com\/es\/\"},{\"@type\":\"ListItem\",\"position\":2,\"name\":\"Exclusiones communes para los contratos de seguro\"}]},{\"@type\":\"WebSite\",\"@id\":\"https:\/\/expat-assurance.com\/es\/#website\",\"url\":\"https:\/\/expat-assurance.com\/es\/\",\"name\":\"Expat Assurance\",\"description\":\"Expert de l&#039;assurance sant\u00e9 pour expatri\u00e9s sur le continent Am\u00e9ricain.\",\"publisher\":{\"@id\":\"https:\/\/expat-assurance.com\/es\/#organization\"},\"potentialAction\":[{\"@type\":\"SearchAction\",\"target\":{\"@type\":\"EntryPoint\",\"urlTemplate\":\"https:\/\/expat-assurance.com\/es\/?s={search_term_string}\"},\"query-input\":{\"@type\":\"PropertyValueSpecification\",\"valueRequired\":true,\"valueName\":\"search_term_string\"}}],\"inLanguage\":\"es\"},{\"@type\":\"Organization\",\"@id\":\"https:\/\/expat-assurance.com\/es\/#organization\",\"name\":\"Expat Assurance\",\"url\":\"https:\/\/expat-assurance.com\/es\/\",\"logo\":{\"@type\":\"ImageObject\",\"inLanguage\":\"es\",\"@id\":\"https:\/\/expat-assurance.com\/es\/#\/schema\/logo\/image\/\",\"url\":\"https:\/\/expat-assurance.com\/wp-content\/uploads\/2020\/11\/expat-logo.svg\",\"contentUrl\":\"https:\/\/expat-assurance.com\/wp-content\/uploads\/2020\/11\/expat-logo.svg\",\"width\":1,\"height\":1,\"caption\":\"Expat Assurance\"},\"image\":{\"@id\":\"https:\/\/expat-assurance.com\/es\/#\/schema\/logo\/image\/\"},\"sameAs\":[\"http:\/\/www.facebook.com\/expatassurance\/\"]}]}<\/script>\n<!-- \/ Yoast SEO Premium plugin. -->","yoast_head_json":{"title":"Exclusiones communes para los contratos de seguro - Expat Assurance","description":"Para evitar malentendidos sobre los beneficios de un contrato de seguro de salud y previsi\u00f3n, he aqu\u00ed una lista de las exclusiones que encontramos.","robots":{"index":"index","follow":"follow","max-snippet":"max-snippet:-1","max-image-preview":"max-image-preview:large","max-video-preview":"max-video-preview:-1"},"canonical":"https:\/\/expat-assurance.com\/es\/exclusiones-communes-seguros\/","og_locale":"es_ES","og_type":"article","og_title":"Exclusiones communes para los contratos de seguro","og_description":"Para evitar malentendidos sobre los beneficios de un contrato de seguro de salud y previsi\u00f3n, he aqu\u00ed una lista de las exclusiones que encontramos.","og_url":"https:\/\/expat-assurance.com\/es\/exclusiones-communes-seguros\/","og_site_name":"Expat Assurance","article_publisher":"http:\/\/www.facebook.com\/expatassurance\/","article_modified_time":"2020-12-21T06:56:44+00:00","og_image":[{"width":1200,"height":630,"url":"https:\/\/expat-assurance.com\/wp-content\/uploads\/2019\/04\/Logo-EA-Sticker.jpg","type":"image\/jpeg"}],"twitter_card":"summary_large_image","twitter_misc":{"Est. reading time":"2 minutes"},"schema":{"@context":"https:\/\/schema.org","@graph":[{"@type":"WebPage","@id":"https:\/\/expat-assurance.com\/es\/exclusiones-communes-seguros\/","url":"https:\/\/expat-assurance.com\/es\/exclusiones-communes-seguros\/","name":"Exclusiones communes para los contratos de seguro - Expat Assurance","isPartOf":{"@id":"https:\/\/expat-assurance.com\/es\/#website"},"datePublished":"2020-11-27T09:17:06+00:00","dateModified":"2020-12-21T06:56:44+00:00","description":"Para evitar malentendidos sobre los beneficios de un contrato de seguro de salud y previsi\u00f3n, he aqu\u00ed una lista de las exclusiones que encontramos.","breadcrumb":{"@id":"https:\/\/expat-assurance.com\/es\/exclusiones-communes-seguros\/#breadcrumb"},"inLanguage":"es","potentialAction":[{"@type":"ReadAction","target":["https:\/\/expat-assurance.com\/es\/exclusiones-communes-seguros\/"]}]},{"@type":"BreadcrumbList","@id":"https:\/\/expat-assurance.com\/es\/exclusiones-communes-seguros\/#breadcrumb","itemListElement":[{"@type":"ListItem","position":1,"name":"Expat Assurance","item":"https:\/\/expat-assurance.com\/es\/"},{"@type":"ListItem","position":2,"name":"Exclusiones communes para los contratos de seguro"}]},{"@type":"WebSite","@id":"https:\/\/expat-assurance.com\/es\/#website","url":"https:\/\/expat-assurance.com\/es\/","name":"Expat Assurance","description":"Expert de l&#039;assurance sant\u00e9 pour expatri\u00e9s sur le continent Am\u00e9ricain.","publisher":{"@id":"https:\/\/expat-assurance.com\/es\/#organization"},"potentialAction":[{"@type":"SearchAction","target":{"@type":"EntryPoint","urlTemplate":"https:\/\/expat-assurance.com\/es\/?s={search_term_string}"},"query-input":{"@type":"PropertyValueSpecification","valueRequired":true,"valueName":"search_term_string"}}],"inLanguage":"es"},{"@type":"Organization","@id":"https:\/\/expat-assurance.com\/es\/#organization","name":"Expat Assurance","url":"https:\/\/expat-assurance.com\/es\/","logo":{"@type":"ImageObject","inLanguage":"es","@id":"https:\/\/expat-assurance.com\/es\/#\/schema\/logo\/image\/","url":"https:\/\/expat-assurance.com\/wp-content\/uploads\/2020\/11\/expat-logo.svg","contentUrl":"https:\/\/expat-assurance.com\/wp-content\/uploads\/2020\/11\/expat-logo.svg","width":1,"height":1,"caption":"Expat Assurance"},"image":{"@id":"https:\/\/expat-assurance.com\/es\/#\/schema\/logo\/image\/"},"sameAs":["http:\/\/www.facebook.com\/expatassurance\/"]}]}},"_links":{"self":[{"href":"https:\/\/expat-assurance.com\/es\/wp-json\/wp\/v2\/pages\/12483"}],"collection":[{"href":"https:\/\/expat-assurance.com\/es\/wp-json\/wp\/v2\/pages"}],"about":[{"href":"https:\/\/expat-assurance.com\/es\/wp-json\/wp\/v2\/types\/page"}],"author":[{"embeddable":true,"href":"https:\/\/expat-assurance.com\/es\/wp-json\/wp\/v2\/users\/11"}],"replies":[{"embeddable":true,"href":"https:\/\/expat-assurance.com\/es\/wp-json\/wp\/v2\/comments?post=12483"}],"version-history":[{"count":0,"href":"https:\/\/expat-assurance.com\/es\/wp-json\/wp\/v2\/pages\/12483\/revisions"}],"wp:attachment":[{"href":"https:\/\/expat-assurance.com\/es\/wp-json\/wp\/v2\/media?parent=12483"}],"curies":[{"name":"wp","href":"https:\/\/api.w.org\/{rel}","templated":true}]}}