{"id":12426,"date":"2020-12-03T02:18:08","date_gmt":"2020-12-03T08:18:08","guid":{"rendered":"https:\/\/expat-assurance.com\/politica-de-privacidad\/"},"modified":"2024-02-22T13:37:44","modified_gmt":"2024-02-22T11:37:44","slug":"politica-proteccion-datos","status":"publish","type":"page","link":"https:\/\/expat-assurance.com\/es\/politica-proteccion-datos\/","title":{"rendered":"POL\u00cdTICA DE PROTECCI\u00d3N DE DATOS PERSONALES"},"content":{"rendered":"<p class=\"p1\"><b>Si te preguntas &#8220;\u00bfC\u00f3mo recopila Expat International Care mis datos personales?&#8221;, est\u00e1s en el lugar adecuado. \u00a1Bienvenido a nuestra pol\u00edtica de protecci\u00f3n de datos personales! En Expat International Care, nos preocupamos por proteger tus datos. Por lo tanto, el objetivo de esta pol\u00edtica es informarte sobre c\u00f3mo tratamos tus datos personales cuando utilizas nuestros servicios.<\/b><\/p>\n<h2>1. \u00bfQui\u00e9n Somos?<\/h2>\n<p class=\"p1\">Somos <b>Expat International Care<\/b>, una sociedad an\u00f3nima simplificada unipersonal, registrada en el RCS de Nantes con el n\u00famero 951 755 917 y con sede en 2 rue Jacques Brel 44800 Saint-Herblain. Nuestro n\u00famero ORIAS es 23003307, que puedes consultar en el sitio web <a href=\"http:\/\/www.orias.fr\/\" target=\"_blank\" rel=\"noopener\"><span class=\"s1\">www.orias.fr<\/span><\/a>.<\/p>\n<p class=\"p1\">Estamos comprometidos en servir a la comunidad de expatriados para resolver cuestiones relacionadas con la protecci\u00f3n social.<\/p>\n<p class=\"p1\">En el marco del tratamiento de tus datos personales, Expat International Care es el responsable del tratamiento seg\u00fan la normativa.<\/p>\n<h2>2. \u00bfQu\u00e9 datos nos proporcionas?<\/h2>\n<p class=\"p1\">Un dato personal es cualquier informaci\u00f3n que te permita ser identificado.<\/p>\n<p class=\"p1\">Puede ser tu nombre, apellido, direcci\u00f3n de correo electr\u00f3nico, n\u00famero de tel\u00e9fono, edad, nacionalidad, antecedentes m\u00e9dicos o incluso tu pa\u00eds de expatriaci\u00f3n.<\/p>\n<p class=\"p1\">Si tambi\u00e9n deseas agregar a uno o varios de tus familiares a tu cobertura de salud, es posible que tambi\u00e9n recopilemos algunos de sus datos personales, como su nombre, apellido o edad. Al proporcionarnos estos datos, nos confirmas que est\u00e1s autorizado para comunic\u00e1rnoslos.<\/p>\n<p class=\"p1\">Cuando los datos est\u00e1n identificados con un asterisco (*), son necesarios para el tratamiento. Si no proporcionas estos datos, podr\u00edas no poder beneficiarte de uno o varios de nuestros servicios.<\/p>\n<h2>3. \u00bfComo y cunado recopilamos tus datos?<\/h2>\n<p class=\"p2\">Recopilamos los datos personales que nos proporcionas, especialmente cuando:<\/p>\n<ul class=\"ul1\">\n<li class=\"li2\">Utilizas nuestro comparador.<\/li>\n<li class=\"li2\">Solicitas un presupuesto.<\/li>\n<li class=\"li2\">Solicitas ponerte en contacto con uno de nuestros comerciales.<\/li>\n<li class=\"li2\">Solicitas una cita desde nuestro sitio web.<\/li>\n<li class=\"li2\">Descargas uno de nuestros libros electr\u00f3nicos.<\/li>\n<li class=\"li2\">Contactas con nuestro servicio de atenci\u00f3n al cliente o uno de nuestros comerciales.<\/li>\n<li class=\"li2\">Ejerces alguno de tus derechos mencionados en esta Pol\u00edtica.<\/li>\n<\/ul>\n<h2>4. \u00bfPor qu\u00e9 y con qu\u00e9 base utilizamos tus datos?<\/h2>\n<p class=\"p1\">En primer lugar, recopilamos tus datos y los de tus familiares (c\u00f3nyuge, hijos) para ofrecerte un producto de seguro adaptado a tu situaci\u00f3n, especialmente a tu pa\u00eds de expatriaci\u00f3n y tus antecedentes m\u00e9dicos.<\/p>\n<p class=\"p1\">Tambi\u00e9n recopilamos tus datos para responder a tus solicitudes y cumplir con nuestra obligaci\u00f3n de asesoramiento. Para ello, evaluamos tus necesidades, la posibilidad de ofrecerte un contrato y, en su caso, evaluamos las condiciones bajo las cuales podemos ofrecerte un contrato.<\/p>\n<ul class=\"ul1\">\n<li class=\"li1\"><b>Base legal<\/b>: Ejecuci\u00f3n de medidas precontractuales \/ Ejecuci\u00f3n de un contrato.<\/li>\n<\/ul>\n<p class=\"p1\">Adem\u00e1s, recopilamos tus datos para llevar a cabo operaciones de prospecci\u00f3n comercial, especialmente para presentarte nuestros servicios, las evoluciones de los productos de seguros o nuestras noticias.<\/p>\n<p class=\"p1\">Puedes darte de baja en cualquier momento haciendo clic en el enlace de baja que aparece al final de cada correo electr\u00f3nico de marketing.<\/p>\n<ul class=\"ul1\">\n<li class=\"li1\"><b>Base legal<\/b>: Consentimiento (prospecci\u00f3n por correo electr\u00f3nico) \/ Inter\u00e9s leg\u00edtimo (prospecci\u00f3n por tel\u00e9fono o si ya eres cliente y te presentamos productos similares).<\/li>\n<\/ul>\n<p class=\"p1\">Por \u00faltimo, tratamos tus datos en el contexto de nuestras respuestas a tus solicitudes de ejercicio de derechos (ver <span class=\"s2\">\u00bf<\/span><span class=\"s3\">Cu\u00e1les son tus derechos<\/span><span class=\"s2\">? \u00bf<\/span><span class=\"s3\">Como ejercerlos?<\/span>) o en caso de solicitud de una autoridad de control o judicial.<\/p>\n<ul class=\"ul1\">\n<li class=\"li1\"><b>Base legal: <\/b>Obligaci\u00f3n legal.<\/li>\n<\/ul>\n<h2>5. \u00bfQui\u00e9n tiene acceso a tus datos? \u00bfSe transfieren fuera de la Uni\u00f3n europea?<\/h2>\n<p class=\"p1\">Al igual que t\u00fa, cada uno de nuestros colaboradores vive en el extranjero. Esto nos permite comprender tan bien la expatriaci\u00f3n, ya que la vivimos.<\/p>\n<p class=\"p1\">Por lo tanto, trabajamos con una empresa mexicana, Funky Lead, registrada en M\u00e9xico, y una empresa dubait\u00ed, Expat Connect, con las cuales hemos celebrado un acuerdo de protecci\u00f3n de datos que garantiza un nivel de protecci\u00f3n equivalente al vigente en la Uni\u00f3n Europea.<\/p>\n<p class=\"p1\">Tambi\u00e9n podemos compartir tus datos, en ciertas condiciones y a solicitud de las autoridades judiciales o de protecci\u00f3n de datos, as\u00ed como con profesionales regulados como abogados que nos acompa\u00f1an.<\/p>\n<h2>6. \u00bfCu\u00e1nto tempo conservamos tus datos?<\/h2>\n<p class=\"p1\">Conservamos tus datos personales durante el tiempo necesario para cumplir con las regulaciones aplicables o durante un per\u00edodo definido en funci\u00f3n de nuestras restricciones operativas, como la gesti\u00f3n efectiva de nuestra relaci\u00f3n contigo.<\/p>\n<p class=\"p1\">La mayor\u00eda de tus datos personales se conservan durante un m\u00e1ximo de 3 a\u00f1os a partir de nuestro \u00faltimo contacto contigo. Por supuesto, estos plazos son diferentes si has contratado un seguro a trav\u00e9s de nuestros servicios.<\/p>\n<h2>7. \u00bfCu\u00e1les son tus derechos? \u00bfComo ejercerlos?<\/h2>\n\n\n<figure class=\"wp-block-table\">\n    <table class=\"no_style_table\">\n        <tbody>\n            <tr>\n                <td width=\"100\"><img decoding=\"async\" width=\"30\" height=\"30\" src=\"https:\/\/expat-assurance.com\/wp-content\/uploads\/2024\/01\/img_659571f77aa80.png\"><\/td>\n                <td><strong style=\"text-transform: uppercase;\">Derecho de acceso&nbsp;<\/strong><br> Puedes obtener informaci\u00f3n sobre el tratamiento de tus datos personales y una copia de estos datos. <\/td>\n            <\/tr>\n            <tr>\n                <td><img decoding=\"async\" width=\"30\" height=\"30\" src=\"https:\/\/expat-assurance.com\/wp-content\/uploads\/2024\/01\/img_659571f7889e8.png\"><\/td>\n                <td><strong style=\"text-transform: uppercase;\">Derecho a la rectificaci\u00f3n&nbsp;<\/strong><br> Puedes solicitar la actualizaci\u00f3n o modificaci\u00f3n de tus datos personales, como tu nombre o direcci\u00f3n de correo electr\u00f3nico. <\/td>\n            <\/tr>\n            <tr>\n                <td><img decoding=\"async\" width=\"30\" height=\"30\" src=\"https:\/\/expat-assurance.com\/wp-content\/uploads\/2024\/01\/img_659571f7922cf.png\"><\/td>\n                <td><strong style=\"text-transform: uppercase;\">Derecho de oposici\u00f3n<\/strong>&nbsp;<br> Puedes oponerte al tratamiento de tus datos.<\/td>\n            <\/tr>\n            <tr>\n                <td><img decoding=\"async\" width=\"40\" height=\"40\" src=\"https:\/\/expat-assurance.com\/wp-content\/uploads\/2024\/01\/img_659571f79bc25.png\"><\/td>\n                <td><strong style=\"text-transform: uppercase;\">Derecho a la limitaci\u00f3n<\/strong><br> Puedes solicitarnos que limitemos el tratamiento de tu informaci\u00f3n en ciertos casos.<\/td>\n            <\/tr>\n            <tr>\n                <td><img decoding=\"async\" width=\"30\" height=\"30\" src=\"https:\/\/expat-assurance.com\/wp-content\/uploads\/2024\/01\/img_659571f7a5af7.png\"><\/td>\n                <td><strong style=\"text-transform: uppercase;\">Derecho a la portabilidad&nbsp;<\/strong><br> Puedes obtener tus datos en un formato estructurado, de uso com\u00fan y legible, con el fin de transferirlos a otro responsable del tratamiento o pedirnos que los transfiramos. <\/td>\n            <\/tr>\n            <tr>\n                <td><img decoding=\"async\" width=\"30\" height=\"30\" src=\"https:\/\/expat-assurance.com\/wp-content\/uploads\/2024\/01\/img_659571f7af3be.png\"><\/td>\n                <td><strong style=\"text-transform: uppercase;\">Derecho al olvido<\/strong><br> Puedes pedirnos que eliminemos tus datos en ciertos casos, es decir, ejercer el &#8220;derecho al olvido&#8221;.<\/td>\n            <\/tr>\n        <\/tbody>\n    <\/table>\n<\/figure>\n\n\n\n<p><\/p>\n\n\n\n<p>Para ejercer cualquiera de estos derechos, cont\u00e1ctanos a la direcci\u00f3n de correo electr\u00f3nico (<a href=\"mailto:admin@expat-international-care.fr\">admin@expat-international-care.fr<\/a>) proporcionando tu nombre, apellido y direcci\u00f3n de correo electr\u00f3nico para que podamos identificarte y gestionar eficazmente tu solicitud.<\/p>\n\n\n\n<p>Para obtener m\u00e1s informaci\u00f3n, consulta la secci\u00f3n <a href=\"#elementor-toc__heading-anchor-9\">&#8220;Pongase en contacto con nosotros&#8221;<\/a>.<\/p>\n\n\n\n<h2 class=\"wp-block-heading\" id=\"h-8-como-presentar-una-reclamacion-ante-la-cnil\">8. \u00bfComo presentar una reclamaci\u00f3n ante la CNIL?<\/h2>\n\n\n\n<p>Nos comprometemos a hacer todo lo posible para respetar tus derechos en relaci\u00f3n con tus datos personales. Sin embargo, si consideras que no se han respetado tus derechos, tienes la posibilidad de presentar una queja ante la Comisi\u00f3n Nacional de Inform\u00e1tica y Libertades (CNIL), la autoridad de control cuya misi\u00f3n es garantizar en Francia el cumplimiento de la regulaci\u00f3n aplicable a los tratamientos de datos personales.<\/p>\n\n\n\n<p>Para obtener m\u00e1s informaci\u00f3n, consulta el sitio web de la CNIL: <a href=\"http:\/\/www.cnil.fr\/\" target=\"_blank\" rel=\"noreferrer noopener\">www.cnil.fr<\/a><\/p>\n\n\n\n<h2 class=\"wp-block-heading\">9. P\u00f3ngase en contacto con nosotros<\/h2>\n\n\n\n<p>Puede ponerse en contacto con nosotros a trav\u00e9s de uno de los siguientes medios:<\/p>\n\n\n\n<figure class=\"wp-block-table\"><table class=\"no_style_table\"><tbody><tr><td><img decoding=\"async\" width=\"30\" height=\"30\" src=\"https:\/\/expat-assurance.com\/wp-content\/uploads\/2024\/01\/img_659571f7b8b1d.png\"><\/td><td><br><a href=\"mailto:admin@expat-international-care.fr\">admin@expat-international-care.fr<\/a><\/td><\/tr><tr><td><img decoding=\"async\" width=\"30\" height=\"30\" src=\"https:\/\/expat-assurance.com\/wp-content\/uploads\/2024\/01\/img_659571f7c1e64.png\"><\/td><td>2 rue Jacques Brel <br>44800 Saint-Herblain<br>France<\/td><\/tr><\/tbody><\/table><\/figure>\n","protected":false},"excerpt":{"rendered":"<p>Si te preguntas &#8220;\u00bfC\u00f3mo recopila Expat International Care mis datos personales?&#8221;, est\u00e1s en el lugar adecuado. \u00a1Bienvenido a nuestra pol\u00edtica de protecci\u00f3n de datos personales! En Expat International Care, nos preocupamos por proteger tus datos. Por lo tanto, el objetivo de esta pol\u00edtica es informarte sobre c\u00f3mo tratamos tus datos personales cuando utilizas nuestros servicios. [&hellip;]<\/p>\n","protected":false},"author":1,"featured_media":0,"parent":0,"menu_order":0,"comment_status":"closed","ping_status":"closed","template":"","meta":{"footnotes":""},"acf":[],"yoast_head":"<!-- This site is optimized with the Yoast SEO Premium plugin v20.9 (Yoast SEO v24.5) - https:\/\/yoast.com\/wordpress\/plugins\/seo\/ -->\n<title>POL\u00cdTICA DE PROTECCI\u00d3N DE DATOS PERSONALES - Expat Assurance<\/title>\n<meta name=\"description\" content=\"Descubra nuestra pol\u00edtica de privacidad.Sus datos son importantes, Expat Assurance se compromete a protegerlos y respetarlos.\" \/>\n<meta name=\"robots\" content=\"index, follow, max-snippet:-1, max-image-preview:large, max-video-preview:-1\" \/>\n<link rel=\"canonical\" href=\"https:\/\/expat-assurance.com\/es\/politica-proteccion-datos\/\" \/>\n<meta property=\"og:locale\" content=\"es_ES\" \/>\n<meta property=\"og:type\" content=\"article\" \/>\n<meta property=\"og:title\" content=\"POL\u00cdTICA DE PROTECCI\u00d3N DE DATOS PERSONALES\" \/>\n<meta property=\"og:description\" content=\"Descubra nuestra pol\u00edtica de privacidad.Sus datos son importantes, Expat Assurance se compromete a protegerlos y respetarlos.\" \/>\n<meta property=\"og:url\" content=\"https:\/\/expat-assurance.com\/es\/politica-proteccion-datos\/\" \/>\n<meta property=\"og:site_name\" content=\"Expat Assurance\" \/>\n<meta property=\"article:publisher\" content=\"http:\/\/www.facebook.com\/expatassurance\/\" \/>\n<meta property=\"article:modified_time\" content=\"2024-02-22T11:37:44+00:00\" \/>\n<meta property=\"og:image\" content=\"https:\/\/expat-assurance.com\/wp-content\/uploads\/2024\/01\/img_659571f77aa80.png\" \/>\n<meta name=\"twitter:card\" content=\"summary_large_image\" \/>\n<meta name=\"twitter:label1\" content=\"Est. reading time\" \/>\n\t<meta name=\"twitter:data1\" content=\"7 minutes\" \/>\n<script type=\"application\/ld+json\" class=\"yoast-schema-graph\">{\"@context\":\"https:\/\/schema.org\",\"@graph\":[{\"@type\":\"WebPage\",\"@id\":\"https:\/\/expat-assurance.com\/es\/politica-proteccion-datos\/\",\"url\":\"https:\/\/expat-assurance.com\/es\/politica-proteccion-datos\/\",\"name\":\"POL\u00cdTICA DE PROTECCI\u00d3N DE DATOS PERSONALES - Expat Assurance\",\"isPartOf\":{\"@id\":\"https:\/\/expat-assurance.com\/es\/#website\"},\"primaryImageOfPage\":{\"@id\":\"https:\/\/expat-assurance.com\/es\/politica-proteccion-datos\/#primaryimage\"},\"image\":{\"@id\":\"https:\/\/expat-assurance.com\/es\/politica-proteccion-datos\/#primaryimage\"},\"thumbnailUrl\":\"https:\/\/expat-assurance.com\/wp-content\/uploads\/2024\/01\/img_659571f77aa80.png\",\"datePublished\":\"2020-12-03T08:18:08+00:00\",\"dateModified\":\"2024-02-22T11:37:44+00:00\",\"description\":\"Descubra nuestra pol\u00edtica de privacidad.Sus datos son importantes, Expat Assurance se compromete a protegerlos y respetarlos.\",\"breadcrumb\":{\"@id\":\"https:\/\/expat-assurance.com\/es\/politica-proteccion-datos\/#breadcrumb\"},\"inLanguage\":\"es\",\"potentialAction\":[{\"@type\":\"ReadAction\",\"target\":[\"https:\/\/expat-assurance.com\/es\/politica-proteccion-datos\/\"]}]},{\"@type\":\"ImageObject\",\"inLanguage\":\"es\",\"@id\":\"https:\/\/expat-assurance.com\/es\/politica-proteccion-datos\/#primaryimage\",\"url\":\"https:\/\/expat-assurance.com\/wp-content\/uploads\/2024\/01\/img_659571f77aa80.png\",\"contentUrl\":\"https:\/\/expat-assurance.com\/wp-content\/uploads\/2024\/01\/img_659571f77aa80.png\"},{\"@type\":\"BreadcrumbList\",\"@id\":\"https:\/\/expat-assurance.com\/es\/politica-proteccion-datos\/#breadcrumb\",\"itemListElement\":[{\"@type\":\"ListItem\",\"position\":1,\"name\":\"Expat Assurance\",\"item\":\"https:\/\/expat-assurance.com\/es\/\"},{\"@type\":\"ListItem\",\"position\":2,\"name\":\"POL\u00cdTICA DE PROTECCI\u00d3N DE DATOS PERSONALES\"}]},{\"@type\":\"WebSite\",\"@id\":\"https:\/\/expat-assurance.com\/es\/#website\",\"url\":\"https:\/\/expat-assurance.com\/es\/\",\"name\":\"Expat Assurance\",\"description\":\"Expert de l&#039;assurance sant\u00e9 pour expatri\u00e9s sur le continent Am\u00e9ricain.\",\"publisher\":{\"@id\":\"https:\/\/expat-assurance.com\/es\/#organization\"},\"potentialAction\":[{\"@type\":\"SearchAction\",\"target\":{\"@type\":\"EntryPoint\",\"urlTemplate\":\"https:\/\/expat-assurance.com\/es\/?s={search_term_string}\"},\"query-input\":{\"@type\":\"PropertyValueSpecification\",\"valueRequired\":true,\"valueName\":\"search_term_string\"}}],\"inLanguage\":\"es\"},{\"@type\":\"Organization\",\"@id\":\"https:\/\/expat-assurance.com\/es\/#organization\",\"name\":\"Expat Assurance\",\"url\":\"https:\/\/expat-assurance.com\/es\/\",\"logo\":{\"@type\":\"ImageObject\",\"inLanguage\":\"es\",\"@id\":\"https:\/\/expat-assurance.com\/es\/#\/schema\/logo\/image\/\",\"url\":\"https:\/\/expat-assurance.com\/wp-content\/uploads\/2020\/11\/expat-logo.svg\",\"contentUrl\":\"https:\/\/expat-assurance.com\/wp-content\/uploads\/2020\/11\/expat-logo.svg\",\"width\":1,\"height\":1,\"caption\":\"Expat Assurance\"},\"image\":{\"@id\":\"https:\/\/expat-assurance.com\/es\/#\/schema\/logo\/image\/\"},\"sameAs\":[\"http:\/\/www.facebook.com\/expatassurance\/\"]}]}<\/script>\n<!-- \/ Yoast SEO Premium plugin. -->","yoast_head_json":{"title":"POL\u00cdTICA DE PROTECCI\u00d3N DE DATOS PERSONALES - Expat Assurance","description":"Descubra nuestra pol\u00edtica de privacidad.Sus datos son importantes, Expat Assurance se compromete a protegerlos y respetarlos.","robots":{"index":"index","follow":"follow","max-snippet":"max-snippet:-1","max-image-preview":"max-image-preview:large","max-video-preview":"max-video-preview:-1"},"canonical":"https:\/\/expat-assurance.com\/es\/politica-proteccion-datos\/","og_locale":"es_ES","og_type":"article","og_title":"POL\u00cdTICA DE PROTECCI\u00d3N DE DATOS PERSONALES","og_description":"Descubra nuestra pol\u00edtica de privacidad.Sus datos son importantes, Expat Assurance se compromete a protegerlos y respetarlos.","og_url":"https:\/\/expat-assurance.com\/es\/politica-proteccion-datos\/","og_site_name":"Expat Assurance","article_publisher":"http:\/\/www.facebook.com\/expatassurance\/","article_modified_time":"2024-02-22T11:37:44+00:00","og_image":[{"url":"https:\/\/expat-assurance.com\/wp-content\/uploads\/2024\/01\/img_659571f77aa80.png","type":"","width":"","height":""}],"twitter_card":"summary_large_image","twitter_misc":{"Est. reading time":"7 minutes"},"schema":{"@context":"https:\/\/schema.org","@graph":[{"@type":"WebPage","@id":"https:\/\/expat-assurance.com\/es\/politica-proteccion-datos\/","url":"https:\/\/expat-assurance.com\/es\/politica-proteccion-datos\/","name":"POL\u00cdTICA DE PROTECCI\u00d3N DE DATOS PERSONALES - Expat Assurance","isPartOf":{"@id":"https:\/\/expat-assurance.com\/es\/#website"},"primaryImageOfPage":{"@id":"https:\/\/expat-assurance.com\/es\/politica-proteccion-datos\/#primaryimage"},"image":{"@id":"https:\/\/expat-assurance.com\/es\/politica-proteccion-datos\/#primaryimage"},"thumbnailUrl":"https:\/\/expat-assurance.com\/wp-content\/uploads\/2024\/01\/img_659571f77aa80.png","datePublished":"2020-12-03T08:18:08+00:00","dateModified":"2024-02-22T11:37:44+00:00","description":"Descubra nuestra pol\u00edtica de privacidad.Sus datos son importantes, Expat Assurance se compromete a protegerlos y respetarlos.","breadcrumb":{"@id":"https:\/\/expat-assurance.com\/es\/politica-proteccion-datos\/#breadcrumb"},"inLanguage":"es","potentialAction":[{"@type":"ReadAction","target":["https:\/\/expat-assurance.com\/es\/politica-proteccion-datos\/"]}]},{"@type":"ImageObject","inLanguage":"es","@id":"https:\/\/expat-assurance.com\/es\/politica-proteccion-datos\/#primaryimage","url":"https:\/\/expat-assurance.com\/wp-content\/uploads\/2024\/01\/img_659571f77aa80.png","contentUrl":"https:\/\/expat-assurance.com\/wp-content\/uploads\/2024\/01\/img_659571f77aa80.png"},{"@type":"BreadcrumbList","@id":"https:\/\/expat-assurance.com\/es\/politica-proteccion-datos\/#breadcrumb","itemListElement":[{"@type":"ListItem","position":1,"name":"Expat Assurance","item":"https:\/\/expat-assurance.com\/es\/"},{"@type":"ListItem","position":2,"name":"POL\u00cdTICA DE PROTECCI\u00d3N DE DATOS PERSONALES"}]},{"@type":"WebSite","@id":"https:\/\/expat-assurance.com\/es\/#website","url":"https:\/\/expat-assurance.com\/es\/","name":"Expat Assurance","description":"Expert de l&#039;assurance sant\u00e9 pour expatri\u00e9s sur le continent Am\u00e9ricain.","publisher":{"@id":"https:\/\/expat-assurance.com\/es\/#organization"},"potentialAction":[{"@type":"SearchAction","target":{"@type":"EntryPoint","urlTemplate":"https:\/\/expat-assurance.com\/es\/?s={search_term_string}"},"query-input":{"@type":"PropertyValueSpecification","valueRequired":true,"valueName":"search_term_string"}}],"inLanguage":"es"},{"@type":"Organization","@id":"https:\/\/expat-assurance.com\/es\/#organization","name":"Expat Assurance","url":"https:\/\/expat-assurance.com\/es\/","logo":{"@type":"ImageObject","inLanguage":"es","@id":"https:\/\/expat-assurance.com\/es\/#\/schema\/logo\/image\/","url":"https:\/\/expat-assurance.com\/wp-content\/uploads\/2020\/11\/expat-logo.svg","contentUrl":"https:\/\/expat-assurance.com\/wp-content\/uploads\/2020\/11\/expat-logo.svg","width":1,"height":1,"caption":"Expat Assurance"},"image":{"@id":"https:\/\/expat-assurance.com\/es\/#\/schema\/logo\/image\/"},"sameAs":["http:\/\/www.facebook.com\/expatassurance\/"]}]}},"_links":{"self":[{"href":"https:\/\/expat-assurance.com\/es\/wp-json\/wp\/v2\/pages\/12426"}],"collection":[{"href":"https:\/\/expat-assurance.com\/es\/wp-json\/wp\/v2\/pages"}],"about":[{"href":"https:\/\/expat-assurance.com\/es\/wp-json\/wp\/v2\/types\/page"}],"author":[{"embeddable":true,"href":"https:\/\/expat-assurance.com\/es\/wp-json\/wp\/v2\/users\/1"}],"replies":[{"embeddable":true,"href":"https:\/\/expat-assurance.com\/es\/wp-json\/wp\/v2\/comments?post=12426"}],"version-history":[{"count":2,"href":"https:\/\/expat-assurance.com\/es\/wp-json\/wp\/v2\/pages\/12426\/revisions"}],"predecessor-version":[{"id":39228,"href":"https:\/\/expat-assurance.com\/es\/wp-json\/wp\/v2\/pages\/12426\/revisions\/39228"}],"wp:attachment":[{"href":"https:\/\/expat-assurance.com\/es\/wp-json\/wp\/v2\/media?parent=12426"}],"curies":[{"name":"wp","href":"https:\/\/api.w.org\/{rel}","templated":true}]}}