{"id":12402,"date":"2020-12-03T01:17:51","date_gmt":"2020-12-03T07:17:51","guid":{"rendered":"https:\/\/expat-assurance.com\/?page_id=12402"},"modified":"2022-01-20T17:02:28","modified_gmt":"2022-01-20T15:02:28","slug":"contrato-temporal-o-largo-plazo","status":"publish","type":"page","link":"https:\/\/expat-assurance.com\/es\/contrato-temporal-o-largo-plazo\/","title":{"rendered":"\u00bfContrato temporal o a largo plazo?"},"content":{"rendered":"<h2>\u00bfContrato temporal o a largo plazo?<\/h2>\n<p>La selecci\u00f3n del tipo de contrato, es decir, decidirse por un <strong>seguro de expatriado temporal o de larga duraci\u00f3n<\/strong>, es muy importante porque la estructura contractual es muy variable. Cada uno se dirige a un tipo muy diferente de necesidad.<\/p>\n<p><strong>No se deje enga\u00f1ar por las atractivas tarifas de un seguro temporal<\/strong> de viaje o de expatriados. Si su estad\u00eda es superior a 12 meses, los potenciales riesgos son un aspecto importante a considerar.<\/p>\n<p>Las necesidades de un expatriado son muy diferentes de las de un viajero temporal por una raz\u00f3n muy simple. Al final de una estancia, un viajero temporal <strong>regresar\u00e1 al sistema europeo<\/strong> y volver\u00e1 a tener acceso a la seguridad social europea. No ocurre lo mismo con los expatriados.<\/p>\n<p>Un expatriado permanecer\u00e1 durante varios a\u00f1os o incluso pasar\u00e1 toda su vida en el extranjero. El contrato de seguro de expatriado debe evolucionar de acuerdo a las necesidades (<strong>familia, jubilaci\u00f3n<\/strong>) relacionadas con la vida en el extranjero. Puede ser necesario seguir a alguien si cambian de pa\u00eds, proponer <strong>una cobertura de por vida<\/strong>, y una renovaci\u00f3n autom\u00e1tica, \u00a1independiente del estado de salud de la persona!<\/p>\n<h2>Seguro de expatriados: contrato temporal (-12 meses)<\/h2>\n<h3>\u00bfEn qu\u00e9 casos debo optar por un contrato temporal?<\/h3>\n<p>Si usted va a pasar menos de un a\u00f1o en el extranjero antes de regresar a Europa.<br \/>\nEn este caso su seguro de expatriados tendr\u00e1 que ser temporal, y las garant\u00edas corresponden a una necesidad muy clara: seguro de salud, asistencia de repatriaci\u00f3n, seguro de equipaje, responsabilidad civil.<strong>Sin cobertura de maternidad<\/strong> u oftalmolog\u00eda\/dental (excepto en caso de accidente).Se entiende que cuando su estancia termina, ya no necesitar\u00e1 su seguro de expatriado y volver\u00e1 al sistema europeo.Si usted sabe que su estancia ser\u00e1 de <strong>m\u00e1s de 12 meses<\/strong>, antes de su partida, es esencial que opte por un <strong>seguro de expatriado a largo plazo<\/strong>, en lugar de tomar un seguro temporal, \u00a1incluso si se trata de una soluci\u00f3n menos costosa!<\/p>\n<h3>\u00bfPor qu\u00e9 no es m\u00e1s barato simplemente renovar mi seguro de expatriado temporal?<\/h3>\n<p>Si durante el primer contrato temporal usted tiene problemas de salud (enfermedad, accidente, hospitalizaci\u00f3n, etc.) que requieran un seguimiento m\u00e9dico o pueden implicar consecuencias futuras, la compa\u00f1\u00eda de seguros se negar\u00e1 a renovar su contrato temporal de expatriado. Y otras pueden negarse a asegurarle.<\/p>\n<p>Usted tendr\u00e1 dos opciones:<\/p>\n<ul>\n<li>Vivir en el extranjero sin seguro<\/li>\n<li><strong>Regresar a Europa<\/strong><\/li>\n<\/ul>\n<p>\u00a1Es por eso que estos contratos son m\u00e1s baratos, no asumen riesgos m\u00e1s all\u00e1 de los t\u00e9rminos del contrato!<\/p>\n<h3>Salgo por m\u00e1s de un a\u00f1o pero estar\u00e9 en diferentes pa\u00edses. \u00bfQu\u00e9 contrato me conviene?<\/h3>\n<p>Para una cobertura de seguro que dure m\u00e1s de un a\u00f1o, incluso en pa\u00edses diferentes, le recomendamos que realice un contrato a largo plazo para que la renovaci\u00f3n anual se realice de forma autom\u00e1tica y sin condiciones.<\/p>\n<h3>\u00bfCuales son los criterios claves para elegir un contrato temporal?<\/h3>\n<p>La elecci\u00f3n del producto es m\u00e1s simple y las ofertas son muy interesantes, por lo general ofrecen:<\/p>\n<ul>\n<li>Cobertura m\u00e9dica (hospitalizaci\u00f3n + servicios m\u00e9dicos de rutina)<\/li>\n<li>Asistencia de repatriaci\u00f3n<\/li>\n<li>Asistencia jur\u00eddica<\/li>\n<li>Prestaci\u00f3n por fallecimiento<\/li>\n<li>Seguro de equipaje<\/li>\n<li>Responsabilidad civil<\/li>\n<\/ul>\n<h2 class=\"fusion-responsive-typography-calculated\" data-fontsize=\"35\" data-lineheight=\"52.5px\">Seguro de expatriados: contrato a largo plazo (m\u00e1s de 12 meses)<\/h2>\n<p>Las necesidades de un expatriado difieren considerablemente de las de un viajero o becario, por lo que nuestros contratos de seguro de expatriados deben ofrecer caracter\u00edsticas adaptadas a estancias de larga duraci\u00f3n.<\/p>\n<h3>Sus opciones de seguro<\/h3>\n<p>Nuestros socios presentan una serie de garant\u00edas que van desde las m\u00e1s b\u00e1sicas hasta las m\u00e1s completas, proponiendo interesantes opciones llamadas Providence.<\/p>\n<p><a href=\"https:\/\/expat-assurance.com\/es\/opciones-seguro\/hospitalizacion\/\">Leer m\u00e1s\u2026<\/a><\/p>\n<h3>Nuestros servicios<\/h3>\n<p>Le ayudamos a elegir su seguro y sus opciones. Estamos presentes durante toda la vigencia de su contrato.<\/p>\n","protected":false},"excerpt":{"rendered":"<p>\u00bfContrato temporal o a largo plazo? La selecci\u00f3n del tipo de contrato, es decir, decidirse por un seguro de expatriado temporal o de larga duraci\u00f3n, es muy importante porque la estructura contractual es muy variable. Cada uno se dirige a un tipo muy diferente de necesidad. No se deje enga\u00f1ar por las atractivas tarifas de [&hellip;]<\/p>\n","protected":false},"author":11,"featured_media":0,"parent":0,"menu_order":0,"comment_status":"closed","ping_status":"closed","template":"","meta":{"footnotes":""},"acf":[],"yoast_head":"<!-- This site is optimized with the Yoast SEO Premium plugin v20.9 (Yoast SEO v24.5) - https:\/\/yoast.com\/wordpress\/plugins\/seo\/ -->\n<title>\u00bfContrato temporal o a largo plazo? - Expat Assurance<\/title>\n<meta name=\"description\" content=\"La elecci\u00f3n del contrato de seguro, temporal o a largo plazo, es crucial para su cobertura m\u00e9dica internacional. El consejo de nuestros expertos.\" \/>\n<meta name=\"robots\" content=\"index, follow, max-snippet:-1, max-image-preview:large, max-video-preview:-1\" \/>\n<link rel=\"canonical\" href=\"https:\/\/expat-assurance.com\/es\/contrato-temporal-o-largo-plazo\/\" \/>\n<meta property=\"og:locale\" content=\"es_ES\" \/>\n<meta property=\"og:type\" content=\"article\" \/>\n<meta property=\"og:title\" content=\"\u00bfContrato temporal o a largo plazo?\" \/>\n<meta property=\"og:description\" content=\"La elecci\u00f3n del contrato de seguro, temporal o a largo plazo, es crucial para su cobertura m\u00e9dica internacional. El consejo de nuestros expertos.\" \/>\n<meta property=\"og:url\" content=\"https:\/\/expat-assurance.com\/es\/contrato-temporal-o-largo-plazo\/\" \/>\n<meta property=\"og:site_name\" content=\"Expat Assurance\" \/>\n<meta property=\"article:publisher\" content=\"http:\/\/www.facebook.com\/expatassurance\/\" \/>\n<meta property=\"article:modified_time\" content=\"2022-01-20T15:02:28+00:00\" \/>\n<meta property=\"og:image\" content=\"https:\/\/expat-assurance.com\/wp-content\/uploads\/2019\/04\/Logo-EA-Sticker.jpg\" \/>\n\t<meta property=\"og:image:width\" content=\"1200\" \/>\n\t<meta property=\"og:image:height\" content=\"630\" \/>\n\t<meta property=\"og:image:type\" content=\"image\/jpeg\" \/>\n<meta name=\"twitter:card\" content=\"summary_large_image\" \/>\n<meta name=\"twitter:label1\" content=\"Est. reading time\" \/>\n\t<meta name=\"twitter:data1\" content=\"3 minutes\" \/>\n<script type=\"application\/ld+json\" class=\"yoast-schema-graph\">{\"@context\":\"https:\/\/schema.org\",\"@graph\":[{\"@type\":\"WebPage\",\"@id\":\"https:\/\/expat-assurance.com\/es\/contrato-temporal-o-largo-plazo\/\",\"url\":\"https:\/\/expat-assurance.com\/es\/contrato-temporal-o-largo-plazo\/\",\"name\":\"\u00bfContrato temporal o a largo plazo? - Expat Assurance\",\"isPartOf\":{\"@id\":\"https:\/\/expat-assurance.com\/es\/#website\"},\"datePublished\":\"2020-12-03T07:17:51+00:00\",\"dateModified\":\"2022-01-20T15:02:28+00:00\",\"description\":\"La elecci\u00f3n del contrato de seguro, temporal o a largo plazo, es crucial para su cobertura m\u00e9dica internacional. El consejo de nuestros expertos.\",\"breadcrumb\":{\"@id\":\"https:\/\/expat-assurance.com\/es\/contrato-temporal-o-largo-plazo\/#breadcrumb\"},\"inLanguage\":\"es\",\"potentialAction\":[{\"@type\":\"ReadAction\",\"target\":[\"https:\/\/expat-assurance.com\/es\/contrato-temporal-o-largo-plazo\/\"]}]},{\"@type\":\"BreadcrumbList\",\"@id\":\"https:\/\/expat-assurance.com\/es\/contrato-temporal-o-largo-plazo\/#breadcrumb\",\"itemListElement\":[{\"@type\":\"ListItem\",\"position\":1,\"name\":\"Expat Assurance\",\"item\":\"https:\/\/expat-assurance.com\/es\/\"},{\"@type\":\"ListItem\",\"position\":2,\"name\":\"\u00bfContrato temporal o a largo plazo?\"}]},{\"@type\":\"WebSite\",\"@id\":\"https:\/\/expat-assurance.com\/es\/#website\",\"url\":\"https:\/\/expat-assurance.com\/es\/\",\"name\":\"Expat Assurance\",\"description\":\"Expert de l&#039;assurance sant\u00e9 pour expatri\u00e9s sur le continent Am\u00e9ricain.\",\"publisher\":{\"@id\":\"https:\/\/expat-assurance.com\/es\/#organization\"},\"potentialAction\":[{\"@type\":\"SearchAction\",\"target\":{\"@type\":\"EntryPoint\",\"urlTemplate\":\"https:\/\/expat-assurance.com\/es\/?s={search_term_string}\"},\"query-input\":{\"@type\":\"PropertyValueSpecification\",\"valueRequired\":true,\"valueName\":\"search_term_string\"}}],\"inLanguage\":\"es\"},{\"@type\":\"Organization\",\"@id\":\"https:\/\/expat-assurance.com\/es\/#organization\",\"name\":\"Expat Assurance\",\"url\":\"https:\/\/expat-assurance.com\/es\/\",\"logo\":{\"@type\":\"ImageObject\",\"inLanguage\":\"es\",\"@id\":\"https:\/\/expat-assurance.com\/es\/#\/schema\/logo\/image\/\",\"url\":\"https:\/\/expat-assurance.com\/wp-content\/uploads\/2020\/11\/expat-logo.svg\",\"contentUrl\":\"https:\/\/expat-assurance.com\/wp-content\/uploads\/2020\/11\/expat-logo.svg\",\"width\":1,\"height\":1,\"caption\":\"Expat Assurance\"},\"image\":{\"@id\":\"https:\/\/expat-assurance.com\/es\/#\/schema\/logo\/image\/\"},\"sameAs\":[\"http:\/\/www.facebook.com\/expatassurance\/\"]}]}<\/script>\n<!-- \/ Yoast SEO Premium plugin. -->","yoast_head_json":{"title":"\u00bfContrato temporal o a largo plazo? - Expat Assurance","description":"La elecci\u00f3n del contrato de seguro, temporal o a largo plazo, es crucial para su cobertura m\u00e9dica internacional. El consejo de nuestros expertos.","robots":{"index":"index","follow":"follow","max-snippet":"max-snippet:-1","max-image-preview":"max-image-preview:large","max-video-preview":"max-video-preview:-1"},"canonical":"https:\/\/expat-assurance.com\/es\/contrato-temporal-o-largo-plazo\/","og_locale":"es_ES","og_type":"article","og_title":"\u00bfContrato temporal o a largo plazo?","og_description":"La elecci\u00f3n del contrato de seguro, temporal o a largo plazo, es crucial para su cobertura m\u00e9dica internacional. El consejo de nuestros expertos.","og_url":"https:\/\/expat-assurance.com\/es\/contrato-temporal-o-largo-plazo\/","og_site_name":"Expat Assurance","article_publisher":"http:\/\/www.facebook.com\/expatassurance\/","article_modified_time":"2022-01-20T15:02:28+00:00","og_image":[{"width":1200,"height":630,"url":"https:\/\/expat-assurance.com\/wp-content\/uploads\/2019\/04\/Logo-EA-Sticker.jpg","type":"image\/jpeg"}],"twitter_card":"summary_large_image","twitter_misc":{"Est. reading time":"3 minutes"},"schema":{"@context":"https:\/\/schema.org","@graph":[{"@type":"WebPage","@id":"https:\/\/expat-assurance.com\/es\/contrato-temporal-o-largo-plazo\/","url":"https:\/\/expat-assurance.com\/es\/contrato-temporal-o-largo-plazo\/","name":"\u00bfContrato temporal o a largo plazo? - Expat Assurance","isPartOf":{"@id":"https:\/\/expat-assurance.com\/es\/#website"},"datePublished":"2020-12-03T07:17:51+00:00","dateModified":"2022-01-20T15:02:28+00:00","description":"La elecci\u00f3n del contrato de seguro, temporal o a largo plazo, es crucial para su cobertura m\u00e9dica internacional. El consejo de nuestros expertos.","breadcrumb":{"@id":"https:\/\/expat-assurance.com\/es\/contrato-temporal-o-largo-plazo\/#breadcrumb"},"inLanguage":"es","potentialAction":[{"@type":"ReadAction","target":["https:\/\/expat-assurance.com\/es\/contrato-temporal-o-largo-plazo\/"]}]},{"@type":"BreadcrumbList","@id":"https:\/\/expat-assurance.com\/es\/contrato-temporal-o-largo-plazo\/#breadcrumb","itemListElement":[{"@type":"ListItem","position":1,"name":"Expat Assurance","item":"https:\/\/expat-assurance.com\/es\/"},{"@type":"ListItem","position":2,"name":"\u00bfContrato temporal o a largo plazo?"}]},{"@type":"WebSite","@id":"https:\/\/expat-assurance.com\/es\/#website","url":"https:\/\/expat-assurance.com\/es\/","name":"Expat Assurance","description":"Expert de l&#039;assurance sant\u00e9 pour expatri\u00e9s sur le continent Am\u00e9ricain.","publisher":{"@id":"https:\/\/expat-assurance.com\/es\/#organization"},"potentialAction":[{"@type":"SearchAction","target":{"@type":"EntryPoint","urlTemplate":"https:\/\/expat-assurance.com\/es\/?s={search_term_string}"},"query-input":{"@type":"PropertyValueSpecification","valueRequired":true,"valueName":"search_term_string"}}],"inLanguage":"es"},{"@type":"Organization","@id":"https:\/\/expat-assurance.com\/es\/#organization","name":"Expat Assurance","url":"https:\/\/expat-assurance.com\/es\/","logo":{"@type":"ImageObject","inLanguage":"es","@id":"https:\/\/expat-assurance.com\/es\/#\/schema\/logo\/image\/","url":"https:\/\/expat-assurance.com\/wp-content\/uploads\/2020\/11\/expat-logo.svg","contentUrl":"https:\/\/expat-assurance.com\/wp-content\/uploads\/2020\/11\/expat-logo.svg","width":1,"height":1,"caption":"Expat Assurance"},"image":{"@id":"https:\/\/expat-assurance.com\/es\/#\/schema\/logo\/image\/"},"sameAs":["http:\/\/www.facebook.com\/expatassurance\/"]}]}},"_links":{"self":[{"href":"https:\/\/expat-assurance.com\/es\/wp-json\/wp\/v2\/pages\/12402"}],"collection":[{"href":"https:\/\/expat-assurance.com\/es\/wp-json\/wp\/v2\/pages"}],"about":[{"href":"https:\/\/expat-assurance.com\/es\/wp-json\/wp\/v2\/types\/page"}],"author":[{"embeddable":true,"href":"https:\/\/expat-assurance.com\/es\/wp-json\/wp\/v2\/users\/11"}],"replies":[{"embeddable":true,"href":"https:\/\/expat-assurance.com\/es\/wp-json\/wp\/v2\/comments?post=12402"}],"version-history":[{"count":0,"href":"https:\/\/expat-assurance.com\/es\/wp-json\/wp\/v2\/pages\/12402\/revisions"}],"wp:attachment":[{"href":"https:\/\/expat-assurance.com\/es\/wp-json\/wp\/v2\/media?parent=12402"}],"curies":[{"name":"wp","href":"https:\/\/api.w.org\/{rel}","templated":true}]}}