{"id":37574,"date":"2023-11-01T14:36:00","date_gmt":"2023-11-01T12:36:00","guid":{"rendered":"https:\/\/expat-assurance.com\/politique-cookies\/"},"modified":"2024-02-22T09:48:24","modified_gmt":"2024-02-22T07:48:24","slug":"cookie-policy","status":"publish","type":"page","link":"https:\/\/expat-assurance.com\/en\/cookie-policy\/","title":{"rendered":"COOKIE POLICY"},"content":{"rendered":"<p><b>Cookies are very useful, both for you and for us. In this policy, we explain why we use cookies, which ones we use, and most importantly, how these cookies enhance your browsing experience.<\/b><\/p>\n<h2>1. <b><\/b><b>What is a cookie?<\/b><\/h2>\n<p><span style=\"font-weight: 400;\">A cookie is a small text file saved and\/or read by your browser on the hard drive of your device, which allows obtaining information related to your navigation on our website.<\/span><\/p>\n<h3><b>Necessary cookies<\/b> :<\/h3>\n<p><span style=\"font-weight: 400;\">Some enable or facilitate your navigation on our site, these are technical cookies, while others are necessary for the site to function, these are functionality cookies. Necessary cookies cannot be disabled as they are essential for the site&#8217;s operation.<\/span><\/p>\n<h3><span class=\"s2\"><b>Non-essential cookies<\/b> :<\/span><\/h3>\n<p><span style=\"font-weight: 400;\">They do not affect the quality of your navigation or the basic functions of the site. These include advertising or targeting cookies and those related to site performance. We or our partners always use them with your explicit consent.<\/span><\/p>\n<h3 class=\"p1\"><b>How long does a cookie last?<\/b><\/h3>\n<p class=\"p1\"><b>Some cookies are \u00ab\u00a0session cookies\u00a0\u00bb<\/b><span style=\"font-weight: 400;\">, meaning that they disappear as you leave the site.\u00a0<\/span><b>Others are called \u00ab\u00a0persistent\u00a0\u00bb, <\/b><span style=\"font-weight: 400;\">they remain on your device until their expiration or until you delete them using your browser\u2019s features.<\/span><\/p>\n<h2>2. <b>What are cookies used for<\/b>?<\/h2>\n<p class=\"p1\"><span style=\"font-weight: 400;\">Cookies enable<\/span> :<\/p>\n<ul>\n<li style=\"font-weight: 400;\" aria-level=\"1\"><b>The proper functioning of the site and our services <\/b><span style=\"font-weight: 400;\">by remembering your cookie preferences or ensuring security on our site, for example.\u00a0<\/span><\/li>\n<li style=\"font-weight: 400;\" aria-level=\"1\"><b>Improving navigation and experience<\/b><span style=\"font-weight: 400;\">\u00a0by using your language for example, or offering personalized content.<\/span><\/li>\n<li style=\"font-weight: 400;\" aria-level=\"1\"><b>Enhancing interactions with your social networks<\/b><span style=\"font-weight: 400;\">, such as LinkedIn or Facebook.<\/span><\/li>\n<li><b>Analysing site\u2019s use and traffic<\/b><span style=\"font-weight: 400;\"> to help us understand the performance of our site.<\/span><\/li>\n<\/ul>\n<h2>3. <b>Which cookies do we use<\/b>?<\/h2>\n<p><b>Technical and functionalities cookies<\/b><\/p>\n\n\n<figure class=\"wp-block-table\"><table><tbody><tr><td><strong>Name<\/strong><\/td><td><strong><strong>Description<\/strong><\/strong><\/td><td><strong><strong>Domain<\/strong><\/strong><\/td><td><strong><strong>Duration<\/strong><\/strong><\/td><\/tr><tr><td>WPML<\/td><td>Store the language of the user and can redirect him to the version of the website that matches with the browser language<\/td><td>.expat-assurance.com<\/td><td>1 day session, no expiration,<\/td><\/tr><tr><td>Elementor<\/td><td>Store the number of page views and active sessions of the user.<\/td><td>.expat-assurance.com<\/td><td>Session<\/td><\/tr><tr><td>Cloudflare<\/td><td>Protects websites from malicious traffic, used to uniquely identify the user<\/td><td>.expat-assurance.com<\/td><td>Session, 30 minutes, 1 minute, 1 day<\/td><\/tr><tr><td>Real Cookie banner<\/td><td>Store cookies preferences and users consent<\/td><td>.expat-assurance.com<\/td><td>365 days\u00a0<\/td><\/tr><tr><td>Google Tag Manager<\/td><td>Google Tag Management to trigger third-party scripts or send data to a third-party service.<\/td><td>.google.com<\/td><td>Session<\/td><\/tr><tr><td>YouTube<\/td><td>Integration of content published on youtube.com into websites to enrich websites with videos.<\/td><td>.youtube.com<\/td><td>Session, 1 day, 6 months, 9 months, 1 year, 13 months<\/td><\/tr><tr><td>Google maps<\/td><td>Integration of maps directly into websites to enhance them.<\/td><td>.google.com<\/td><td>6 months, 1 year, 13 months<\/td><\/tr><tr><td>Google fonts<\/td><td>Integration of fonts into websites to enhance them without installing fonts on your device.<\/td><td>.google.com<\/td><td><\/td><\/tr><tr><td>Facebook<\/td><td>Integration of content published on facebook.com into websites to enhance them.<\/td><td>.facebook.com<\/td><td>Session, 1 day, 7 days, 3 months, 1 year, 13 month, 2 years,<\/td><\/tr><tr><td>Google reCAPTCHA<\/td><td>Solution to prevent spam and detect bots<\/td><td>.google.com<\/td><td>Session, 1 day, 6 months, 1 year, 13 months<\/td><\/tr><\/tbody><\/table><\/figure>\n\n\n\n<p><\/p>\n\n\n\n<p><strong>Targeting and performance cookies (non-essential)<\/strong><\/p>\n\n\n\n<figure class=\"wp-block-table\"><table><tbody><tr><td><strong><strong>Name<\/strong><\/strong><\/td><td><strong>Description<\/strong><\/td><td><strong><strong>Domain<\/strong><\/strong><\/td><td><strong><strong>Duration<\/strong><\/strong><\/td><\/tr><tr><td>Google Analytics<\/td><td>Creates detailed statistics on user behavior on the site<\/td><td>.expat-assurance.com<\/td><td>24 months<\/td><\/tr><tr><td>HubSpot<\/td><td>Records sessions and adjusts session data, visitor tracking<\/td><td>hubspot.com<\/td><td>5 months<\/td><\/tr><tr><td>Facebook<\/td><td>Enables the embedding of Facebook pages \/ share and like buttons into websites to enhance the website<\/td><td>.facebook.com<\/td><td>1 year, 7 days,\u00a0 1 year, 13 months<\/td><\/tr><\/tbody><\/table><\/figure>\n\n\n\n<h2 class=\"wp-block-heading\" id=\"h-4-how-to-manage-your-cookies\">4. <strong>How to manage your cookies<\/strong>?&nbsp;<\/h2>\n\n\n\n<p>Most browsers allow you to decline cookies. The methods to do so vary from one browser to another and from one version to another.<\/p>\n\n\n\n<ul>\n<li><a href=\"https:\/\/support.google.com\/accounts\/answer\/61416?co=GENIE.Platform%3DDesktop&amp;hl=en&amp;sjid=8302928104605056107-EU\" target=\"_blank\" rel=\"noreferrer noopener\">Google Chrome<\/a><\/li>\n\n\n\n<li><a href=\"https:\/\/support.mozilla.org\/en-US\/kb\/block-websites-storing-cookies-site-data-firefox\" target=\"_blank\" rel=\"noreferrer noopener\">Mozilla Firefox<\/a><\/li>\n\n\n\n<li><a href=\"https:\/\/help.opera.com\/en\/latest\/web-preferences\/\" target=\"_blank\" rel=\"noreferrer noopener\">Opera<\/a><\/li>\n\n\n\n<li><a href=\"https:\/\/support.microsoft.com\/en-us\/windows\/delete-and-manage-cookies-168dab11-0753-043d-7c16-ede5947fc64d\" target=\"_blank\" rel=\"noreferrer noopener\">Internet explorer<\/a><\/li>\n\n\n\n<li><a href=\"https:\/\/support.apple.com\/en-ie\/guide\/safari\/ibrw850f6c51\/mac\" target=\"_blank\" rel=\"noreferrer noopener\">Safari<\/a><\/li>\n\n\n\n<li><a href=\"https:\/\/support.microsoft.com\/en-us\/windows\/microsoft-edge-browsing-data-and-privacy-bb8174ba-9d73-dcf2-9b4a-c582b4e640dd\" target=\"_blank\" rel=\"noreferrer noopener\">Microsoft Edge<\/a><\/li>\n<\/ul>\n\n\n\n<p>Configuring your browser to decline or restrict the use of cookies may limit access to certain services, pages, or content and certain features of our site.<\/p>\n\n\n<p><style>.singePostHubspotSection,.relatedPostsSection,.stickySection{display:none!important}<\/style>\n<\/p>","protected":false},"excerpt":{"rendered":"<p>Cookies are very useful, both for you and for us. In this policy, we explain why we use cookies, which ones we use, and most importantly, how these cookies enhance your browsing experience. 1. What is a cookie? A cookie is a small text file saved and\/or read by your browser on the hard drive [&hellip;]<\/p>\n","protected":false},"author":5,"featured_media":0,"parent":0,"menu_order":0,"comment_status":"closed","ping_status":"closed","template":"","meta":{"footnotes":""},"acf":[],"yoast_head":"<!-- This site is optimized with the Yoast SEO Premium plugin v20.9 (Yoast SEO v24.5) - https:\/\/yoast.com\/wordpress\/plugins\/seo\/ -->\n<title>COOKIE POLICY - Expat Assurance<\/title>\n<meta name=\"robots\" content=\"index, follow, max-snippet:-1, max-image-preview:large, max-video-preview:-1\" \/>\n<link rel=\"canonical\" href=\"https:\/\/expat-assurance.com\/en\/cookie-policy\/\" \/>\n<meta property=\"og:locale\" content=\"en_US\" \/>\n<meta property=\"og:type\" content=\"article\" \/>\n<meta property=\"og:title\" content=\"COOKIE POLICY\" \/>\n<meta property=\"og:description\" content=\"Cookies are very useful, both for you and for us. In this policy, we explain why we use cookies, which ones we use, and most importantly, how these cookies enhance your browsing experience. 1. What is a cookie? A cookie is a small text file saved and\/or read by your browser on the hard drive [&hellip;]\" \/>\n<meta property=\"og:url\" content=\"https:\/\/expat-assurance.com\/en\/cookie-policy\/\" \/>\n<meta property=\"og:site_name\" content=\"Expat Assurance\" \/>\n<meta property=\"article:publisher\" content=\"http:\/\/www.facebook.com\/expatassurance\/\" \/>\n<meta property=\"article:modified_time\" content=\"2024-02-22T07:48:24+00:00\" \/>\n<meta property=\"og:image\" content=\"https:\/\/expat-assurance.com\/wp-content\/uploads\/2019\/04\/Logo-EA-Sticker.jpg\" \/>\n\t<meta property=\"og:image:width\" content=\"1200\" \/>\n\t<meta property=\"og:image:height\" content=\"630\" \/>\n\t<meta property=\"og:image:type\" content=\"image\/jpeg\" \/>\n<meta name=\"twitter:card\" content=\"summary_large_image\" \/>\n<meta name=\"twitter:label1\" content=\"Est. reading time\" \/>\n\t<meta name=\"twitter:data1\" content=\"3 minutes\" \/>\n<script type=\"application\/ld+json\" class=\"yoast-schema-graph\">{\"@context\":\"https:\/\/schema.org\",\"@graph\":[{\"@type\":\"WebPage\",\"@id\":\"https:\/\/expat-assurance.com\/en\/cookie-policy\/\",\"url\":\"https:\/\/expat-assurance.com\/en\/cookie-policy\/\",\"name\":\"COOKIE POLICY - Expat Assurance\",\"isPartOf\":{\"@id\":\"https:\/\/expat-assurance.com\/en\/#website\"},\"datePublished\":\"2023-11-01T12:36:00+00:00\",\"dateModified\":\"2024-02-22T07:48:24+00:00\",\"breadcrumb\":{\"@id\":\"https:\/\/expat-assurance.com\/en\/cookie-policy\/#breadcrumb\"},\"inLanguage\":\"en\",\"potentialAction\":[{\"@type\":\"ReadAction\",\"target\":[\"https:\/\/expat-assurance.com\/en\/cookie-policy\/\"]}]},{\"@type\":\"BreadcrumbList\",\"@id\":\"https:\/\/expat-assurance.com\/en\/cookie-policy\/#breadcrumb\",\"itemListElement\":[{\"@type\":\"ListItem\",\"position\":1,\"name\":\"Expat Assurance\",\"item\":\"https:\/\/expat-assurance.com\/en\/\"},{\"@type\":\"ListItem\",\"position\":2,\"name\":\"COOKIE POLICY\"}]},{\"@type\":\"WebSite\",\"@id\":\"https:\/\/expat-assurance.com\/en\/#website\",\"url\":\"https:\/\/expat-assurance.com\/en\/\",\"name\":\"Expat Assurance\",\"description\":\"Expert de l&#039;assurance sant\u00e9 pour expatri\u00e9s sur le continent Am\u00e9ricain.\",\"publisher\":{\"@id\":\"https:\/\/expat-assurance.com\/en\/#organization\"},\"potentialAction\":[{\"@type\":\"SearchAction\",\"target\":{\"@type\":\"EntryPoint\",\"urlTemplate\":\"https:\/\/expat-assurance.com\/en\/?s={search_term_string}\"},\"query-input\":{\"@type\":\"PropertyValueSpecification\",\"valueRequired\":true,\"valueName\":\"search_term_string\"}}],\"inLanguage\":\"en\"},{\"@type\":\"Organization\",\"@id\":\"https:\/\/expat-assurance.com\/en\/#organization\",\"name\":\"Expat Assurance\",\"url\":\"https:\/\/expat-assurance.com\/en\/\",\"logo\":{\"@type\":\"ImageObject\",\"inLanguage\":\"en\",\"@id\":\"https:\/\/expat-assurance.com\/en\/#\/schema\/logo\/image\/\",\"url\":\"https:\/\/expat-assurance.com\/wp-content\/uploads\/2020\/11\/expat-logo.svg\",\"contentUrl\":\"https:\/\/expat-assurance.com\/wp-content\/uploads\/2020\/11\/expat-logo.svg\",\"width\":1,\"height\":1,\"caption\":\"Expat Assurance\"},\"image\":{\"@id\":\"https:\/\/expat-assurance.com\/en\/#\/schema\/logo\/image\/\"},\"sameAs\":[\"http:\/\/www.facebook.com\/expatassurance\/\"]}]}<\/script>\n<!-- \/ Yoast SEO Premium plugin. -->","yoast_head_json":{"title":"COOKIE POLICY - Expat Assurance","robots":{"index":"index","follow":"follow","max-snippet":"max-snippet:-1","max-image-preview":"max-image-preview:large","max-video-preview":"max-video-preview:-1"},"canonical":"https:\/\/expat-assurance.com\/en\/cookie-policy\/","og_locale":"en_US","og_type":"article","og_title":"COOKIE POLICY","og_description":"Cookies are very useful, both for you and for us. In this policy, we explain why we use cookies, which ones we use, and most importantly, how these cookies enhance your browsing experience. 1. What is a cookie? A cookie is a small text file saved and\/or read by your browser on the hard drive [&hellip;]","og_url":"https:\/\/expat-assurance.com\/en\/cookie-policy\/","og_site_name":"Expat Assurance","article_publisher":"http:\/\/www.facebook.com\/expatassurance\/","article_modified_time":"2024-02-22T07:48:24+00:00","og_image":[{"width":1200,"height":630,"url":"https:\/\/expat-assurance.com\/wp-content\/uploads\/2019\/04\/Logo-EA-Sticker.jpg","type":"image\/jpeg"}],"twitter_card":"summary_large_image","twitter_misc":{"Est. reading time":"3 minutes"},"schema":{"@context":"https:\/\/schema.org","@graph":[{"@type":"WebPage","@id":"https:\/\/expat-assurance.com\/en\/cookie-policy\/","url":"https:\/\/expat-assurance.com\/en\/cookie-policy\/","name":"COOKIE POLICY - Expat Assurance","isPartOf":{"@id":"https:\/\/expat-assurance.com\/en\/#website"},"datePublished":"2023-11-01T12:36:00+00:00","dateModified":"2024-02-22T07:48:24+00:00","breadcrumb":{"@id":"https:\/\/expat-assurance.com\/en\/cookie-policy\/#breadcrumb"},"inLanguage":"en","potentialAction":[{"@type":"ReadAction","target":["https:\/\/expat-assurance.com\/en\/cookie-policy\/"]}]},{"@type":"BreadcrumbList","@id":"https:\/\/expat-assurance.com\/en\/cookie-policy\/#breadcrumb","itemListElement":[{"@type":"ListItem","position":1,"name":"Expat Assurance","item":"https:\/\/expat-assurance.com\/en\/"},{"@type":"ListItem","position":2,"name":"COOKIE POLICY"}]},{"@type":"WebSite","@id":"https:\/\/expat-assurance.com\/en\/#website","url":"https:\/\/expat-assurance.com\/en\/","name":"Expat Assurance","description":"Expert de l&#039;assurance sant\u00e9 pour expatri\u00e9s sur le continent Am\u00e9ricain.","publisher":{"@id":"https:\/\/expat-assurance.com\/en\/#organization"},"potentialAction":[{"@type":"SearchAction","target":{"@type":"EntryPoint","urlTemplate":"https:\/\/expat-assurance.com\/en\/?s={search_term_string}"},"query-input":{"@type":"PropertyValueSpecification","valueRequired":true,"valueName":"search_term_string"}}],"inLanguage":"en"},{"@type":"Organization","@id":"https:\/\/expat-assurance.com\/en\/#organization","name":"Expat Assurance","url":"https:\/\/expat-assurance.com\/en\/","logo":{"@type":"ImageObject","inLanguage":"en","@id":"https:\/\/expat-assurance.com\/en\/#\/schema\/logo\/image\/","url":"https:\/\/expat-assurance.com\/wp-content\/uploads\/2020\/11\/expat-logo.svg","contentUrl":"https:\/\/expat-assurance.com\/wp-content\/uploads\/2020\/11\/expat-logo.svg","width":1,"height":1,"caption":"Expat Assurance"},"image":{"@id":"https:\/\/expat-assurance.com\/en\/#\/schema\/logo\/image\/"},"sameAs":["http:\/\/www.facebook.com\/expatassurance\/"]}]}},"_links":{"self":[{"href":"https:\/\/expat-assurance.com\/en\/wp-json\/wp\/v2\/pages\/37574"}],"collection":[{"href":"https:\/\/expat-assurance.com\/en\/wp-json\/wp\/v2\/pages"}],"about":[{"href":"https:\/\/expat-assurance.com\/en\/wp-json\/wp\/v2\/types\/page"}],"author":[{"embeddable":true,"href":"https:\/\/expat-assurance.com\/en\/wp-json\/wp\/v2\/users\/5"}],"replies":[{"embeddable":true,"href":"https:\/\/expat-assurance.com\/en\/wp-json\/wp\/v2\/comments?post=37574"}],"version-history":[{"count":5,"href":"https:\/\/expat-assurance.com\/en\/wp-json\/wp\/v2\/pages\/37574\/revisions"}],"predecessor-version":[{"id":39216,"href":"https:\/\/expat-assurance.com\/en\/wp-json\/wp\/v2\/pages\/37574\/revisions\/39216"}],"wp:attachment":[{"href":"https:\/\/expat-assurance.com\/en\/wp-json\/wp\/v2\/media?parent=37574"}],"curies":[{"name":"wp","href":"https:\/\/api.w.org\/{rel}","templated":true}]}}