{"id":12940,"date":"2020-12-04T09:37:46","date_gmt":"2020-12-04T15:37:46","guid":{"rendered":"https:\/\/expat-assurance.com\/?page_id=12940"},"modified":"2020-12-18T07:58:50","modified_gmt":"2020-12-18T05:58:50","slug":"insurance-common-exclusions","status":"publish","type":"page","link":"https:\/\/expat-assurance.com\/en\/insurance-common-exclusions\/","title":{"rendered":"Insurance: common exclusions"},"content":{"rendered":"<h2> Common exclusions from health insurance<\/h2>\n<p>In order to avoid misunderstandings regarding the benefits of a health and provident insurance contract, here is a list of the exclusions we encounter most frequently.<\/p>\n<p>It is very important to know them, they are always detailed on the general conditions of your contract which unfortunately nobody consults.<\/p>\n<ul>\n<li> Treatment requiring prior agreement provided without prior agreement (physiotherapy, speech therapy, dentures, implants, orthodontics, usually most serial treatments).<\/li>\n<li>Ancillary costs (other than those provided for in the Table of Benefits) for Hospitalisation or extravagant, unreasonable or unusual costs in relation to the country in which they were incurred.<\/li>\n<li>Psychologist consultations, psychotherapy treatments.<\/li>\n<li>Parapharmacy fees, cosmetic care, hygiene products, sun and\/or moisturizing creams, make-up products, comfort treatments, vitamins and minerals, food supplements, diet products, baby food, mineral waters.<\/li>\n<li>Treatment of alcoholism, drug addiction or any other addiction or disease related to such addiction; stays in gerontology, medical-pedagogical institutes and similar institutions.<\/li>\n<p>.<\/p>\n<li>Stays in a rest or convalescent home not following a hospitalization related to a Critical Illness ?or an accident.<\/li>\n<p>Stays in a rest or convalescent home not following a hospitalization related to a Critical Illness ?or an accident.<\/p>\n<li> Growth hormones.<\/li>\n<li> Aesthetic surgery.<\/li>\n<li>The use of alcohol and its consequences in accordance with the legislation in force in the country of occurrence.<\/li>\n<li>Hunting.<\/li>\n<li>Pre-existing accidents or illnesses prior to the effective date of the contract, subject to relapse or unconsolidated, congenital illnesses or malformations and not declared at the time of enrolment.<\/li>\n<p>Accidents or illnesses prior to the effective date of the contract, subject to relapse or unconsolidated, congenital illnesses or malformations and not declared at the time of enrolment.<\/p>\n<li>Participation in all sports competitions and training sessions, the practice of sports within the framework of a club or a federation in a professional capacity, as well as any sport requiring the use of any land, water or air locomotion device.<\/li>\n<p>.<\/p>\n<li>The practice of dangerous sports such as : driving a car, motorcycle or karting, parachuting, mountaineering, climbing (except on artificial supports), rock climbing, scuba diving (except freediving at less than 50 meters), speleology, skeleton, ski jumping, bobsleigh, bungee jumping, rafting, canyoning, kitesurfing, hot air ballooning, jet-skiing, as well as the following sports practiced off-piste: skiing, cross-country skiing, tobogganing, snowboarding.<\/li>\n<\/ul>\n","protected":false},"excerpt":{"rendered":"<p>Common exclusions from health insurance In order to avoid misunderstandings regarding the benefits of a health and provident insurance contract, here is a list of the exclusions we encounter most frequently. It is very important to know them, they are always detailed on the general conditions of your contract which unfortunately nobody consults. Treatment requiring [&hellip;]<\/p>\n","protected":false},"author":11,"featured_media":0,"parent":0,"menu_order":0,"comment_status":"closed","ping_status":"closed","template":"","meta":{"footnotes":""},"acf":[],"yoast_head":"<!-- This site is optimized with the Yoast SEO Premium plugin v20.9 (Yoast SEO v24.5) - https:\/\/yoast.com\/wordpress\/plugins\/seo\/ -->\n<title>Insurance: common exclusions - Expat Assurance<\/title>\n<meta name=\"description\" content=\"Leanr more aboout what is or is not included in your international health insurance policy, and never be suprised!\" \/>\n<meta name=\"robots\" content=\"index, follow, max-snippet:-1, max-image-preview:large, max-video-preview:-1\" \/>\n<link rel=\"canonical\" href=\"https:\/\/expat-assurance.com\/en\/insurance-common-exclusions\/\" \/>\n<meta property=\"og:locale\" content=\"en_US\" \/>\n<meta property=\"og:type\" content=\"article\" \/>\n<meta property=\"og:title\" content=\"Insurance: common exclusions\" \/>\n<meta property=\"og:description\" content=\"Leanr more aboout what is or is not included in your international health insurance policy, and never be suprised!\" \/>\n<meta property=\"og:url\" content=\"https:\/\/expat-assurance.com\/en\/insurance-common-exclusions\/\" \/>\n<meta property=\"og:site_name\" content=\"Expat Assurance\" \/>\n<meta property=\"article:publisher\" content=\"http:\/\/www.facebook.com\/expatassurance\/\" \/>\n<meta property=\"article:modified_time\" content=\"2020-12-18T05:58:50+00:00\" \/>\n<meta property=\"og:image\" content=\"https:\/\/expat-assurance.com\/wp-content\/uploads\/2019\/04\/Logo-EA-Sticker.jpg\" \/>\n\t<meta property=\"og:image:width\" content=\"1200\" \/>\n\t<meta property=\"og:image:height\" content=\"630\" \/>\n\t<meta property=\"og:image:type\" content=\"image\/jpeg\" \/>\n<meta name=\"twitter:card\" content=\"summary_large_image\" \/>\n<meta name=\"twitter:label1\" content=\"Est. reading time\" \/>\n\t<meta name=\"twitter:data1\" content=\"2 minutes\" \/>\n<script type=\"application\/ld+json\" class=\"yoast-schema-graph\">{\"@context\":\"https:\/\/schema.org\",\"@graph\":[{\"@type\":\"WebPage\",\"@id\":\"https:\/\/expat-assurance.com\/en\/insurance-common-exclusions\/\",\"url\":\"https:\/\/expat-assurance.com\/en\/insurance-common-exclusions\/\",\"name\":\"Insurance: common exclusions - Expat Assurance\",\"isPartOf\":{\"@id\":\"https:\/\/expat-assurance.com\/en\/#website\"},\"datePublished\":\"2020-12-04T15:37:46+00:00\",\"dateModified\":\"2020-12-18T05:58:50+00:00\",\"description\":\"Leanr more aboout what is or is not included in your international health insurance policy, and never be suprised!\",\"breadcrumb\":{\"@id\":\"https:\/\/expat-assurance.com\/en\/insurance-common-exclusions\/#breadcrumb\"},\"inLanguage\":\"en\",\"potentialAction\":[{\"@type\":\"ReadAction\",\"target\":[\"https:\/\/expat-assurance.com\/en\/insurance-common-exclusions\/\"]}]},{\"@type\":\"BreadcrumbList\",\"@id\":\"https:\/\/expat-assurance.com\/en\/insurance-common-exclusions\/#breadcrumb\",\"itemListElement\":[{\"@type\":\"ListItem\",\"position\":1,\"name\":\"Expat Assurance\",\"item\":\"https:\/\/expat-assurance.com\/en\/\"},{\"@type\":\"ListItem\",\"position\":2,\"name\":\"Insurance: common exclusions\"}]},{\"@type\":\"WebSite\",\"@id\":\"https:\/\/expat-assurance.com\/en\/#website\",\"url\":\"https:\/\/expat-assurance.com\/en\/\",\"name\":\"Expat Assurance\",\"description\":\"Expert de l&#039;assurance sant\u00e9 pour expatri\u00e9s sur le continent Am\u00e9ricain.\",\"publisher\":{\"@id\":\"https:\/\/expat-assurance.com\/en\/#organization\"},\"potentialAction\":[{\"@type\":\"SearchAction\",\"target\":{\"@type\":\"EntryPoint\",\"urlTemplate\":\"https:\/\/expat-assurance.com\/en\/?s={search_term_string}\"},\"query-input\":{\"@type\":\"PropertyValueSpecification\",\"valueRequired\":true,\"valueName\":\"search_term_string\"}}],\"inLanguage\":\"en\"},{\"@type\":\"Organization\",\"@id\":\"https:\/\/expat-assurance.com\/en\/#organization\",\"name\":\"Expat Assurance\",\"url\":\"https:\/\/expat-assurance.com\/en\/\",\"logo\":{\"@type\":\"ImageObject\",\"inLanguage\":\"en\",\"@id\":\"https:\/\/expat-assurance.com\/en\/#\/schema\/logo\/image\/\",\"url\":\"https:\/\/expat-assurance.com\/wp-content\/uploads\/2020\/11\/expat-logo.svg\",\"contentUrl\":\"https:\/\/expat-assurance.com\/wp-content\/uploads\/2020\/11\/expat-logo.svg\",\"width\":1,\"height\":1,\"caption\":\"Expat Assurance\"},\"image\":{\"@id\":\"https:\/\/expat-assurance.com\/en\/#\/schema\/logo\/image\/\"},\"sameAs\":[\"http:\/\/www.facebook.com\/expatassurance\/\"]}]}<\/script>\n<!-- \/ Yoast SEO Premium plugin. -->","yoast_head_json":{"title":"Insurance: common exclusions - Expat Assurance","description":"Leanr more aboout what is or is not included in your international health insurance policy, and never be suprised!","robots":{"index":"index","follow":"follow","max-snippet":"max-snippet:-1","max-image-preview":"max-image-preview:large","max-video-preview":"max-video-preview:-1"},"canonical":"https:\/\/expat-assurance.com\/en\/insurance-common-exclusions\/","og_locale":"en_US","og_type":"article","og_title":"Insurance: common exclusions","og_description":"Leanr more aboout what is or is not included in your international health insurance policy, and never be suprised!","og_url":"https:\/\/expat-assurance.com\/en\/insurance-common-exclusions\/","og_site_name":"Expat Assurance","article_publisher":"http:\/\/www.facebook.com\/expatassurance\/","article_modified_time":"2020-12-18T05:58:50+00:00","og_image":[{"width":1200,"height":630,"url":"https:\/\/expat-assurance.com\/wp-content\/uploads\/2019\/04\/Logo-EA-Sticker.jpg","type":"image\/jpeg"}],"twitter_card":"summary_large_image","twitter_misc":{"Est. reading time":"2 minutes"},"schema":{"@context":"https:\/\/schema.org","@graph":[{"@type":"WebPage","@id":"https:\/\/expat-assurance.com\/en\/insurance-common-exclusions\/","url":"https:\/\/expat-assurance.com\/en\/insurance-common-exclusions\/","name":"Insurance: common exclusions - Expat Assurance","isPartOf":{"@id":"https:\/\/expat-assurance.com\/en\/#website"},"datePublished":"2020-12-04T15:37:46+00:00","dateModified":"2020-12-18T05:58:50+00:00","description":"Leanr more aboout what is or is not included in your international health insurance policy, and never be suprised!","breadcrumb":{"@id":"https:\/\/expat-assurance.com\/en\/insurance-common-exclusions\/#breadcrumb"},"inLanguage":"en","potentialAction":[{"@type":"ReadAction","target":["https:\/\/expat-assurance.com\/en\/insurance-common-exclusions\/"]}]},{"@type":"BreadcrumbList","@id":"https:\/\/expat-assurance.com\/en\/insurance-common-exclusions\/#breadcrumb","itemListElement":[{"@type":"ListItem","position":1,"name":"Expat Assurance","item":"https:\/\/expat-assurance.com\/en\/"},{"@type":"ListItem","position":2,"name":"Insurance: common exclusions"}]},{"@type":"WebSite","@id":"https:\/\/expat-assurance.com\/en\/#website","url":"https:\/\/expat-assurance.com\/en\/","name":"Expat Assurance","description":"Expert de l&#039;assurance sant\u00e9 pour expatri\u00e9s sur le continent Am\u00e9ricain.","publisher":{"@id":"https:\/\/expat-assurance.com\/en\/#organization"},"potentialAction":[{"@type":"SearchAction","target":{"@type":"EntryPoint","urlTemplate":"https:\/\/expat-assurance.com\/en\/?s={search_term_string}"},"query-input":{"@type":"PropertyValueSpecification","valueRequired":true,"valueName":"search_term_string"}}],"inLanguage":"en"},{"@type":"Organization","@id":"https:\/\/expat-assurance.com\/en\/#organization","name":"Expat Assurance","url":"https:\/\/expat-assurance.com\/en\/","logo":{"@type":"ImageObject","inLanguage":"en","@id":"https:\/\/expat-assurance.com\/en\/#\/schema\/logo\/image\/","url":"https:\/\/expat-assurance.com\/wp-content\/uploads\/2020\/11\/expat-logo.svg","contentUrl":"https:\/\/expat-assurance.com\/wp-content\/uploads\/2020\/11\/expat-logo.svg","width":1,"height":1,"caption":"Expat Assurance"},"image":{"@id":"https:\/\/expat-assurance.com\/en\/#\/schema\/logo\/image\/"},"sameAs":["http:\/\/www.facebook.com\/expatassurance\/"]}]}},"_links":{"self":[{"href":"https:\/\/expat-assurance.com\/en\/wp-json\/wp\/v2\/pages\/12940"}],"collection":[{"href":"https:\/\/expat-assurance.com\/en\/wp-json\/wp\/v2\/pages"}],"about":[{"href":"https:\/\/expat-assurance.com\/en\/wp-json\/wp\/v2\/types\/page"}],"author":[{"embeddable":true,"href":"https:\/\/expat-assurance.com\/en\/wp-json\/wp\/v2\/users\/11"}],"replies":[{"embeddable":true,"href":"https:\/\/expat-assurance.com\/en\/wp-json\/wp\/v2\/comments?post=12940"}],"version-history":[{"count":0,"href":"https:\/\/expat-assurance.com\/en\/wp-json\/wp\/v2\/pages\/12940\/revisions"}],"wp:attachment":[{"href":"https:\/\/expat-assurance.com\/en\/wp-json\/wp\/v2\/media?parent=12940"}],"curies":[{"name":"wp","href":"https:\/\/api.w.org\/{rel}","templated":true}]}}